{"id":818,"date":"2024-07-09T05:48:34","date_gmt":"2024-07-09T05:48:34","guid":{"rendered":"https:\/\/www.winsonda.com\/?page_id=818"},"modified":"2024-08-27T08:17:11","modified_gmt":"2024-08-27T08:17:11","slug":"water","status":"publish","type":"page","link":"https:\/\/www.winsonda.com\/tr\/water\/","title":{"rendered":"Su Kirlili\u011fi"},"content":{"rendered":"<div data-elementor-type=\"wp-page\" data-elementor-id=\"818\" class=\"elementor elementor-818\" data-elementor-post-type=\"page\">\n\t\t\t\t\t\t<section class=\"elementor-section elementor-top-section elementor-element elementor-element-71b7dae elementor-section-full_width elementor-section-height-default elementor-section-height-default\" data-id=\"71b7dae\" data-element_type=\"section\">\n\t\t\t\t\t\t<div class=\"elementor-container elementor-column-gap-no\">\n\t\t\t\t\t<div class=\"elementor-column elementor-col-100 elementor-top-column elementor-element elementor-element-d3aebd9\" data-id=\"d3aebd9\" data-element_type=\"column\">\n\t\t\t<div class=\"elementor-widget-wrap elementor-element-populated\">\n\t\t\t\t\t\t<div class=\"elementor-element elementor-element-cb080cd elementor-widget elementor-widget-image\" data-id=\"cb080cd\" data-element_type=\"widget\" data-widget_type=\"image.default\">\n\t\t\t\t<div class=\"elementor-widget-container\">\n\t\t\t<style>\/*! elementor - v3.22.0 - 24-06-2024 *\/\n.elementor-widget-image{text-align:center}.elementor-widget-image a{display:inline-block}.elementor-widget-image a img[src$=\".svg\"]{width:48px}.elementor-widget-image img{vertical-align:middle;display:inline-block}<\/style>\t\t\t\t\t\t\t\t\t\t<img fetchpriority=\"high\" decoding=\"async\" width=\"1920\" height=\"750\" src=\"https:\/\/www.winsonda.com\/wp-content\/uploads\/2024\/07\/water-contamination-oil-1720510762.webp\" class=\"attachment-full size-full wp-image-891\" alt=\"Su Kirlili\u011fi\" srcset=\"https:\/\/www.winsonda.com\/wp-content\/uploads\/2024\/07\/water-contamination-oil-1720510762.webp 1920w, https:\/\/www.winsonda.com\/wp-content\/uploads\/2024\/07\/water-contamination-oil-1720510762-300x117.webp 300w, https:\/\/www.winsonda.com\/wp-content\/uploads\/2024\/07\/water-contamination-oil-1720510762-1024x400.webp 1024w, https:\/\/www.winsonda.com\/wp-content\/uploads\/2024\/07\/water-contamination-oil-1720510762-768x300.webp 768w, https:\/\/www.winsonda.com\/wp-content\/uploads\/2024\/07\/water-contamination-oil-1720510762-1536x600.webp 1536w\" sizes=\"(max-width: 1920px) 100vw, 1920px\" title=\"|\">\t\t\t\t\t\t\t\t\t\t\t\t\t<\/div>\n\t\t\t\t<\/div>\n\t\t\t\t<section class=\"elementor-section elementor-inner-section elementor-element elementor-element-2d0e79a elementor-section-boxed elementor-section-height-default elementor-section-height-default\" data-id=\"2d0e79a\" data-element_type=\"section\">\n\t\t\t\t\t\t<div class=\"elementor-container elementor-column-gap-no\">\n\t\t\t\t\t<div class=\"elementor-column elementor-col-100 elementor-inner-column elementor-element elementor-element-ef77e34\" data-id=\"ef77e34\" data-element_type=\"column\">\n\t\t\t<div class=\"elementor-widget-wrap elementor-element-populated\">\n\t\t\t\t\t\t<div class=\"elementor-element elementor-element-af8650d elementor-widget elementor-widget-heading\" data-id=\"af8650d\" data-element_type=\"widget\" data-widget_type=\"heading.default\">\n\t\t\t\t<div class=\"elementor-widget-container\">\n\t\t\t<style>\/*! elementor - v3.22.0 - 24-06-2024 *\/\n.elementor-heading-title{padding:0;margin:0;line-height:1}.elementor-widget-heading .elementor-heading-title[class*=elementor-size-]>a{color:inherit;font-size:inherit;line-height:inherit}.elementor-widget-heading .elementor-heading-title.elementor-size-small{font-size:15px}.elementor-widget-heading .elementor-heading-title.elementor-size-medium{font-size:19px}.elementor-widget-heading .elementor-heading-title.elementor-size-large{font-size:29px}.elementor-widget-heading .elementor-heading-title.elementor-size-xl{font-size:39px}.elementor-widget-heading .elementor-heading-title.elementor-size-xxl{font-size:59px}<\/style><h1 class=\"elementor-heading-title elementor-size-default\">Su Kirlili\u011fi<\/h1>\t\t<\/div>\n\t\t\t\t<\/div>\n\t\t\t\t\t<\/div>\n\t\t<\/div>\n\t\t\t\t\t<\/div>\n\t\t<\/section>\n\t\t\t\t\t<\/div>\n\t\t<\/div>\n\t\t\t\t\t<\/div>\n\t\t<\/section>\n\t\t\t\t<section class=\"elementor-section elementor-top-section elementor-element elementor-element-e3abad1 elementor-section-full_width elementor-section-height-default elementor-section-height-default\" data-id=\"e3abad1\" data-element_type=\"section\">\n\t\t\t\t\t\t<div class=\"elementor-container elementor-column-gap-no\">\n\t\t\t\t\t<div class=\"elementor-column elementor-col-100 elementor-top-column elementor-element elementor-element-d0ad232\" data-id=\"d0ad232\" data-element_type=\"column\">\n\t\t\t<div class=\"elementor-widget-wrap elementor-element-populated\">\n\t\t\t\t\t\t<div class=\"elementor-element elementor-element-1c6b285 elementor-widget elementor-widget-template\" data-id=\"1c6b285\" data-element_type=\"widget\" data-widget_type=\"template.default\">\n\t\t\t\t<div class=\"elementor-widget-container\">\n\t\t\t\t\t<div class=\"elementor-template\">\n\t\t\t\t\t<div data-elementor-type=\"section\" data-elementor-id=\"103\" class=\"elementor elementor-103\" data-elementor-post-type=\"elementor_library\">\n\t\t\t\t\t<section class=\"elementor-section elementor-top-section elementor-element elementor-element-18c80af elementor-section-boxed elementor-section-height-default elementor-section-height-default\" data-id=\"18c80af\" data-element_type=\"section\">\n\t\t\t\t\t\t<div class=\"elementor-container elementor-column-gap-no\">\n\t\t\t\t\t<div class=\"elementor-column elementor-col-100 elementor-top-column elementor-element elementor-element-abbb1a3\" data-id=\"abbb1a3\" data-element_type=\"column\">\n\t\t\t<div class=\"elementor-widget-wrap elementor-element-populated\">\n\t\t\t\t\t\t<div class=\"elementor-element elementor-element-c9cd2a7 elementor-widget elementor-widget-breadcrumbs\" data-id=\"c9cd2a7\" data-element_type=\"widget\" data-widget_type=\"breadcrumbs.default\">\n\t\t\t\t<div class=\"elementor-widget-container\">\n\t\t\t<nav aria-label=\"ekmek k\u0131r\u0131nt\u0131lar\u0131\" class=\"rank-math-breadcrumb\"><p><span class=\"last\">Ev<\/span><\/p><\/nav>\t\t<\/div>\n\t\t\t\t<\/div>\n\t\t\t\t\t<\/div>\n\t\t<\/div>\n\t\t\t\t\t<\/div>\n\t\t<\/section>\n\t\t\t\t<\/div>\n\t\t\t\t<\/div>\n\t\t\t\t<\/div>\n\t\t\t\t<\/div>\n\t\t\t\t\t<\/div>\n\t\t<\/div>\n\t\t\t\t\t<\/div>\n\t\t<\/section>\n\t\t\t\t<section class=\"elementor-section elementor-top-section elementor-element elementor-element-e82a3a2 elementor-section-boxed elementor-section-height-default elementor-section-height-default\" data-id=\"e82a3a2\" data-element_type=\"section\">\n\t\t\t\t\t\t<div class=\"elementor-container elementor-column-gap-no\">\n\t\t\t\t\t<div class=\"elementor-column elementor-col-100 elementor-top-column elementor-element elementor-element-86e0671\" data-id=\"86e0671\" data-element_type=\"column\">\n\t\t\t<div class=\"elementor-widget-wrap elementor-element-populated\">\n\t\t\t\t\t\t<div class=\"elementor-element elementor-element-7cbb888 elementor-widget elementor-widget-heading\" data-id=\"7cbb888\" data-element_type=\"widget\" data-widget_type=\"heading.default\">\n\t\t\t\t<div class=\"elementor-widget-container\">\n\t\t\t<h2 class=\"elementor-heading-title elementor-size-default\">SUYUN YA\u011eDAK\u0130 DURUMLARI<\/h2>\t\t<\/div>\n\t\t\t\t<\/div>\n\t\t\t\t<div class=\"elementor-element elementor-element-c9c4017 elementor-widget elementor-widget-text-editor\" data-id=\"c9c4017\" data-element_type=\"widget\" data-widget_type=\"text-editor.default\">\n\t\t\t\t<div class=\"elementor-widget-container\">\n\t\t\t<style>\/*! elementor - v3.22.0 - 24-06-2024 *\/\n.elementor-widget-text-editor.elementor-drop-cap-view-stacked .elementor-drop-cap{background-color:#69727d;color:#fff}.elementor-widget-text-editor.elementor-drop-cap-view-framed .elementor-drop-cap{color:#69727d;border:3px solid;background-color:transparent}.elementor-widget-text-editor:not(.elementor-drop-cap-view-default) .elementor-drop-cap{margin-top:8px}.elementor-widget-text-editor:not(.elementor-drop-cap-view-default) .elementor-drop-cap-letter{width:1em;height:1em}.elementor-widget-text-editor .elementor-drop-cap{float:left;text-align:center;line-height:1;font-size:50px}.elementor-widget-text-editor .elementor-drop-cap-letter{display:inline-block}<\/style>\t\t\t\t<p>Su kirlili\u011fi ya\u011flama ya\u011f\u0131n\u0131n belas\u0131d\u0131r, ya\u011fda suyun bir arada bulundu\u011fu \u00fc\u00e7 hale bir bakal\u0131m.<\/p>\t\t\t\t\t\t<\/div>\n\t\t\t\t<\/div>\n\t\t\t\t<section class=\"elementor-section elementor-inner-section elementor-element elementor-element-1ff2d4c elementor-section-full_width elementor-section-height-default elementor-section-height-default\" data-id=\"1ff2d4c\" data-element_type=\"section\">\n\t\t\t\t\t\t<div class=\"elementor-container elementor-column-gap-no\">\n\t\t\t\t\t<div class=\"elementor-column elementor-col-33 elementor-inner-column elementor-element elementor-element-cdce08d item_box\" data-id=\"cdce08d\" data-element_type=\"column\">\n\t\t\t<div class=\"elementor-widget-wrap elementor-element-populated\">\n\t\t\t\t\t\t<div class=\"elementor-element elementor-element-abaad8f elementor-widget elementor-widget-heading\" data-id=\"abaad8f\" data-element_type=\"widget\" data-widget_type=\"heading.default\">\n\t\t\t\t<div class=\"elementor-widget-container\">\n\t\t\t<h3 class=\"elementor-heading-title elementor-size-default\">Erimi\u015f Su<\/h3>\t\t<\/div>\n\t\t\t\t<\/div>\n\t\t\t\t<div class=\"elementor-element elementor-element-0fa0dbd elementor-widget elementor-widget-text-editor\" data-id=\"0fa0dbd\" data-element_type=\"widget\" data-widget_type=\"text-editor.default\">\n\t\t\t\t<div class=\"elementor-widget-container\">\n\t\t\t\t\t\t\t<p>(G\u00f6r\u00fcn\u00fcm: Berrak\/Parlak ya\u011f)<\/p><p>Su molek\u00fclleri nem gibi ya\u011f\u0131n her taraf\u0131na tek tek da\u011f\u0131ld\u0131.<\/p>\t\t\t\t\t\t<\/div>\n\t\t\t\t<\/div>\n\t\t\t\t\t<\/div>\n\t\t<\/div>\n\t\t\t\t<div class=\"elementor-column elementor-col-33 elementor-inner-column elementor-element elementor-element-f643eb1 item_box\" data-id=\"f643eb1\" data-element_type=\"column\">\n\t\t\t<div class=\"elementor-widget-wrap elementor-element-populated\">\n\t\t\t\t\t\t<div class=\"elementor-element elementor-element-56e5eda elementor-widget elementor-widget-heading\" data-id=\"56e5eda\" data-element_type=\"widget\" data-widget_type=\"heading.default\">\n\t\t\t\t<div class=\"elementor-widget-container\">\n\t\t\t<h3 class=\"elementor-heading-title elementor-size-default\">Em\u00fclsifiye su<\/h3>\t\t<\/div>\n\t\t\t\t<\/div>\n\t\t\t\t<div class=\"elementor-element elementor-element-d1ce1ce elementor-widget elementor-widget-text-editor\" data-id=\"d1ce1ce\" data-element_type=\"widget\" data-widget_type=\"text-editor.default\">\n\t\t\t\t<div class=\"elementor-widget-container\">\n\t\t\t\t\t\t\t<p>(G\u00f6r\u00fcn\u00fcm: sis gibi bulan\u0131k ya\u011f)<\/p><p>Ya\u011fda kararl\u0131 s\u00fcspansiyon halinde da\u011f\u0131lm\u0131\u015f mikroskobik su k\u00fcrecikleri.<\/p>\t\t\t\t\t\t<\/div>\n\t\t\t\t<\/div>\n\t\t\t\t\t<\/div>\n\t\t<\/div>\n\t\t\t\t<div class=\"elementor-column elementor-col-33 elementor-inner-column elementor-element elementor-element-f458a76 item_box\" data-id=\"f458a76\" data-element_type=\"column\">\n\t\t\t<div class=\"elementor-widget-wrap elementor-element-populated\">\n\t\t\t\t\t\t<div class=\"elementor-element elementor-element-934405e elementor-widget elementor-widget-heading\" data-id=\"934405e\" data-element_type=\"widget\" data-widget_type=\"heading.default\">\n\t\t\t\t<div class=\"elementor-widget-container\">\n\t\t\t<h3 class=\"elementor-heading-title elementor-size-default\">\u00dccretsiz Su<\/h3>\t\t<\/div>\n\t\t\t\t<\/div>\n\t\t\t\t<div class=\"elementor-element elementor-element-b23b91a elementor-widget elementor-widget-text-editor\" data-id=\"b23b91a\" data-element_type=\"widget\" data-widget_type=\"text-editor.default\">\n\t\t\t\t<div class=\"elementor-widget-container\">\n\t\t\t\t\t\t\t<p>(G\u00f6r\u00fcn\u00fcm: Ya\u011f ve su net bir \u015fekilde ayr\u0131lm\u0131\u015f halde kal\u0131r)<\/p><p>Ya\u011f karterinin veya tank\u0131n\u0131n dibine kolayca \u00e7\u00f6ken su.<\/p>\t\t\t\t\t\t<\/div>\n\t\t\t\t<\/div>\n\t\t\t\t\t<\/div>\n\t\t<\/div>\n\t\t\t\t\t<\/div>\n\t\t<\/section>\n\t\t\t\t<div class=\"elementor-element elementor-element-b1db49b elementor-widget elementor-widget-image\" data-id=\"b1db49b\" data-element_type=\"widget\" data-widget_type=\"image.default\">\n\t\t\t\t<div class=\"elementor-widget-container\">\n\t\t\t\t\t\t\t\t\t\t\t\t\t\t<a href=\"https:\/\/www.winsonda.com\/wp-content\/uploads\/2024\/07\/Water-states-in-oil-1720504608.webp\" data-elementor-open-lightbox=\"yes\" data-elementor-lightbox-title=\"Water-states-in-oil\" data-e-action-hash=\"#elementor-action%3Aaction%3Dlightbox%26settings%3DeyJpZCI6ODI1LCJ1cmwiOiJodHRwczpcL1wvd3d3LndpbnNvbmRhLmNvbVwvd3AtY29udGVudFwvdXBsb2Fkc1wvMjAyNFwvMDdcL1dhdGVyLXN0YXRlcy1pbi1vaWwtMTcyMDUwNDYwOC53ZWJwIn0%3D\">\n\t\t\t\t\t\t\t<img decoding=\"async\" width=\"2400\" height=\"1352\" src=\"https:\/\/www.winsonda.com\/wp-content\/uploads\/2024\/07\/Water-states-in-oil-1720504608.webp\" class=\"attachment-full size-full wp-image-825\" alt=\"Su Kirlili\u011fi\" srcset=\"https:\/\/www.winsonda.com\/wp-content\/uploads\/2024\/07\/Water-states-in-oil-1720504608.webp 2400w, https:\/\/www.winsonda.com\/wp-content\/uploads\/2024\/07\/Water-states-in-oil-1720504608-300x169.webp 300w, https:\/\/www.winsonda.com\/wp-content\/uploads\/2024\/07\/Water-states-in-oil-1720504608-1024x577.webp 1024w, https:\/\/www.winsonda.com\/wp-content\/uploads\/2024\/07\/Water-states-in-oil-1720504608-768x433.webp 768w, https:\/\/www.winsonda.com\/wp-content\/uploads\/2024\/07\/Water-states-in-oil-1720504608-1536x865.webp 1536w, https:\/\/www.winsonda.com\/wp-content\/uploads\/2024\/07\/Water-states-in-oil-1720504608-2048x1154.webp 2048w\" sizes=\"(max-width: 2400px) 100vw, 2400px\" title=\"|\">\t\t\t\t\t\t\t\t<\/a>\n\t\t\t\t\t\t\t\t\t\t\t\t\t<\/div>\n\t\t\t\t<\/div>\n\t\t\t\t<div class=\"elementor-element elementor-element-b9e48e0 elementor-widget elementor-widget-heading\" data-id=\"b9e48e0\" data-element_type=\"widget\" data-widget_type=\"heading.default\">\n\t\t\t\t<div class=\"elementor-widget-container\">\n\t\t\t<h2 class=\"elementor-heading-title elementor-size-default\">SU NEREDEN GELEB\u0130L\u0130R?<\/h2>\t\t<\/div>\n\t\t\t\t<\/div>\n\t\t\t\t<div class=\"elementor-element elementor-element-f71b66b elementor-widget elementor-widget-image\" data-id=\"f71b66b\" data-element_type=\"widget\" data-widget_type=\"image.default\">\n\t\t\t\t<div class=\"elementor-widget-container\">\n\t\t\t\t\t\t\t\t\t\t\t\t\t\t<a href=\"https:\/\/www.winsonda.com\/wp-content\/uploads\/2024\/07\/Water-ingress-source-1720505274.webp\" data-elementor-open-lightbox=\"yes\" data-elementor-lightbox-title=\"Water-ingress-source\" data-e-action-hash=\"#elementor-action%3Aaction%3Dlightbox%26settings%3DeyJpZCI6ODI2LCJ1cmwiOiJodHRwczpcL1wvd3d3LndpbnNvbmRhLmNvbVwvd3AtY29udGVudFwvdXBsb2Fkc1wvMjAyNFwvMDdcL1dhdGVyLWluZ3Jlc3Mtc291cmNlLTE3MjA1MDUyNzQud2VicCJ9\">\n\t\t\t\t\t\t\t<img decoding=\"async\" width=\"2560\" height=\"1151\" src=\"https:\/\/www.winsonda.com\/wp-content\/uploads\/2024\/07\/Water-ingress-source-1720505274.webp\" class=\"attachment-full size-full wp-image-826\" alt=\"Su Kirlili\u011fi\" srcset=\"https:\/\/www.winsonda.com\/wp-content\/uploads\/2024\/07\/Water-ingress-source-1720505274.webp 2560w, https:\/\/www.winsonda.com\/wp-content\/uploads\/2024\/07\/Water-ingress-source-1720505274-300x135.webp 300w, https:\/\/www.winsonda.com\/wp-content\/uploads\/2024\/07\/Water-ingress-source-1720505274-1024x460.webp 1024w, https:\/\/www.winsonda.com\/wp-content\/uploads\/2024\/07\/Water-ingress-source-1720505274-768x345.webp 768w, https:\/\/www.winsonda.com\/wp-content\/uploads\/2024\/07\/Water-ingress-source-1720505274-1536x691.webp 1536w, https:\/\/www.winsonda.com\/wp-content\/uploads\/2024\/07\/Water-ingress-source-1720505274-2048x921.webp 2048w\" sizes=\"(max-width: 2560px) 100vw, 2560px\" title=\"|\">\t\t\t\t\t\t\t\t<\/a>\n\t\t\t\t\t\t\t\t\t\t\t\t\t<\/div>\n\t\t\t\t<\/div>\n\t\t\t\t<div class=\"elementor-element elementor-element-42a27ca elementor-widget elementor-widget-heading\" data-id=\"42a27ca\" data-element_type=\"widget\" data-widget_type=\"heading.default\">\n\t\t\t\t<div class=\"elementor-widget-container\">\n\t\t\t<h2 class=\"elementor-heading-title elementor-size-default\">SU SORUNLARA NEDEN OLUYOR<\/h2>\t\t<\/div>\n\t\t\t\t<\/div>\n\t\t\t\t<div class=\"elementor-element elementor-element-838c700 elementor-widget elementor-widget-image\" data-id=\"838c700\" data-element_type=\"widget\" data-widget_type=\"image.default\">\n\t\t\t\t<div class=\"elementor-widget-container\">\n\t\t\t\t\t\t\t\t\t\t\t\t\t\t<a href=\"https:\/\/www.winsonda.com\/wp-content\/uploads\/2024\/07\/Water-causes-problems-1720505310.webp\" data-elementor-open-lightbox=\"yes\" data-elementor-lightbox-title=\"Water-causes-problems\" data-e-action-hash=\"#elementor-action%3Aaction%3Dlightbox%26settings%3DeyJpZCI6ODI3LCJ1cmwiOiJodHRwczpcL1wvd3d3LndpbnNvbmRhLmNvbVwvd3AtY29udGVudFwvdXBsb2Fkc1wvMjAyNFwvMDdcL1dhdGVyLWNhdXNlcy1wcm9ibGVtcy0xNzIwNTA1MzEwLndlYnAifQ%3D%3D\">\n\t\t\t\t\t\t\t<img loading=\"lazy\" decoding=\"async\" width=\"2560\" height=\"706\" src=\"https:\/\/www.winsonda.com\/wp-content\/uploads\/2024\/07\/Water-causes-problems-1720505310.webp\" class=\"attachment-full size-full wp-image-827\" alt=\"Su Kirlili\u011fi\" srcset=\"https:\/\/www.winsonda.com\/wp-content\/uploads\/2024\/07\/Water-causes-problems-1720505310.webp 2560w, https:\/\/www.winsonda.com\/wp-content\/uploads\/2024\/07\/Water-causes-problems-1720505310-300x83.webp 300w, https:\/\/www.winsonda.com\/wp-content\/uploads\/2024\/07\/Water-causes-problems-1720505310-1024x282.webp 1024w, https:\/\/www.winsonda.com\/wp-content\/uploads\/2024\/07\/Water-causes-problems-1720505310-768x212.webp 768w, https:\/\/www.winsonda.com\/wp-content\/uploads\/2024\/07\/Water-causes-problems-1720505310-1536x424.webp 1536w, https:\/\/www.winsonda.com\/wp-content\/uploads\/2024\/07\/Water-causes-problems-1720505310-2048x565.webp 2048w\" sizes=\"(max-width: 2560px) 100vw, 2560px\" title=\"|\">\t\t\t\t\t\t\t\t<\/a>\n\t\t\t\t\t\t\t\t\t\t\t\t\t<\/div>\n\t\t\t\t<\/div>\n\t\t\t\t<div class=\"elementor-element elementor-element-d12e4e0 elementor-widget elementor-widget-heading\" data-id=\"d12e4e0\" data-element_type=\"widget\" data-widget_type=\"heading.default\">\n\t\t\t\t<div class=\"elementor-widget-container\">\n\t\t\t<h2 class=\"elementor-heading-title elementor-size-default\">SU G\u0130DERME \u00c7\u00d6Z\u00dcMLER\u0130<\/h2>\t\t<\/div>\n\t\t\t\t<\/div>\n\t\t\t\t<div class=\"elementor-element elementor-element-62aa54c elementor-widget elementor-widget-text-editor\" data-id=\"62aa54c\" data-element_type=\"widget\" data-widget_type=\"text-editor.default\">\n\t\t\t\t<div class=\"elementor-widget-container\">\n\t\t\t\t\t\t\t<table><thead><tr><th align=\"left\">\u00d6rnek<\/th><th align=\"left\">Y\u00f6ntem<\/th><th align=\"left\">\u00c7\u00f6z\u00fcld\u00fc<\/th><th align=\"left\">Em\u00fclsifiye edilmi\u015f<\/th><th align=\"left\">\u00dccretsiz su<\/th><\/tr><\/thead><tbody><tr><td align=\"left\">WJJ<\/td><td align=\"left\">Birle\u015fme Ayr\u0131l\u0131\u011f\u0131<\/td><td align=\"left\">\u00a0<\/td><td align=\"left\">\u00a0<\/td><td align=\"left\">\u221a<\/td><\/tr><tr><td align=\"left\">WJZ,WZJC<\/td><td align=\"left\">Vakumlu Dehidratasyon<\/td><td align=\"left\">\u221a<\/td><td align=\"left\">\u221a<\/td><td align=\"left\">\u221a<\/td><\/tr><\/tbody><\/table>\t\t\t\t\t\t<\/div>\n\t\t\t\t<\/div>\n\t\t\t\t\t<\/div>\n\t\t<\/div>\n\t\t\t\t\t<\/div>\n\t\t<\/section>\n\t\t\t\t<\/div>","protected":false},"excerpt":{"rendered":"<p>Su Kirlili\u011fi YA\u011eDAK\u0130 SU DURUMLARI Su kirlili\u011fi, ya\u011flama ya\u011f\u0131n\u0131n felaketidir, ya\u011fda bir arada bulunan suyun \u00fc\u00e7 durumuna bir bakal\u0131m. \u00c7\u00f6z\u00fcnm\u00fc\u015f Su (G\u00f6r\u00fcn\u00fcm: berrak\/Parlak ya\u011f) Nem gibi ya\u011f\u0131n her yerine tek tek da\u011f\u0131lm\u0131\u015f su molek\u00fclleri. Em\u00fclsifiye Su (G\u00f6r\u00fcn\u00fcm: bulan\u0131k ya\u011f, sis gibi) Da\u011f\u0131lm\u0131\u015f mikroskobik su k\u00fcrecikleri [\u2026]<\/p>","protected":false},"author":1,"featured_media":0,"parent":0,"menu_order":0,"comment_status":"closed","ping_status":"closed","template":"","meta":{"_acf_changed":false,"footnotes":""},"class_list":["post-818","page","type-page","status-publish","hentry"],"acf":[],"_links":{"self":[{"href":"https:\/\/www.winsonda.com\/tr\/wp-json\/wp\/v2\/pages\/818"}],"collection":[{"href":"https:\/\/www.winsonda.com\/tr\/wp-json\/wp\/v2\/pages"}],"about":[{"href":"https:\/\/www.winsonda.com\/tr\/wp-json\/wp\/v2\/types\/page"}],"author":[{"embeddable":true,"href":"https:\/\/www.winsonda.com\/tr\/wp-json\/wp\/v2\/users\/1"}],"replies":[{"embeddable":true,"href":"https:\/\/www.winsonda.com\/tr\/wp-json\/wp\/v2\/comments?post=818"}],"version-history":[{"count":5,"href":"https:\/\/www.winsonda.com\/tr\/wp-json\/wp\/v2\/pages\/818\/revisions"}],"predecessor-version":[{"id":2329,"href":"https:\/\/www.winsonda.com\/tr\/wp-json\/wp\/v2\/pages\/818\/revisions\/2329"}],"wp:attachment":[{"href":"https:\/\/www.winsonda.com\/tr\/wp-json\/wp\/v2\/media?parent=818"}],"curies":[{"name":"wp","href":"https:\/\/api.w.org\/{rel}","templated":true}]}}