{"id":797,"date":"2024-07-09T05:34:16","date_gmt":"2024-07-09T05:34:16","guid":{"rendered":"https:\/\/www.winsonda.com\/?page_id=797"},"modified":"2024-08-27T08:17:10","modified_gmt":"2024-08-27T08:17:10","slug":"particles","status":"publish","type":"page","link":"https:\/\/www.winsonda.com\/tr\/particles\/","title":{"rendered":"Par\u00e7ac\u0131k Kirlili\u011fi"},"content":{"rendered":"<div data-elementor-type=\"wp-page\" data-elementor-id=\"797\" class=\"elementor elementor-797\" data-elementor-post-type=\"page\">\n\t\t\t\t\t\t<section class=\"elementor-section elementor-top-section elementor-element elementor-element-7da1779 elementor-section-full_width elementor-section-height-default elementor-section-height-default\" data-id=\"7da1779\" data-element_type=\"section\">\n\t\t\t\t\t\t<div class=\"elementor-container elementor-column-gap-no\">\n\t\t\t\t\t<div class=\"elementor-column elementor-col-100 elementor-top-column elementor-element elementor-element-bb7bfe4\" data-id=\"bb7bfe4\" data-element_type=\"column\">\n\t\t\t<div class=\"elementor-widget-wrap elementor-element-populated\">\n\t\t\t\t\t\t<div class=\"elementor-element elementor-element-a91a62d elementor-widget elementor-widget-image\" data-id=\"a91a62d\" data-element_type=\"widget\" data-widget_type=\"image.default\">\n\t\t\t\t<div class=\"elementor-widget-container\">\n\t\t\t<style>\/*! elementor - v3.22.0 - 24-06-2024 *\/\n.elementor-widget-image{text-align:center}.elementor-widget-image a{display:inline-block}.elementor-widget-image a img[src$=\".svg\"]{width:48px}.elementor-widget-image img{vertical-align:middle;display:inline-block}<\/style>\t\t\t\t\t\t\t\t\t\t<img fetchpriority=\"high\" decoding=\"async\" width=\"1920\" height=\"750\" src=\"https:\/\/www.winsonda.com\/wp-content\/uploads\/2024\/07\/Particle-Contamination-banner-1720511383.webp\" class=\"attachment-full size-full wp-image-899\" alt=\"Par\u00e7ac\u0131k Kirlili\u011fi\" srcset=\"https:\/\/www.winsonda.com\/wp-content\/uploads\/2024\/07\/Particle-Contamination-banner-1720511383.webp 1920w, https:\/\/www.winsonda.com\/wp-content\/uploads\/2024\/07\/Particle-Contamination-banner-1720511383-300x117.webp 300w, https:\/\/www.winsonda.com\/wp-content\/uploads\/2024\/07\/Particle-Contamination-banner-1720511383-1024x400.webp 1024w, https:\/\/www.winsonda.com\/wp-content\/uploads\/2024\/07\/Particle-Contamination-banner-1720511383-768x300.webp 768w, https:\/\/www.winsonda.com\/wp-content\/uploads\/2024\/07\/Particle-Contamination-banner-1720511383-1536x600.webp 1536w\" sizes=\"(max-width: 1920px) 100vw, 1920px\" title=\"|\">\t\t\t\t\t\t\t\t\t\t\t\t\t<\/div>\n\t\t\t\t<\/div>\n\t\t\t\t<section class=\"elementor-section elementor-inner-section elementor-element elementor-element-57ccda3 elementor-section-boxed elementor-section-height-default elementor-section-height-default\" data-id=\"57ccda3\" data-element_type=\"section\">\n\t\t\t\t\t\t<div class=\"elementor-container elementor-column-gap-no\">\n\t\t\t\t\t<div class=\"elementor-column elementor-col-100 elementor-inner-column elementor-element elementor-element-eee1892\" data-id=\"eee1892\" data-element_type=\"column\">\n\t\t\t<div class=\"elementor-widget-wrap elementor-element-populated\">\n\t\t\t\t\t\t<div class=\"elementor-element elementor-element-29acb6f elementor-widget elementor-widget-heading\" data-id=\"29acb6f\" data-element_type=\"widget\" data-widget_type=\"heading.default\">\n\t\t\t\t<div class=\"elementor-widget-container\">\n\t\t\t<style>\/*! elementor - v3.22.0 - 24-06-2024 *\/\n.elementor-heading-title{padding:0;margin:0;line-height:1}.elementor-widget-heading .elementor-heading-title[class*=elementor-size-]>a{color:inherit;font-size:inherit;line-height:inherit}.elementor-widget-heading .elementor-heading-title.elementor-size-small{font-size:15px}.elementor-widget-heading .elementor-heading-title.elementor-size-medium{font-size:19px}.elementor-widget-heading .elementor-heading-title.elementor-size-large{font-size:29px}.elementor-widget-heading .elementor-heading-title.elementor-size-xl{font-size:39px}.elementor-widget-heading .elementor-heading-title.elementor-size-xxl{font-size:59px}<\/style><h1 class=\"elementor-heading-title elementor-size-default\">Partik\u00fcl Kirlili\u011fi<\/h1>\t\t<\/div>\n\t\t\t\t<\/div>\n\t\t\t\t\t<\/div>\n\t\t<\/div>\n\t\t\t\t\t<\/div>\n\t\t<\/section>\n\t\t\t\t\t<\/div>\n\t\t<\/div>\n\t\t\t\t\t<\/div>\n\t\t<\/section>\n\t\t\t\t<section class=\"elementor-section elementor-top-section elementor-element elementor-element-ae956a0 elementor-section-full_width elementor-section-height-default elementor-section-height-default\" data-id=\"ae956a0\" data-element_type=\"section\">\n\t\t\t\t\t\t<div class=\"elementor-container elementor-column-gap-no\">\n\t\t\t\t\t<div class=\"elementor-column elementor-col-100 elementor-top-column elementor-element elementor-element-c26ca0d\" data-id=\"c26ca0d\" data-element_type=\"column\">\n\t\t\t<div class=\"elementor-widget-wrap elementor-element-populated\">\n\t\t\t\t\t\t<div class=\"elementor-element elementor-element-8f3acfc elementor-widget elementor-widget-template\" data-id=\"8f3acfc\" data-element_type=\"widget\" data-widget_type=\"template.default\">\n\t\t\t\t<div class=\"elementor-widget-container\">\n\t\t\t\t\t<div class=\"elementor-template\">\n\t\t\t\t\t<div data-elementor-type=\"section\" data-elementor-id=\"103\" class=\"elementor elementor-103\" data-elementor-post-type=\"elementor_library\">\n\t\t\t\t\t<section class=\"elementor-section elementor-top-section elementor-element elementor-element-18c80af elementor-section-boxed elementor-section-height-default elementor-section-height-default\" data-id=\"18c80af\" data-element_type=\"section\">\n\t\t\t\t\t\t<div class=\"elementor-container elementor-column-gap-no\">\n\t\t\t\t\t<div class=\"elementor-column elementor-col-100 elementor-top-column elementor-element elementor-element-abbb1a3\" data-id=\"abbb1a3\" data-element_type=\"column\">\n\t\t\t<div class=\"elementor-widget-wrap elementor-element-populated\">\n\t\t\t\t\t\t<div class=\"elementor-element elementor-element-c9cd2a7 elementor-widget elementor-widget-breadcrumbs\" data-id=\"c9cd2a7\" data-element_type=\"widget\" data-widget_type=\"breadcrumbs.default\">\n\t\t\t\t<div class=\"elementor-widget-container\">\n\t\t\t<nav aria-label=\"ekmek k\u0131r\u0131nt\u0131lar\u0131\" class=\"rank-math-breadcrumb\"><p><span class=\"last\">Ev<\/span><\/p><\/nav>\t\t<\/div>\n\t\t\t\t<\/div>\n\t\t\t\t\t<\/div>\n\t\t<\/div>\n\t\t\t\t\t<\/div>\n\t\t<\/section>\n\t\t\t\t<\/div>\n\t\t\t\t<\/div>\n\t\t\t\t<\/div>\n\t\t\t\t<\/div>\n\t\t\t\t\t<\/div>\n\t\t<\/div>\n\t\t\t\t\t<\/div>\n\t\t<\/section>\n\t\t\t\t<section class=\"elementor-section elementor-top-section elementor-element elementor-element-db0ca51 elementor-section-boxed elementor-section-height-default elementor-section-height-default\" data-id=\"db0ca51\" data-element_type=\"section\">\n\t\t\t\t\t\t<div class=\"elementor-container elementor-column-gap-no\">\n\t\t\t\t\t<div class=\"elementor-column elementor-col-100 elementor-top-column elementor-element elementor-element-8c9ad5e\" data-id=\"8c9ad5e\" data-element_type=\"column\">\n\t\t\t<div class=\"elementor-widget-wrap elementor-element-populated\">\n\t\t\t\t\t\t<div class=\"elementor-element elementor-element-3b76d3a elementor-widget elementor-widget-text-editor\" data-id=\"3b76d3a\" data-element_type=\"widget\" data-widget_type=\"text-editor.default\">\n\t\t\t\t<div class=\"elementor-widget-container\">\n\t\t\t<style>\/*! elementor - v3.22.0 - 24-06-2024 *\/\n.elementor-widget-text-editor.elementor-drop-cap-view-stacked .elementor-drop-cap{background-color:#69727d;color:#fff}.elementor-widget-text-editor.elementor-drop-cap-view-framed .elementor-drop-cap{color:#69727d;border:3px solid;background-color:transparent}.elementor-widget-text-editor:not(.elementor-drop-cap-view-default) .elementor-drop-cap{margin-top:8px}.elementor-widget-text-editor:not(.elementor-drop-cap-view-default) .elementor-drop-cap-letter{width:1em;height:1em}.elementor-widget-text-editor .elementor-drop-cap{float:left;text-align:center;line-height:1;font-size:50px}.elementor-widget-text-editor .elementor-drop-cap-letter{display:inline-block}<\/style>\t\t\t\t<p><em><strong>\u201cYa\u011flay\u0131c\u0131 filmden daha b\u00fcy\u00fck par\u00e7ac\u0131klar temizlendi\u011finde rulman sonsuz bir \u00f6mre sahip olabilir\u201d -SKF<\/strong><\/em><\/p>\t\t\t\t\t\t<\/div>\n\t\t\t\t<\/div>\n\t\t\t\t<div class=\"elementor-element elementor-element-119e2f9 elementor-widget elementor-widget-text-editor\" data-id=\"119e2f9\" data-element_type=\"widget\" data-widget_type=\"text-editor.default\">\n\t\t\t\t<div class=\"elementor-widget-container\">\n\t\t\t\t\t\t\t<p>Ya\u011flama ya\u011f\u0131, t\u00fcm makine bile\u015fenleriyle temas halindedir, b\u00f6ylece ya\u011f\u0131n durumu mekanik sistemin performans\u0131n\u0131 \u00f6nemli \u00f6l\u00e7\u00fcde etkiler. Ya\u011f sistemindeki ar\u0131zalar\u0131n \u00e7o\u011funa neden olan ya\u011fdaki kat\u0131 par\u00e7ac\u0131k miktar\u0131n\u0131 izlemek \u00f6nemlidir. Par\u00e7ac\u0131klar\u0131n en fazla hasar g\u00f6ren boyutu, hareketli bile\u015fenlerin dinamik bo\u015flu\u011funa benzerdir (ya\u011f filmi kal\u0131nl\u0131\u011f\u0131ndan daha b\u00fcy\u00fck).<\/p>\t\t\t\t\t\t<\/div>\n\t\t\t\t<\/div>\n\t\t\t\t<div class=\"elementor-element elementor-element-1d1cffc elementor-widget elementor-widget-image\" data-id=\"1d1cffc\" data-element_type=\"widget\" data-widget_type=\"image.default\">\n\t\t\t\t<div class=\"elementor-widget-container\">\n\t\t\t\t\t\t\t\t\t\t\t\t\t\t<a href=\"https:\/\/www.winsonda.com\/wp-content\/uploads\/2024\/07\/film-thickness-1720503428.webp\" data-elementor-open-lightbox=\"yes\" data-elementor-lightbox-title=\"film-thickness\" data-e-action-hash=\"#elementor-action%3Aaction%3Dlightbox%26settings%3DeyJpZCI6ODAyLCJ1cmwiOiJodHRwczpcL1wvd3d3LndpbnNvbmRhLmNvbVwvd3AtY29udGVudFwvdXBsb2Fkc1wvMjAyNFwvMDdcL2ZpbG0tdGhpY2tuZXNzLTE3MjA1MDM0Mjgud2VicCJ9\">\n\t\t\t\t\t\t\t<img decoding=\"async\" width=\"2560\" height=\"2210\" src=\"https:\/\/www.winsonda.com\/wp-content\/uploads\/2024\/07\/film-thickness-1720503428.webp\" class=\"attachment-full size-full wp-image-802\" alt=\"Par\u00e7ac\u0131k Kirlili\u011fi\" srcset=\"https:\/\/www.winsonda.com\/wp-content\/uploads\/2024\/07\/film-thickness-1720503428.webp 2560w, https:\/\/www.winsonda.com\/wp-content\/uploads\/2024\/07\/film-thickness-1720503428-300x259.webp 300w, https:\/\/www.winsonda.com\/wp-content\/uploads\/2024\/07\/film-thickness-1720503428-1024x884.webp 1024w, https:\/\/www.winsonda.com\/wp-content\/uploads\/2024\/07\/film-thickness-1720503428-768x663.webp 768w, https:\/\/www.winsonda.com\/wp-content\/uploads\/2024\/07\/film-thickness-1720503428-1536x1326.webp 1536w, https:\/\/www.winsonda.com\/wp-content\/uploads\/2024\/07\/film-thickness-1720503428-2048x1768.webp 2048w\" sizes=\"(max-width: 2560px) 100vw, 2560px\" title=\"|\">\t\t\t\t\t\t\t\t<\/a>\n\t\t\t\t\t\t\t\t\t\t\t\t\t<\/div>\n\t\t\t\t<\/div>\n\t\t\t\t<section class=\"elementor-section elementor-inner-section elementor-element elementor-element-f70f7ec elementor-section-full_width elementor-section-height-default elementor-section-height-default\" data-id=\"f70f7ec\" data-element_type=\"section\">\n\t\t\t\t\t\t<div class=\"elementor-container elementor-column-gap-no\">\n\t\t\t\t\t<div class=\"elementor-column elementor-col-50 elementor-inner-column elementor-element elementor-element-aa3e71f\" data-id=\"aa3e71f\" data-element_type=\"column\">\n\t\t\t<div class=\"elementor-widget-wrap elementor-element-populated\">\n\t\t\t\t\t\t<div class=\"elementor-element elementor-element-e55b4cf elementor-widget elementor-widget-text-editor\" data-id=\"e55b4cf\" data-element_type=\"widget\" data-widget_type=\"text-editor.default\">\n\t\t\t\t<div class=\"elementor-widget-container\">\n\t\t\t\t\t\t\t<p>K\u00fc\u00e7\u00fck par\u00e7ac\u0131klar ya\u011f sistemine girdi\u011finde, ince bo\u015flu\u011fa kolayca s\u0131k\u0131\u015f\u0131rlar ve bu da feci a\u015f\u0131nmaya yol a\u00e7ar ve k\u0131s\u0131r bir d\u00f6ng\u00fc i\u00e7inde daha fazla par\u00e7ac\u0131k olu\u015fur.<\/p>\t\t\t\t\t\t<\/div>\n\t\t\t\t<\/div>\n\t\t\t\t\t<\/div>\n\t\t<\/div>\n\t\t\t\t<div class=\"elementor-column elementor-col-50 elementor-inner-column elementor-element elementor-element-18c6bd3\" data-id=\"18c6bd3\" data-element_type=\"column\">\n\t\t\t<div class=\"elementor-widget-wrap elementor-element-populated\">\n\t\t\t\t\t\t<div class=\"elementor-element elementor-element-63fdb6f elementor-widget elementor-widget-image\" data-id=\"63fdb6f\" data-element_type=\"widget\" data-widget_type=\"image.default\">\n\t\t\t\t<div class=\"elementor-widget-container\">\n\t\t\t\t\t\t\t\t\t\t\t\t\t\t<a href=\"https:\/\/www.winsonda.com\/wp-content\/uploads\/2024\/07\/abrasive-wear-1720503427.webp\" data-elementor-open-lightbox=\"yes\" data-elementor-lightbox-title=\"abrasive-wear\" data-e-action-hash=\"#elementor-action%3Aaction%3Dlightbox%26settings%3DeyJpZCI6ODAxLCJ1cmwiOiJodHRwczpcL1wvd3d3LndpbnNvbmRhLmNvbVwvd3AtY29udGVudFwvdXBsb2Fkc1wvMjAyNFwvMDdcL2FicmFzaXZlLXdlYXItMTcyMDUwMzQyNy53ZWJwIn0%3D\">\n\t\t\t\t\t\t\t<img decoding=\"async\" width=\"2560\" height=\"902\" src=\"https:\/\/www.winsonda.com\/wp-content\/uploads\/2024\/07\/abrasive-wear-1720503427.webp\" class=\"attachment-full size-full wp-image-801\" alt=\"Par\u00e7ac\u0131k Kirlili\u011fi\" srcset=\"https:\/\/www.winsonda.com\/wp-content\/uploads\/2024\/07\/abrasive-wear-1720503427.webp 2560w, https:\/\/www.winsonda.com\/wp-content\/uploads\/2024\/07\/abrasive-wear-1720503427-300x106.webp 300w, https:\/\/www.winsonda.com\/wp-content\/uploads\/2024\/07\/abrasive-wear-1720503427-1024x361.webp 1024w, https:\/\/www.winsonda.com\/wp-content\/uploads\/2024\/07\/abrasive-wear-1720503427-768x271.webp 768w, https:\/\/www.winsonda.com\/wp-content\/uploads\/2024\/07\/abrasive-wear-1720503427-1536x541.webp 1536w, https:\/\/www.winsonda.com\/wp-content\/uploads\/2024\/07\/abrasive-wear-1720503427-2048x722.webp 2048w\" sizes=\"(max-width: 2560px) 100vw, 2560px\" title=\"|\">\t\t\t\t\t\t\t\t<\/a>\n\t\t\t\t\t\t\t\t\t\t\t\t\t<\/div>\n\t\t\t\t<\/div>\n\t\t\t\t\t<\/div>\n\t\t<\/div>\n\t\t\t\t\t<\/div>\n\t\t<\/section>\n\t\t\t\t<section class=\"elementor-section elementor-inner-section elementor-element elementor-element-4c84c4a elementor-section-full_width elementor-reverse-mobile elementor-section-height-default elementor-section-height-default\" data-id=\"4c84c4a\" data-element_type=\"section\">\n\t\t\t\t\t\t<div class=\"elementor-container elementor-column-gap-no\">\n\t\t\t\t\t<div class=\"elementor-column elementor-col-50 elementor-inner-column elementor-element elementor-element-70edf3c\" data-id=\"70edf3c\" data-element_type=\"column\">\n\t\t\t<div class=\"elementor-widget-wrap elementor-element-populated\">\n\t\t\t\t\t\t<div class=\"elementor-element elementor-element-b28f877 elementor-widget elementor-widget-image\" data-id=\"b28f877\" data-element_type=\"widget\" data-widget_type=\"image.default\">\n\t\t\t\t<div class=\"elementor-widget-container\">\n\t\t\t\t\t\t\t\t\t\t\t\t\t\t<a href=\"https:\/\/www.winsonda.com\/wp-content\/uploads\/2024\/07\/ISO4406_2017-1720503426.webp\" data-elementor-open-lightbox=\"yes\" data-elementor-lightbox-title=\"ISO4406_2017\" data-e-action-hash=\"#elementor-action%3Aaction%3Dlightbox%26settings%3DeyJpZCI6ODAwLCJ1cmwiOiJodHRwczpcL1wvd3d3LndpbnNvbmRhLmNvbVwvd3AtY29udGVudFwvdXBsb2Fkc1wvMjAyNFwvMDdcL0lTTzQ0MDZfMjAxNy0xNzIwNTAzNDI2LndlYnAifQ%3D%3D\">\n\t\t\t\t\t\t\t<img loading=\"lazy\" decoding=\"async\" width=\"1650\" height=\"2560\" src=\"https:\/\/www.winsonda.com\/wp-content\/uploads\/2024\/07\/ISO4406_2017-1720503426.webp\" class=\"attachment-full size-full wp-image-800\" alt=\"Par\u00e7ac\u0131k Kirlili\u011fi\" srcset=\"https:\/\/www.winsonda.com\/wp-content\/uploads\/2024\/07\/ISO4406_2017-1720503426.webp 1650w, https:\/\/www.winsonda.com\/wp-content\/uploads\/2024\/07\/ISO4406_2017-1720503426-193x300.webp 193w, https:\/\/www.winsonda.com\/wp-content\/uploads\/2024\/07\/ISO4406_2017-1720503426-660x1024.webp 660w, https:\/\/www.winsonda.com\/wp-content\/uploads\/2024\/07\/ISO4406_2017-1720503426-768x1192.webp 768w, https:\/\/www.winsonda.com\/wp-content\/uploads\/2024\/07\/ISO4406_2017-1720503426-990x1536.webp 990w, https:\/\/www.winsonda.com\/wp-content\/uploads\/2024\/07\/ISO4406_2017-1720503426-1320x2048.webp 1320w\" sizes=\"(max-width: 1650px) 100vw, 1650px\" title=\"|\">\t\t\t\t\t\t\t\t<\/a>\n\t\t\t\t\t\t\t\t\t\t\t\t\t<\/div>\n\t\t\t\t<\/div>\n\t\t\t\t\t<\/div>\n\t\t<\/div>\n\t\t\t\t<div class=\"elementor-column elementor-col-50 elementor-inner-column elementor-element elementor-element-ef005bd\" data-id=\"ef005bd\" data-element_type=\"column\">\n\t\t\t<div class=\"elementor-widget-wrap elementor-element-populated\">\n\t\t\t\t\t\t<div class=\"elementor-element elementor-element-79d4ddb elementor-widget elementor-widget-text-editor\" data-id=\"79d4ddb\" data-element_type=\"widget\" data-widget_type=\"text-editor.default\">\n\t\t\t\t<div class=\"elementor-widget-container\">\n\t\t\t\t\t\t\t<h3>ISO 4406:2017<\/h3><p>ISO temizlik kodu, partik\u00fcl kirleticilerin seviyesini mililitre ba\u015f\u0131na 4\u03bcm [c], 6\u03bcm [c], 14\u03bcm [c] boyutlar\u0131nda \u00f6l\u00e7mek i\u00e7in kullan\u0131l\u0131r. ISO kodu 3 say\u0131yla ifade edilir, \u00f6rne\u011fin 18\/16\/13. Her say\u0131, ilgili partik\u00fcl boyutlar\u0131 i\u00e7in bir kirlilik seviyesi kodunu temsil eder. Bir koddaki art\u0131\u015f\u0131n genellikle kirlilik seviyesinin iki kat\u0131na \u00e7\u0131kmas\u0131 anlam\u0131na geldi\u011fini unutmamak \u00f6nemlidir.<\/p><h3>PAR\u00c7ACIK G\u0130DERME \u00c7\u00d6Z\u00dcMLER\u0130<\/h3><table><thead><tr><th align=\"left\">\u00d6rnek<\/th><th align=\"left\">Par\u00e7ac\u0131k<\/th><th align=\"left\">S\u00fcper ince par\u00e7ac\u0131k<\/th><th align=\"left\">Su hassasiyeti<\/th><\/tr><\/thead><tbody><tr><td align=\"left\">WJYJ<\/td><td align=\"left\">\u221a<\/td><td align=\"left\">\u00a0<\/td><td align=\"left\">\u00a0<\/td><\/tr><tr><td align=\"left\">WJL<\/td><td align=\"left\">\u221a<\/td><td align=\"left\">\u221a<\/td><td align=\"left\">\u00a0<\/td><\/tr><tr><td align=\"left\">WJD<\/td><td align=\"left\">\u221a<\/td><td align=\"left\">\u221a<\/td><td align=\"left\">\u221a<\/td><\/tr><\/tbody><\/table>\t\t\t\t\t\t<\/div>\n\t\t\t\t<\/div>\n\t\t\t\t\t<\/div>\n\t\t<\/div>\n\t\t\t\t\t<\/div>\n\t\t<\/section>\n\t\t\t\t\t<\/div>\n\t\t<\/div>\n\t\t\t\t\t<\/div>\n\t\t<\/section>\n\t\t\t\t<\/div>","protected":false},"excerpt":{"rendered":"<p>Partik\u00fcl Kirlili\u011fi \u201cYa\u011flay\u0131c\u0131 filmden daha b\u00fcy\u00fck partik\u00fcller \u00e7\u0131kar\u0131ld\u0131\u011f\u0131nda rulman sonsuz bir \u00f6mre sahip olabilir\u201d -SKF Ya\u011flama ya\u011f\u0131, t\u00fcm makine bile\u015fenleriyle temas edecek \u015fekilde doldurulur, b\u00f6ylece ya\u011f\u0131n durumu mekanik sistemin performans\u0131n\u0131 \u00f6nemli \u00f6l\u00e7\u00fcde etkiler. Ya\u011fdaki kat\u0131 partik\u00fcl miktar\u0131n\u0131 izlemek \u00f6nemlidir, bu da \u00e7o\u011funlu\u011fa neden olur [\u2026]<\/p>","protected":false},"author":1,"featured_media":0,"parent":0,"menu_order":0,"comment_status":"closed","ping_status":"closed","template":"","meta":{"_acf_changed":false,"footnotes":""},"class_list":["post-797","page","type-page","status-publish","hentry"],"acf":[],"_links":{"self":[{"href":"https:\/\/www.winsonda.com\/tr\/wp-json\/wp\/v2\/pages\/797"}],"collection":[{"href":"https:\/\/www.winsonda.com\/tr\/wp-json\/wp\/v2\/pages"}],"about":[{"href":"https:\/\/www.winsonda.com\/tr\/wp-json\/wp\/v2\/types\/page"}],"author":[{"embeddable":true,"href":"https:\/\/www.winsonda.com\/tr\/wp-json\/wp\/v2\/users\/1"}],"replies":[{"embeddable":true,"href":"https:\/\/www.winsonda.com\/tr\/wp-json\/wp\/v2\/comments?post=797"}],"version-history":[{"count":5,"href":"https:\/\/www.winsonda.com\/tr\/wp-json\/wp\/v2\/pages\/797\/revisions"}],"predecessor-version":[{"id":2328,"href":"https:\/\/www.winsonda.com\/tr\/wp-json\/wp\/v2\/pages\/797\/revisions\/2328"}],"wp:attachment":[{"href":"https:\/\/www.winsonda.com\/tr\/wp-json\/wp\/v2\/media?parent=797"}],"curies":[{"name":"wp","href":"https:\/\/api.w.org\/{rel}","templated":true}]}}