{"id":1187,"date":"2024-07-10T03:47:19","date_gmt":"2024-07-10T03:47:19","guid":{"rendered":"https:\/\/www.winsonda.com\/?page_id=1187"},"modified":"2024-08-27T08:17:27","modified_gmt":"2024-08-27T08:17:27","slug":"faq","status":"publish","type":"page","link":"https:\/\/www.winsonda.com\/tr\/faq\/","title":{"rendered":"SSS"},"content":{"rendered":"<div data-elementor-type=\"wp-page\" data-elementor-id=\"1187\" class=\"elementor elementor-1187\" data-elementor-post-type=\"page\">\n\t\t\t\t\t\t<section class=\"elementor-section elementor-top-section elementor-element elementor-element-6d9656a elementor-section-full_width elementor-section-height-default elementor-section-height-default\" data-id=\"6d9656a\" data-element_type=\"section\">\n\t\t\t\t\t\t<div class=\"elementor-container elementor-column-gap-no\">\n\t\t\t\t\t<div class=\"elementor-column elementor-col-100 elementor-top-column elementor-element elementor-element-3a5838a\" data-id=\"3a5838a\" data-element_type=\"column\">\n\t\t\t<div class=\"elementor-widget-wrap elementor-element-populated\">\n\t\t\t\t\t\t<div class=\"elementor-element elementor-element-802ccda elementor-widget elementor-widget-image\" data-id=\"802ccda\" data-element_type=\"widget\" data-widget_type=\"image.default\">\n\t\t\t\t<div class=\"elementor-widget-container\">\n\t\t\t<style>\/*! elementor - v3.22.0 - 24-06-2024 *\/\n.elementor-widget-image{text-align:center}.elementor-widget-image a{display:inline-block}.elementor-widget-image a img[src$=\".svg\"]{width:48px}.elementor-widget-image img{vertical-align:middle;display:inline-block}<\/style>\t\t\t\t\t\t\t\t\t\t<img fetchpriority=\"high\" decoding=\"async\" width=\"2560\" height=\"800\" src=\"https:\/\/www.winsonda.com\/wp-content\/uploads\/2024\/07\/faq-banner-2-1720591741.webp\" class=\"attachment-full size-full wp-image-1275\" alt=\"SSS\" srcset=\"https:\/\/www.winsonda.com\/wp-content\/uploads\/2024\/07\/faq-banner-2-1720591741.webp 2560w, https:\/\/www.winsonda.com\/wp-content\/uploads\/2024\/07\/faq-banner-2-1720591741-300x94.webp 300w, https:\/\/www.winsonda.com\/wp-content\/uploads\/2024\/07\/faq-banner-2-1720591741-1024x320.webp 1024w, https:\/\/www.winsonda.com\/wp-content\/uploads\/2024\/07\/faq-banner-2-1720591741-768x240.webp 768w, https:\/\/www.winsonda.com\/wp-content\/uploads\/2024\/07\/faq-banner-2-1720591741-1536x480.webp 1536w, https:\/\/www.winsonda.com\/wp-content\/uploads\/2024\/07\/faq-banner-2-1720591741-2048x640.webp 2048w\" sizes=\"(max-width: 2560px) 100vw, 2560px\" title=\"|\">\t\t\t\t\t\t\t\t\t\t\t\t\t<\/div>\n\t\t\t\t<\/div>\n\t\t\t\t<section class=\"elementor-section elementor-inner-section elementor-element elementor-element-43fa45f elementor-section-boxed elementor-section-height-default elementor-section-height-default\" data-id=\"43fa45f\" data-element_type=\"section\">\n\t\t\t\t\t\t<div class=\"elementor-container elementor-column-gap-no\">\n\t\t\t\t\t<div class=\"elementor-column elementor-col-100 elementor-inner-column elementor-element elementor-element-77196d6\" data-id=\"77196d6\" data-element_type=\"column\">\n\t\t\t<div class=\"elementor-widget-wrap elementor-element-populated\">\n\t\t\t\t\t\t<div class=\"elementor-element elementor-element-d6754bc elementor-widget elementor-widget-heading\" data-id=\"d6754bc\" data-element_type=\"widget\" data-widget_type=\"heading.default\">\n\t\t\t\t<div class=\"elementor-widget-container\">\n\t\t\t<style>\/*! elementor - v3.22.0 - 24-06-2024 *\/\n.elementor-heading-title{padding:0;margin:0;line-height:1}.elementor-widget-heading .elementor-heading-title[class*=elementor-size-]>a{color:inherit;font-size:inherit;line-height:inherit}.elementor-widget-heading .elementor-heading-title.elementor-size-small{font-size:15px}.elementor-widget-heading .elementor-heading-title.elementor-size-medium{font-size:19px}.elementor-widget-heading .elementor-heading-title.elementor-size-large{font-size:29px}.elementor-widget-heading .elementor-heading-title.elementor-size-xl{font-size:39px}.elementor-widget-heading .elementor-heading-title.elementor-size-xxl{font-size:59px}<\/style><h1 class=\"elementor-heading-title elementor-size-default\">SSS<\/h1>\t\t<\/div>\n\t\t\t\t<\/div>\n\t\t\t\t\t<\/div>\n\t\t<\/div>\n\t\t\t\t\t<\/div>\n\t\t<\/section>\n\t\t\t\t\t<\/div>\n\t\t<\/div>\n\t\t\t\t\t<\/div>\n\t\t<\/section>\n\t\t\t\t<section class=\"elementor-section elementor-top-section elementor-element elementor-element-632aaf4 elementor-section-full_width elementor-section-height-default elementor-section-height-default\" data-id=\"632aaf4\" data-element_type=\"section\">\n\t\t\t\t\t\t<div class=\"elementor-container elementor-column-gap-no\">\n\t\t\t\t\t<div class=\"elementor-column elementor-col-100 elementor-top-column elementor-element elementor-element-f81c211\" data-id=\"f81c211\" data-element_type=\"column\">\n\t\t\t<div class=\"elementor-widget-wrap elementor-element-populated\">\n\t\t\t\t\t\t<div class=\"elementor-element elementor-element-76af09d elementor-widget elementor-widget-template\" data-id=\"76af09d\" data-element_type=\"widget\" data-widget_type=\"template.default\">\n\t\t\t\t<div class=\"elementor-widget-container\">\n\t\t\t\t\t<div class=\"elementor-template\">\n\t\t\t\t\t<div data-elementor-type=\"section\" data-elementor-id=\"103\" class=\"elementor elementor-103\" data-elementor-post-type=\"elementor_library\">\n\t\t\t\t\t<section class=\"elementor-section elementor-top-section elementor-element elementor-element-18c80af elementor-section-boxed elementor-section-height-default elementor-section-height-default\" data-id=\"18c80af\" data-element_type=\"section\">\n\t\t\t\t\t\t<div class=\"elementor-container elementor-column-gap-no\">\n\t\t\t\t\t<div class=\"elementor-column elementor-col-100 elementor-top-column elementor-element elementor-element-abbb1a3\" data-id=\"abbb1a3\" data-element_type=\"column\">\n\t\t\t<div class=\"elementor-widget-wrap elementor-element-populated\">\n\t\t\t\t\t\t<div class=\"elementor-element elementor-element-c9cd2a7 elementor-widget elementor-widget-breadcrumbs\" data-id=\"c9cd2a7\" data-element_type=\"widget\" data-widget_type=\"breadcrumbs.default\">\n\t\t\t\t<div class=\"elementor-widget-container\">\n\t\t\t<nav aria-label=\"ekmek k\u0131r\u0131nt\u0131lar\u0131\" class=\"rank-math-breadcrumb\"><p><span class=\"last\">Ev<\/span><\/p><\/nav>\t\t<\/div>\n\t\t\t\t<\/div>\n\t\t\t\t\t<\/div>\n\t\t<\/div>\n\t\t\t\t\t<\/div>\n\t\t<\/section>\n\t\t\t\t<\/div>\n\t\t\t\t<\/div>\n\t\t\t\t<\/div>\n\t\t\t\t<\/div>\n\t\t\t\t\t<\/div>\n\t\t<\/div>\n\t\t\t\t\t<\/div>\n\t\t<\/section>\n\t\t\t\t<section class=\"elementor-section elementor-top-section elementor-element elementor-element-f9ea0a5 elementor-section-boxed elementor-section-height-default elementor-section-height-default\" data-id=\"f9ea0a5\" data-element_type=\"section\">\n\t\t\t\t\t\t<div class=\"elementor-container elementor-column-gap-no\">\n\t\t\t\t\t<div class=\"elementor-column elementor-col-100 elementor-top-column elementor-element elementor-element-9de2693\" data-id=\"9de2693\" data-element_type=\"column\">\n\t\t\t<div class=\"elementor-widget-wrap elementor-element-populated\">\n\t\t\t\t\t\t<div class=\"elementor-element elementor-element-7dabfc5 elementor-widget elementor-widget-text-editor\" data-id=\"7dabfc5\" data-element_type=\"widget\" id=\"faq_hover\" data-widget_type=\"text-editor.default\">\n\t\t\t\t<div class=\"elementor-widget-container\">\n\t\t\t<style>\/*! elementor - v3.22.0 - 24-06-2024 *\/\n.elementor-widget-text-editor.elementor-drop-cap-view-stacked .elementor-drop-cap{background-color:#69727d;color:#fff}.elementor-widget-text-editor.elementor-drop-cap-view-framed .elementor-drop-cap{color:#69727d;border:3px solid;background-color:transparent}.elementor-widget-text-editor:not(.elementor-drop-cap-view-default) .elementor-drop-cap{margin-top:8px}.elementor-widget-text-editor:not(.elementor-drop-cap-view-default) .elementor-drop-cap-letter{width:1em;height:1em}.elementor-widget-text-editor .elementor-drop-cap{float:left;text-align:center;line-height:1;font-size:50px}.elementor-widget-text-editor .elementor-drop-cap-letter{display:inline-block}<\/style>\t\t\t\t<p><\/p>\t\t\t\t\t\t<\/div>\n\t\t\t\t<\/div>\n\t\t\t\t<div class=\"elementor-element elementor-element-a5fb050 elementor-widget elementor-widget-html\" data-id=\"a5fb050\" data-element_type=\"widget\" data-widget_type=\"html.default\">\n\t\t\t\t<div class=\"elementor-widget-container\">\n\t\t\t<script>\nwindow.addEventListener('elementor\/frontend\/init', () => {\n    jQuery(document).ready(function($){\n        let isLoading = false;\n        $('#faq_hover .faq_list_container .faq_content').hide();\n        $('#faq_hover .faq_list_container > li').eq(0).find('.faq_content').slideDown();\n        $('#faq_hover .faq_list_container > li').eq(0).addClass('active');\n        $('#faq_hover .faq_list_container > li').click(function(){\n            if(isLoading || $(this).hasClass('active')) {\n                return;\n            }\n            isLoading = true;\n            $('#faq_hover .faq_list_container .faq_content').slideUp();\n            $('#faq_hover .faq_list_container > li').removeClass('active');\n            $(this).find('.faq_content').slideDown('fast', 'linear', () => {\n                isLoading = false;\n            });\n            $(this).addClass('active');\n        });\n        \n    })\n})\n<\/script>\t\t<\/div>\n\t\t\t\t<\/div>\n\t\t\t\t\t<\/div>\n\t\t<\/div>\n\t\t\t\t\t<\/div>\n\t\t<\/section>\n\t\t\t\t<\/div>","protected":false},"excerpt":{"rendered":"<p>SSS<\/p>","protected":false},"author":1,"featured_media":0,"parent":0,"menu_order":0,"comment_status":"closed","ping_status":"closed","template":"","meta":{"_acf_changed":false,"footnotes":""},"class_list":["post-1187","page","type-page","status-publish","hentry"],"acf":[],"_links":{"self":[{"href":"https:\/\/www.winsonda.com\/tr\/wp-json\/wp\/v2\/pages\/1187"}],"collection":[{"href":"https:\/\/www.winsonda.com\/tr\/wp-json\/wp\/v2\/pages"}],"about":[{"href":"https:\/\/www.winsonda.com\/tr\/wp-json\/wp\/v2\/types\/page"}],"author":[{"embeddable":true,"href":"https:\/\/www.winsonda.com\/tr\/wp-json\/wp\/v2\/users\/1"}],"replies":[{"embeddable":true,"href":"https:\/\/www.winsonda.com\/tr\/wp-json\/wp\/v2\/comments?post=1187"}],"version-history":[{"count":5,"href":"https:\/\/www.winsonda.com\/tr\/wp-json\/wp\/v2\/pages\/1187\/revisions"}],"predecessor-version":[{"id":2342,"href":"https:\/\/www.winsonda.com\/tr\/wp-json\/wp\/v2\/pages\/1187\/revisions\/2342"}],"wp:attachment":[{"href":"https:\/\/www.winsonda.com\/tr\/wp-json\/wp\/v2\/media?parent=1187"}],"curies":[{"name":"wp","href":"https:\/\/api.w.org\/{rel}","templated":true}]}}