{"id":797,"date":"2024-07-09T05:34:16","date_gmt":"2024-07-09T05:34:16","guid":{"rendered":"https:\/\/www.winsonda.com\/?page_id=797"},"modified":"2024-08-27T08:17:10","modified_gmt":"2024-08-27T08:17:10","slug":"particles","status":"publish","type":"page","link":"https:\/\/www.winsonda.com\/pt\/particles\/","title":{"rendered":"Contamina\u00e7\u00e3o por Part\u00edculas"},"content":{"rendered":"<div data-elementor-type=\"wp-page\" data-elementor-id=\"797\" class=\"elementor elementor-797\" data-elementor-post-type=\"page\">\n\t\t\t\t\t\t<section class=\"elementor-section elementor-top-section elementor-element elementor-element-7da1779 elementor-section-full_width elementor-section-height-default elementor-section-height-default\" data-id=\"7da1779\" data-element_type=\"section\">\n\t\t\t\t\t\t<div class=\"elementor-container elementor-column-gap-no\">\n\t\t\t\t\t<div class=\"elementor-column elementor-col-100 elementor-top-column elementor-element elementor-element-bb7bfe4\" data-id=\"bb7bfe4\" data-element_type=\"column\">\n\t\t\t<div class=\"elementor-widget-wrap elementor-element-populated\">\n\t\t\t\t\t\t<div class=\"elementor-element elementor-element-a91a62d elementor-widget elementor-widget-image\" data-id=\"a91a62d\" data-element_type=\"widget\" data-widget_type=\"image.default\">\n\t\t\t\t<div class=\"elementor-widget-container\">\n\t\t\t<style>\/*! elementor - v3.22.0 - 24-06-2024 *\/\n.elementor-widget-image{text-align:center}.elementor-widget-image a{display:inline-block}.elementor-widget-image a img[src$=\".svg\"]{width:48px}.elementor-widget-image img{vertical-align:middle;display:inline-block}<\/style>\t\t\t\t\t\t\t\t\t\t<img fetchpriority=\"high\" decoding=\"async\" width=\"1920\" height=\"750\" src=\"https:\/\/www.winsonda.com\/wp-content\/uploads\/2024\/07\/Particle-Contamination-banner-1720511383.webp\" class=\"attachment-full size-full wp-image-899\" alt=\"Contamina\u00e7\u00e3o por Part\u00edculas\" srcset=\"https:\/\/www.winsonda.com\/wp-content\/uploads\/2024\/07\/Particle-Contamination-banner-1720511383.webp 1920w, https:\/\/www.winsonda.com\/wp-content\/uploads\/2024\/07\/Particle-Contamination-banner-1720511383-300x117.webp 300w, https:\/\/www.winsonda.com\/wp-content\/uploads\/2024\/07\/Particle-Contamination-banner-1720511383-1024x400.webp 1024w, https:\/\/www.winsonda.com\/wp-content\/uploads\/2024\/07\/Particle-Contamination-banner-1720511383-768x300.webp 768w, https:\/\/www.winsonda.com\/wp-content\/uploads\/2024\/07\/Particle-Contamination-banner-1720511383-1536x600.webp 1536w\" sizes=\"(max-width: 1920px) 100vw, 1920px\" title=\"|\">\t\t\t\t\t\t\t\t\t\t\t\t\t<\/div>\n\t\t\t\t<\/div>\n\t\t\t\t<section class=\"elementor-section elementor-inner-section elementor-element elementor-element-57ccda3 elementor-section-boxed elementor-section-height-default elementor-section-height-default\" data-id=\"57ccda3\" data-element_type=\"section\">\n\t\t\t\t\t\t<div class=\"elementor-container elementor-column-gap-no\">\n\t\t\t\t\t<div class=\"elementor-column elementor-col-100 elementor-inner-column elementor-element elementor-element-eee1892\" data-id=\"eee1892\" data-element_type=\"column\">\n\t\t\t<div class=\"elementor-widget-wrap elementor-element-populated\">\n\t\t\t\t\t\t<div class=\"elementor-element elementor-element-29acb6f elementor-widget elementor-widget-heading\" data-id=\"29acb6f\" data-element_type=\"widget\" data-widget_type=\"heading.default\">\n\t\t\t\t<div class=\"elementor-widget-container\">\n\t\t\t<style>\/*! elementor - v3.22.0 - 24-06-2024 *\/\n.elementor-heading-title{padding:0;margin:0;line-height:1}.elementor-widget-heading .elementor-heading-title[class*=elementor-size-]>a{color:inherit;font-size:inherit;line-height:inherit}.elementor-widget-heading .elementor-heading-title.elementor-size-small{font-size:15px}.elementor-widget-heading .elementor-heading-title.elementor-size-medium{font-size:19px}.elementor-widget-heading .elementor-heading-title.elementor-size-large{font-size:29px}.elementor-widget-heading .elementor-heading-title.elementor-size-xl{font-size:39px}.elementor-widget-heading .elementor-heading-title.elementor-size-xxl{font-size:59px}<\/style><h1 class=\"elementor-heading-title elementor-size-default\">Contamina\u00e7\u00e3o por Part\u00edculas<\/h1>\t\t<\/div>\n\t\t\t\t<\/div>\n\t\t\t\t\t<\/div>\n\t\t<\/div>\n\t\t\t\t\t<\/div>\n\t\t<\/section>\n\t\t\t\t\t<\/div>\n\t\t<\/div>\n\t\t\t\t\t<\/div>\n\t\t<\/section>\n\t\t\t\t<section class=\"elementor-section elementor-top-section elementor-element elementor-element-ae956a0 elementor-section-full_width elementor-section-height-default elementor-section-height-default\" data-id=\"ae956a0\" data-element_type=\"section\">\n\t\t\t\t\t\t<div class=\"elementor-container elementor-column-gap-no\">\n\t\t\t\t\t<div class=\"elementor-column elementor-col-100 elementor-top-column elementor-element elementor-element-c26ca0d\" data-id=\"c26ca0d\" data-element_type=\"column\">\n\t\t\t<div class=\"elementor-widget-wrap elementor-element-populated\">\n\t\t\t\t\t\t<div class=\"elementor-element elementor-element-8f3acfc elementor-widget elementor-widget-template\" data-id=\"8f3acfc\" data-element_type=\"widget\" data-widget_type=\"template.default\">\n\t\t\t\t<div class=\"elementor-widget-container\">\n\t\t\t\t\t<div class=\"elementor-template\">\n\t\t\t\t\t<div data-elementor-type=\"section\" data-elementor-id=\"103\" class=\"elementor elementor-103\" data-elementor-post-type=\"elementor_library\">\n\t\t\t\t\t<section class=\"elementor-section elementor-top-section elementor-element elementor-element-18c80af elementor-section-boxed elementor-section-height-default elementor-section-height-default\" data-id=\"18c80af\" data-element_type=\"section\">\n\t\t\t\t\t\t<div class=\"elementor-container elementor-column-gap-no\">\n\t\t\t\t\t<div class=\"elementor-column elementor-col-100 elementor-top-column elementor-element elementor-element-abbb1a3\" data-id=\"abbb1a3\" data-element_type=\"column\">\n\t\t\t<div class=\"elementor-widget-wrap elementor-element-populated\">\n\t\t\t\t\t\t<div class=\"elementor-element elementor-element-c9cd2a7 elementor-widget elementor-widget-breadcrumbs\" data-id=\"c9cd2a7\" data-element_type=\"widget\" data-widget_type=\"breadcrumbs.default\">\n\t\t\t\t<div class=\"elementor-widget-container\">\n\t\t\t<nav aria-label=\"Migalhas de p\u00e3o\" class=\"rank-math-breadcrumb\"><p><span class=\"last\">Lar<\/span><\/p><\/nav>\t\t<\/div>\n\t\t\t\t<\/div>\n\t\t\t\t\t<\/div>\n\t\t<\/div>\n\t\t\t\t\t<\/div>\n\t\t<\/section>\n\t\t\t\t<\/div>\n\t\t\t\t<\/div>\n\t\t\t\t<\/div>\n\t\t\t\t<\/div>\n\t\t\t\t\t<\/div>\n\t\t<\/div>\n\t\t\t\t\t<\/div>\n\t\t<\/section>\n\t\t\t\t<section class=\"elementor-section elementor-top-section elementor-element elementor-element-db0ca51 elementor-section-boxed elementor-section-height-default elementor-section-height-default\" data-id=\"db0ca51\" data-element_type=\"section\">\n\t\t\t\t\t\t<div class=\"elementor-container elementor-column-gap-no\">\n\t\t\t\t\t<div class=\"elementor-column elementor-col-100 elementor-top-column elementor-element elementor-element-8c9ad5e\" data-id=\"8c9ad5e\" data-element_type=\"column\">\n\t\t\t<div class=\"elementor-widget-wrap elementor-element-populated\">\n\t\t\t\t\t\t<div class=\"elementor-element elementor-element-3b76d3a elementor-widget elementor-widget-text-editor\" data-id=\"3b76d3a\" data-element_type=\"widget\" data-widget_type=\"text-editor.default\">\n\t\t\t\t<div class=\"elementor-widget-container\">\n\t\t\t<style>\/*! elementor - v3.22.0 - 24-06-2024 *\/\n.elementor-widget-text-editor.elementor-drop-cap-view-stacked .elementor-drop-cap{background-color:#69727d;color:#fff}.elementor-widget-text-editor.elementor-drop-cap-view-framed .elementor-drop-cap{color:#69727d;border:3px solid;background-color:transparent}.elementor-widget-text-editor:not(.elementor-drop-cap-view-default) .elementor-drop-cap{margin-top:8px}.elementor-widget-text-editor:not(.elementor-drop-cap-view-default) .elementor-drop-cap-letter{width:1em;height:1em}.elementor-widget-text-editor .elementor-drop-cap{float:left;text-align:center;line-height:1;font-size:50px}.elementor-widget-text-editor .elementor-drop-cap-letter{display:inline-block}<\/style>\t\t\t\t<p><em><strong>\u201cO rolamento pode ter uma vida infinita quando part\u00edculas maiores que a pel\u00edcula lubrificante s\u00e3o removidas\u201d -SKF<\/strong><\/em><\/p>\t\t\t\t\t\t<\/div>\n\t\t\t\t<\/div>\n\t\t\t\t<div class=\"elementor-element elementor-element-119e2f9 elementor-widget elementor-widget-text-editor\" data-id=\"119e2f9\" data-element_type=\"widget\" data-widget_type=\"text-editor.default\">\n\t\t\t\t<div class=\"elementor-widget-container\">\n\t\t\t\t\t\t\t<p>O \u00f3leo lubrificante entra em contato com todos os componentes da m\u00e1quina para que a condi\u00e7\u00e3o do \u00f3leo afete significativamente o desempenho do sistema mec\u00e2nico. \u00c9 importante monitorar a quantidade de part\u00edculas s\u00f3lidas no \u00f3leo que causam a maioria das falhas no sistema de \u00f3leo. O tamanho mais danificado da part\u00edcula \u00e9 semelhante \u00e0 folga din\u00e2mica dos componentes m\u00f3veis (maior do que a espessura do filme de \u00f3leo).<\/p>\t\t\t\t\t\t<\/div>\n\t\t\t\t<\/div>\n\t\t\t\t<div class=\"elementor-element elementor-element-1d1cffc elementor-widget elementor-widget-image\" data-id=\"1d1cffc\" data-element_type=\"widget\" data-widget_type=\"image.default\">\n\t\t\t\t<div class=\"elementor-widget-container\">\n\t\t\t\t\t\t\t\t\t\t\t\t\t\t<a href=\"https:\/\/www.winsonda.com\/wp-content\/uploads\/2024\/07\/film-thickness-1720503428.webp\" data-elementor-open-lightbox=\"yes\" data-elementor-lightbox-title=\"film-thickness\" data-e-action-hash=\"#elementor-action%3Aaction%3Dlightbox%26settings%3DeyJpZCI6ODAyLCJ1cmwiOiJodHRwczpcL1wvd3d3LndpbnNvbmRhLmNvbVwvd3AtY29udGVudFwvdXBsb2Fkc1wvMjAyNFwvMDdcL2ZpbG0tdGhpY2tuZXNzLTE3MjA1MDM0Mjgud2VicCJ9\">\n\t\t\t\t\t\t\t<img decoding=\"async\" width=\"2560\" height=\"2210\" src=\"https:\/\/www.winsonda.com\/wp-content\/uploads\/2024\/07\/film-thickness-1720503428.webp\" class=\"attachment-full size-full wp-image-802\" alt=\"Contamina\u00e7\u00e3o por Part\u00edculas\" srcset=\"https:\/\/www.winsonda.com\/wp-content\/uploads\/2024\/07\/film-thickness-1720503428.webp 2560w, https:\/\/www.winsonda.com\/wp-content\/uploads\/2024\/07\/film-thickness-1720503428-300x259.webp 300w, https:\/\/www.winsonda.com\/wp-content\/uploads\/2024\/07\/film-thickness-1720503428-1024x884.webp 1024w, https:\/\/www.winsonda.com\/wp-content\/uploads\/2024\/07\/film-thickness-1720503428-768x663.webp 768w, https:\/\/www.winsonda.com\/wp-content\/uploads\/2024\/07\/film-thickness-1720503428-1536x1326.webp 1536w, https:\/\/www.winsonda.com\/wp-content\/uploads\/2024\/07\/film-thickness-1720503428-2048x1768.webp 2048w\" sizes=\"(max-width: 2560px) 100vw, 2560px\" title=\"|\">\t\t\t\t\t\t\t\t<\/a>\n\t\t\t\t\t\t\t\t\t\t\t\t\t<\/div>\n\t\t\t\t<\/div>\n\t\t\t\t<section class=\"elementor-section elementor-inner-section elementor-element elementor-element-f70f7ec elementor-section-full_width elementor-section-height-default elementor-section-height-default\" data-id=\"f70f7ec\" data-element_type=\"section\">\n\t\t\t\t\t\t<div class=\"elementor-container elementor-column-gap-no\">\n\t\t\t\t\t<div class=\"elementor-column elementor-col-50 elementor-inner-column elementor-element elementor-element-aa3e71f\" data-id=\"aa3e71f\" data-element_type=\"column\">\n\t\t\t<div class=\"elementor-widget-wrap elementor-element-populated\">\n\t\t\t\t\t\t<div class=\"elementor-element elementor-element-e55b4cf elementor-widget elementor-widget-text-editor\" data-id=\"e55b4cf\" data-element_type=\"widget\" data-widget_type=\"text-editor.default\">\n\t\t\t\t<div class=\"elementor-widget-container\">\n\t\t\t\t\t\t\t<p>Quando pequenas part\u00edculas entram no sistema de \u00f3leo, elas ficam facilmente presas na folga fina, o que leva ao desgaste abrasivo catastr\u00f3fico e mais part\u00edculas s\u00e3o criadas em um c\u00edrculo vicioso.<\/p>\t\t\t\t\t\t<\/div>\n\t\t\t\t<\/div>\n\t\t\t\t\t<\/div>\n\t\t<\/div>\n\t\t\t\t<div class=\"elementor-column elementor-col-50 elementor-inner-column elementor-element elementor-element-18c6bd3\" data-id=\"18c6bd3\" data-element_type=\"column\">\n\t\t\t<div class=\"elementor-widget-wrap elementor-element-populated\">\n\t\t\t\t\t\t<div class=\"elementor-element elementor-element-63fdb6f elementor-widget elementor-widget-image\" data-id=\"63fdb6f\" data-element_type=\"widget\" data-widget_type=\"image.default\">\n\t\t\t\t<div class=\"elementor-widget-container\">\n\t\t\t\t\t\t\t\t\t\t\t\t\t\t<a href=\"https:\/\/www.winsonda.com\/wp-content\/uploads\/2024\/07\/abrasive-wear-1720503427.webp\" data-elementor-open-lightbox=\"yes\" data-elementor-lightbox-title=\"abrasive-wear\" data-e-action-hash=\"#elementor-action%3Aaction%3Dlightbox%26settings%3DeyJpZCI6ODAxLCJ1cmwiOiJodHRwczpcL1wvd3d3LndpbnNvbmRhLmNvbVwvd3AtY29udGVudFwvdXBsb2Fkc1wvMjAyNFwvMDdcL2FicmFzaXZlLXdlYXItMTcyMDUwMzQyNy53ZWJwIn0%3D\">\n\t\t\t\t\t\t\t<img decoding=\"async\" width=\"2560\" height=\"902\" src=\"https:\/\/www.winsonda.com\/wp-content\/uploads\/2024\/07\/abrasive-wear-1720503427.webp\" class=\"attachment-full size-full wp-image-801\" alt=\"Contamina\u00e7\u00e3o por Part\u00edculas\" srcset=\"https:\/\/www.winsonda.com\/wp-content\/uploads\/2024\/07\/abrasive-wear-1720503427.webp 2560w, https:\/\/www.winsonda.com\/wp-content\/uploads\/2024\/07\/abrasive-wear-1720503427-300x106.webp 300w, https:\/\/www.winsonda.com\/wp-content\/uploads\/2024\/07\/abrasive-wear-1720503427-1024x361.webp 1024w, https:\/\/www.winsonda.com\/wp-content\/uploads\/2024\/07\/abrasive-wear-1720503427-768x271.webp 768w, https:\/\/www.winsonda.com\/wp-content\/uploads\/2024\/07\/abrasive-wear-1720503427-1536x541.webp 1536w, https:\/\/www.winsonda.com\/wp-content\/uploads\/2024\/07\/abrasive-wear-1720503427-2048x722.webp 2048w\" sizes=\"(max-width: 2560px) 100vw, 2560px\" title=\"|\">\t\t\t\t\t\t\t\t<\/a>\n\t\t\t\t\t\t\t\t\t\t\t\t\t<\/div>\n\t\t\t\t<\/div>\n\t\t\t\t\t<\/div>\n\t\t<\/div>\n\t\t\t\t\t<\/div>\n\t\t<\/section>\n\t\t\t\t<section class=\"elementor-section elementor-inner-section elementor-element elementor-element-4c84c4a elementor-section-full_width elementor-reverse-mobile elementor-section-height-default elementor-section-height-default\" data-id=\"4c84c4a\" data-element_type=\"section\">\n\t\t\t\t\t\t<div class=\"elementor-container elementor-column-gap-no\">\n\t\t\t\t\t<div class=\"elementor-column elementor-col-50 elementor-inner-column elementor-element elementor-element-70edf3c\" data-id=\"70edf3c\" data-element_type=\"column\">\n\t\t\t<div class=\"elementor-widget-wrap elementor-element-populated\">\n\t\t\t\t\t\t<div class=\"elementor-element elementor-element-b28f877 elementor-widget elementor-widget-image\" data-id=\"b28f877\" data-element_type=\"widget\" data-widget_type=\"image.default\">\n\t\t\t\t<div class=\"elementor-widget-container\">\n\t\t\t\t\t\t\t\t\t\t\t\t\t\t<a href=\"https:\/\/www.winsonda.com\/wp-content\/uploads\/2024\/07\/ISO4406_2017-1720503426.webp\" data-elementor-open-lightbox=\"yes\" data-elementor-lightbox-title=\"ISO4406_2017\" data-e-action-hash=\"#elementor-action%3Aaction%3Dlightbox%26settings%3DeyJpZCI6ODAwLCJ1cmwiOiJodHRwczpcL1wvd3d3LndpbnNvbmRhLmNvbVwvd3AtY29udGVudFwvdXBsb2Fkc1wvMjAyNFwvMDdcL0lTTzQ0MDZfMjAxNy0xNzIwNTAzNDI2LndlYnAifQ%3D%3D\">\n\t\t\t\t\t\t\t<img loading=\"lazy\" decoding=\"async\" width=\"1650\" height=\"2560\" src=\"https:\/\/www.winsonda.com\/wp-content\/uploads\/2024\/07\/ISO4406_2017-1720503426.webp\" class=\"attachment-full size-full wp-image-800\" alt=\"Contamina\u00e7\u00e3o por Part\u00edculas\" srcset=\"https:\/\/www.winsonda.com\/wp-content\/uploads\/2024\/07\/ISO4406_2017-1720503426.webp 1650w, https:\/\/www.winsonda.com\/wp-content\/uploads\/2024\/07\/ISO4406_2017-1720503426-193x300.webp 193w, https:\/\/www.winsonda.com\/wp-content\/uploads\/2024\/07\/ISO4406_2017-1720503426-660x1024.webp 660w, https:\/\/www.winsonda.com\/wp-content\/uploads\/2024\/07\/ISO4406_2017-1720503426-768x1192.webp 768w, https:\/\/www.winsonda.com\/wp-content\/uploads\/2024\/07\/ISO4406_2017-1720503426-990x1536.webp 990w, https:\/\/www.winsonda.com\/wp-content\/uploads\/2024\/07\/ISO4406_2017-1720503426-1320x2048.webp 1320w\" sizes=\"(max-width: 1650px) 100vw, 1650px\" title=\"|\">\t\t\t\t\t\t\t\t<\/a>\n\t\t\t\t\t\t\t\t\t\t\t\t\t<\/div>\n\t\t\t\t<\/div>\n\t\t\t\t\t<\/div>\n\t\t<\/div>\n\t\t\t\t<div class=\"elementor-column elementor-col-50 elementor-inner-column elementor-element elementor-element-ef005bd\" data-id=\"ef005bd\" data-element_type=\"column\">\n\t\t\t<div class=\"elementor-widget-wrap elementor-element-populated\">\n\t\t\t\t\t\t<div class=\"elementor-element elementor-element-79d4ddb elementor-widget elementor-widget-text-editor\" data-id=\"79d4ddb\" data-element_type=\"widget\" data-widget_type=\"text-editor.default\">\n\t\t\t\t<div class=\"elementor-widget-container\">\n\t\t\t\t\t\t\t<h3>ISO 4406:2017<\/h3><p>O c\u00f3digo de limpeza ISO \u00e9 usado para quantificar o n\u00edvel de contaminantes de part\u00edculas por mililitro de \u00f3leo como tamanho 4\u03bcm [c], 6\u03bcm [c], 14\u03bcm [c]. O c\u00f3digo ISO expressa em 3 n\u00fameros, por exemplo 18\/16\/13. Cada n\u00famero representa um c\u00f3digo de n\u00edvel de contamina\u00e7\u00e3o para os tamanhos relativos de part\u00edculas. \u00c9 importante notar que um aumento em um c\u00f3digo \u00e9 geralmente uma duplica\u00e7\u00e3o do n\u00edvel de contamina\u00e7\u00e3o.<\/p><h3>SOLU\u00c7\u00d5ES PARA REMO\u00c7\u00c3O DE PART\u00cdCULAS<\/h3><table><thead><tr><th align=\"left\">Modelo<\/th><th align=\"left\">Part\u00edcula<\/th><th align=\"left\">Part\u00edcula superfina<\/th><th align=\"left\">Sensibilidade \u00e0 \u00e1gua<\/th><\/tr><\/thead><tbody><tr><td align=\"left\">O que voc\u00ea acha?<\/td><td align=\"left\">\u221a<\/td><td align=\"left\">\u00a0<\/td><td align=\"left\">\u00a0<\/td><\/tr><tr><td align=\"left\">WJL<\/td><td align=\"left\">\u221a<\/td><td align=\"left\">\u221a<\/td><td align=\"left\">\u00a0<\/td><\/tr><tr><td align=\"left\">JMJ<\/td><td align=\"left\">\u221a<\/td><td align=\"left\">\u221a<\/td><td align=\"left\">\u221a<\/td><\/tr><\/tbody><\/table>\t\t\t\t\t\t<\/div>\n\t\t\t\t<\/div>\n\t\t\t\t\t<\/div>\n\t\t<\/div>\n\t\t\t\t\t<\/div>\n\t\t<\/section>\n\t\t\t\t\t<\/div>\n\t\t<\/div>\n\t\t\t\t\t<\/div>\n\t\t<\/section>\n\t\t\t\t<\/div>","protected":false},"excerpt":{"rendered":"<p>Contamina\u00e7\u00e3o de Part\u00edculas \u201cO rolamento pode ter uma vida infinita quando part\u00edculas maiores que a pel\u00edcula lubrificante s\u00e3o removidas\u201d - \u00d3leo lubrificante SKF entra em contato com todos os componentes da m\u00e1quina para que a condi\u00e7\u00e3o do \u00f3leo afete significativamente o desempenho do sistema mec\u00e2nico. \u00c9 importante monitorar a quantidade de part\u00edculas s\u00f3lidas no \u00f3leo que causam a maioria [\u2026]<\/p>","protected":false},"author":1,"featured_media":0,"parent":0,"menu_order":0,"comment_status":"closed","ping_status":"closed","template":"","meta":{"_acf_changed":false,"footnotes":""},"class_list":["post-797","page","type-page","status-publish","hentry"],"acf":[],"_links":{"self":[{"href":"https:\/\/www.winsonda.com\/pt\/wp-json\/wp\/v2\/pages\/797"}],"collection":[{"href":"https:\/\/www.winsonda.com\/pt\/wp-json\/wp\/v2\/pages"}],"about":[{"href":"https:\/\/www.winsonda.com\/pt\/wp-json\/wp\/v2\/types\/page"}],"author":[{"embeddable":true,"href":"https:\/\/www.winsonda.com\/pt\/wp-json\/wp\/v2\/users\/1"}],"replies":[{"embeddable":true,"href":"https:\/\/www.winsonda.com\/pt\/wp-json\/wp\/v2\/comments?post=797"}],"version-history":[{"count":5,"href":"https:\/\/www.winsonda.com\/pt\/wp-json\/wp\/v2\/pages\/797\/revisions"}],"predecessor-version":[{"id":2328,"href":"https:\/\/www.winsonda.com\/pt\/wp-json\/wp\/v2\/pages\/797\/revisions\/2328"}],"wp:attachment":[{"href":"https:\/\/www.winsonda.com\/pt\/wp-json\/wp\/v2\/media?parent=797"}],"curies":[{"name":"wp","href":"https:\/\/api.w.org\/{rel}","templated":true}]}}