{"id":2857,"date":"2025-05-15T05:42:15","date_gmt":"2025-05-15T05:42:15","guid":{"rendered":"https:\/\/www.winsonda.com\/?page_id=2857"},"modified":"2025-05-15T06:54:21","modified_gmt":"2025-05-15T06:54:21","slug":"comparing-lte-mvr-and-mee","status":"publish","type":"page","link":"https:\/\/www.winsonda.com\/pt\/comparing-lte-mvr-and-mee\/","title":{"rendered":"Comparando LTE, MVR e MEE"},"content":{"rendered":"<div data-elementor-type=\"wp-page\" data-elementor-id=\"2857\" class=\"elementor elementor-2857\" data-elementor-post-type=\"page\">\n\t\t\t\t\t\t<section class=\"elementor-section elementor-top-section elementor-element elementor-element-71b7dae elementor-section-full_width elementor-section-height-default elementor-section-height-default\" data-id=\"71b7dae\" data-element_type=\"section\">\n\t\t\t\t\t\t<div class=\"elementor-container elementor-column-gap-no\">\n\t\t\t\t\t<div class=\"elementor-column elementor-col-100 elementor-top-column elementor-element elementor-element-d3aebd9\" data-id=\"d3aebd9\" data-element_type=\"column\">\n\t\t\t<div class=\"elementor-widget-wrap elementor-element-populated\">\n\t\t\t\t\t\t<div class=\"elementor-element elementor-element-cb080cd elementor-widget elementor-widget-image\" data-id=\"cb080cd\" data-element_type=\"widget\" data-widget_type=\"image.default\">\n\t\t\t\t<div class=\"elementor-widget-container\">\n\t\t\t<style>\/*! elementor - v3.22.0 - 24-06-2024 *\/\n.elementor-widget-image{text-align:center}.elementor-widget-image a{display:inline-block}.elementor-widget-image a img[src$=\".svg\"]{width:48px}.elementor-widget-image img{vertical-align:middle;display:inline-block}<\/style>\t\t\t\t\t\t\t\t\t\t<img fetchpriority=\"high\" decoding=\"async\" width=\"1921\" height=\"750\" src=\"https:\/\/www.winsonda.com\/wp-content\/uploads\/2025\/03\/4ae4c77f-d68d-4f40-9323-8e2efce411a2-1742352179.webp\" class=\"attachment-full size-full wp-image-2782\" alt=\"Contaminantes de \u00e1guas residuais industriais\" srcset=\"https:\/\/www.winsonda.com\/wp-content\/uploads\/2025\/03\/4ae4c77f-d68d-4f40-9323-8e2efce411a2-1742352179.webp 1921w, https:\/\/www.winsonda.com\/wp-content\/uploads\/2025\/03\/4ae4c77f-d68d-4f40-9323-8e2efce411a2-1742352179-300x117.webp 300w, https:\/\/www.winsonda.com\/wp-content\/uploads\/2025\/03\/4ae4c77f-d68d-4f40-9323-8e2efce411a2-1742352179-1024x400.webp 1024w, https:\/\/www.winsonda.com\/wp-content\/uploads\/2025\/03\/4ae4c77f-d68d-4f40-9323-8e2efce411a2-1742352179-768x300.webp 768w, https:\/\/www.winsonda.com\/wp-content\/uploads\/2025\/03\/4ae4c77f-d68d-4f40-9323-8e2efce411a2-1742352179-1536x600.webp 1536w, https:\/\/www.winsonda.com\/wp-content\/uploads\/2025\/03\/4ae4c77f-d68d-4f40-9323-8e2efce411a2-1742352179-18x7.webp 18w\" sizes=\"(max-width: 1921px) 100vw, 1921px\" title=\"|\">\t\t\t\t\t\t\t\t\t\t\t\t\t<\/div>\n\t\t\t\t<\/div>\n\t\t\t\t<section class=\"elementor-section elementor-inner-section elementor-element elementor-element-2d0e79a elementor-section-boxed elementor-section-height-default elementor-section-height-default\" data-id=\"2d0e79a\" data-element_type=\"section\">\n\t\t\t\t\t\t<div class=\"elementor-container elementor-column-gap-no\">\n\t\t\t\t\t<div class=\"elementor-column elementor-col-100 elementor-inner-column elementor-element elementor-element-ef77e34\" data-id=\"ef77e34\" data-element_type=\"column\">\n\t\t\t<div class=\"elementor-widget-wrap elementor-element-populated\">\n\t\t\t\t\t\t<div class=\"elementor-element elementor-element-af8650d elementor-widget elementor-widget-heading\" data-id=\"af8650d\" data-element_type=\"widget\" data-widget_type=\"heading.default\">\n\t\t\t\t<div class=\"elementor-widget-container\">\n\t\t\t<style>\/*! elementor - v3.22.0 - 24-06-2024 *\/\n.elementor-heading-title{padding:0;margin:0;line-height:1}.elementor-widget-heading .elementor-heading-title[class*=elementor-size-]>a{color:inherit;font-size:inherit;line-height:inherit}.elementor-widget-heading .elementor-heading-title.elementor-size-small{font-size:15px}.elementor-widget-heading .elementor-heading-title.elementor-size-medium{font-size:19px}.elementor-widget-heading .elementor-heading-title.elementor-size-large{font-size:29px}.elementor-widget-heading .elementor-heading-title.elementor-size-xl{font-size:39px}.elementor-widget-heading .elementor-heading-title.elementor-size-xxl{font-size:59px}<\/style><h1 class=\"elementor-heading-title elementor-size-default\">Comparando LTE, MVR e MEE<\/h1>\t\t<\/div>\n\t\t\t\t<\/div>\n\t\t\t\t\t<\/div>\n\t\t<\/div>\n\t\t\t\t\t<\/div>\n\t\t<\/section>\n\t\t\t\t\t<\/div>\n\t\t<\/div>\n\t\t\t\t\t<\/div>\n\t\t<\/section>\n\t\t\t\t<section class=\"elementor-section elementor-top-section elementor-element elementor-element-e3abad1 elementor-section-full_width elementor-section-height-default elementor-section-height-default\" data-id=\"e3abad1\" data-element_type=\"section\">\n\t\t\t\t\t\t<div class=\"elementor-container elementor-column-gap-no\">\n\t\t\t\t\t<div class=\"elementor-column elementor-col-100 elementor-top-column elementor-element elementor-element-d0ad232\" data-id=\"d0ad232\" data-element_type=\"column\">\n\t\t\t<div class=\"elementor-widget-wrap elementor-element-populated\">\n\t\t\t\t\t\t<div class=\"elementor-element elementor-element-1c6b285 elementor-widget elementor-widget-template\" data-id=\"1c6b285\" data-element_type=\"widget\" data-widget_type=\"template.default\">\n\t\t\t\t<div class=\"elementor-widget-container\">\n\t\t\t\t\t<div class=\"elementor-template\">\n\t\t\t\t\t<div data-elementor-type=\"section\" data-elementor-id=\"103\" class=\"elementor elementor-103\" data-elementor-post-type=\"elementor_library\">\n\t\t\t\t\t<section class=\"elementor-section elementor-top-section elementor-element elementor-element-18c80af elementor-section-boxed elementor-section-height-default elementor-section-height-default\" data-id=\"18c80af\" data-element_type=\"section\">\n\t\t\t\t\t\t<div class=\"elementor-container elementor-column-gap-no\">\n\t\t\t\t\t<div class=\"elementor-column elementor-col-100 elementor-top-column elementor-element elementor-element-abbb1a3\" data-id=\"abbb1a3\" data-element_type=\"column\">\n\t\t\t<div class=\"elementor-widget-wrap elementor-element-populated\">\n\t\t\t\t\t\t<div class=\"elementor-element elementor-element-c9cd2a7 elementor-widget elementor-widget-breadcrumbs\" data-id=\"c9cd2a7\" data-element_type=\"widget\" data-widget_type=\"breadcrumbs.default\">\n\t\t\t\t<div class=\"elementor-widget-container\">\n\t\t\t<nav aria-label=\"Migalhas de p\u00e3o\" class=\"rank-math-breadcrumb\"><p><span class=\"last\">Lar<\/span><\/p><\/nav>\t\t<\/div>\n\t\t\t\t<\/div>\n\t\t\t\t\t<\/div>\n\t\t<\/div>\n\t\t\t\t\t<\/div>\n\t\t<\/section>\n\t\t\t\t<\/div>\n\t\t\t\t<\/div>\n\t\t\t\t<\/div>\n\t\t\t\t<\/div>\n\t\t\t\t\t<\/div>\n\t\t<\/div>\n\t\t\t\t\t<\/div>\n\t\t<\/section>\n\t\t\t\t<section class=\"elementor-section elementor-top-section elementor-element elementor-element-e82a3a2 elementor-section-boxed elementor-section-height-default elementor-section-height-default\" data-id=\"e82a3a2\" data-element_type=\"section\">\n\t\t\t\t\t\t<div class=\"elementor-container elementor-column-gap-no\">\n\t\t\t\t\t<div class=\"elementor-column elementor-col-100 elementor-top-column elementor-element elementor-element-86e0671\" data-id=\"86e0671\" data-element_type=\"column\">\n\t\t\t<div class=\"elementor-widget-wrap elementor-element-populated\">\n\t\t\t\t\t\t<div class=\"elementor-element elementor-element-7cbb888 elementor-widget elementor-widget-heading\" data-id=\"7cbb888\" data-element_type=\"widget\" data-widget_type=\"heading.default\">\n\t\t\t\t<div class=\"elementor-widget-container\">\n\t\t\t<h2 class=\"elementor-heading-title elementor-size-default\">Uma compara\u00e7\u00e3o entre evaporador de baixa temperatura (LTE), recompress\u00e3o mec\u00e2nica de vapor (MVR) e evaporador de m\u00faltiplos efeitos (MEE)<\/h2>\t\t<\/div>\n\t\t\t\t<\/div>\n\t\t\t\t<div class=\"elementor-element elementor-element-c9c4017 elementor-widget elementor-widget-text-editor\" data-id=\"c9c4017\" data-element_type=\"widget\" data-widget_type=\"text-editor.default\">\n\t\t\t\t<div class=\"elementor-widget-container\">\n\t\t\t<style>\/*! elementor - v3.22.0 - 24-06-2024 *\/\n.elementor-widget-text-editor.elementor-drop-cap-view-stacked .elementor-drop-cap{background-color:#69727d;color:#fff}.elementor-widget-text-editor.elementor-drop-cap-view-framed .elementor-drop-cap{color:#69727d;border:3px solid;background-color:transparent}.elementor-widget-text-editor:not(.elementor-drop-cap-view-default) .elementor-drop-cap{margin-top:8px}.elementor-widget-text-editor:not(.elementor-drop-cap-view-default) .elementor-drop-cap-letter{width:1em;height:1em}.elementor-widget-text-editor .elementor-drop-cap{float:left;text-align:center;line-height:1;font-size:50px}.elementor-widget-text-editor .elementor-drop-cap-letter{display:inline-block}<\/style>\t\t\t\t<p class=\"p\">\u00c0 medida que a descarga zero de l\u00edquidos (ZLD) e a concentra\u00e7\u00e3o de efluentes se tornam cada vez mais cr\u00edticas em setores como tratamento de res\u00edduos perigosos, processamento qu\u00edmico e gest\u00e3o de lixiviados de aterros sanit\u00e1rios, selecionar a tecnologia de evapora\u00e7\u00e3o correta \u00e9 essencial. Este folheto compara tr\u00eas sistemas amplamente utilizados e descreve por que evaporadores a v\u00e1cuo de baixa temperatura costumam ser a melhor solu\u00e7\u00e3o.<\/p>\t\t\t\t\t\t<\/div>\n\t\t\t\t<\/div>\n\t\t\t\t<div class=\"elementor-element elementor-element-b9e48e0 elementor-widget elementor-widget-heading\" data-id=\"b9e48e0\" data-element_type=\"widget\" data-widget_type=\"heading.default\">\n\t\t\t\t<div class=\"elementor-widget-container\">\n\t\t\t<h2 class=\"elementor-heading-title elementor-size-default\">Principais vantagens do evaporador a v\u00e1cuo de baixa temperatura (LTE)<\/h2>\t\t<\/div>\n\t\t\t\t<\/div>\n\t\t\t\t<section class=\"elementor-section elementor-inner-section elementor-element elementor-element-1ff2d4c elementor-section-full_width elementor-section-height-default elementor-section-height-default\" data-id=\"1ff2d4c\" data-element_type=\"section\">\n\t\t\t\t\t\t<div class=\"elementor-container elementor-column-gap-no\">\n\t\t\t\t\t<div class=\"elementor-column elementor-col-16 elementor-inner-column elementor-element elementor-element-cdce08d item_box\" data-id=\"cdce08d\" data-element_type=\"column\">\n\t\t\t<div class=\"elementor-widget-wrap elementor-element-populated\">\n\t\t\t\t\t\t<div class=\"elementor-element elementor-element-abaad8f elementor-widget elementor-widget-heading\" data-id=\"abaad8f\" data-element_type=\"widget\" data-widget_type=\"heading.default\">\n\t\t\t\t<div class=\"elementor-widget-container\">\n\t\t\t<h3 class=\"elementor-heading-title elementor-size-default\">Custos operacionais mais baixos<\/h3>\t\t<\/div>\n\t\t\t\t<\/div>\n\t\t\t\t<div class=\"elementor-element elementor-element-0fa0dbd elementor-widget elementor-widget-text-editor\" data-id=\"0fa0dbd\" data-element_type=\"widget\" data-widget_type=\"text-editor.default\">\n\t\t\t\t<div class=\"elementor-widget-container\">\n\t\t\t\t\t\t\t<p>Com OPEX entre 50\u201360 RMB\/tonelada, o LTE consome significativamente menos energia, principalmente porque n\u00e3o depende de vapor ou compressores de alta press\u00e3o como MVR ou MEE.<\/p>\t\t\t\t\t\t<\/div>\n\t\t\t\t<\/div>\n\t\t\t\t\t<\/div>\n\t\t<\/div>\n\t\t\t\t<div class=\"elementor-column elementor-col-16 elementor-inner-column elementor-element elementor-element-f643eb1 item_box\" data-id=\"f643eb1\" data-element_type=\"column\">\n\t\t\t<div class=\"elementor-widget-wrap elementor-element-populated\">\n\t\t\t\t\t\t<div class=\"elementor-element elementor-element-56e5eda elementor-widget elementor-widget-heading\" data-id=\"56e5eda\" data-element_type=\"widget\" data-widget_type=\"heading.default\">\n\t\t\t\t<div class=\"elementor-widget-container\">\n\t\t\t<h3 class=\"elementor-heading-title elementor-size-default\">Sem depend\u00eancia de vapor ou \u00e1gua circulante<\/h3>\t\t<\/div>\n\t\t\t\t<\/div>\n\t\t\t\t<div class=\"elementor-element elementor-element-d1ce1ce elementor-widget elementor-widget-text-editor\" data-id=\"d1ce1ce\" data-element_type=\"widget\" data-widget_type=\"text-editor.default\">\n\t\t\t\t<div class=\"elementor-widget-container\">\n\t\t\t\t\t\t\t<p>Os evaporadores tradicionais exigem caldeiras, vapor e sistemas de circula\u00e7\u00e3o de \u00e1gua, aumentando a infraestrutura e a carga de manuten\u00e7\u00e3o. Os sistemas LTE requerem apenas eletricidade, o que os torna ideais para regi\u00f5es com escassez de \u00e1gua ou instala\u00e7\u00f5es remotas.<\/p>\t\t\t\t\t\t<\/div>\n\t\t\t\t<\/div>\n\t\t\t\t\t<\/div>\n\t\t<\/div>\n\t\t\t\t<div class=\"elementor-column elementor-col-16 elementor-inner-column elementor-element elementor-element-f458a76 item_box\" data-id=\"f458a76\" data-element_type=\"column\">\n\t\t\t<div class=\"elementor-widget-wrap elementor-element-populated\">\n\t\t\t\t\t\t<div class=\"elementor-element elementor-element-934405e elementor-widget elementor-widget-heading\" data-id=\"934405e\" data-element_type=\"widget\" data-widget_type=\"heading.default\">\n\t\t\t\t<div class=\"elementor-widget-container\">\n\t\t\t<h3 class=\"elementor-heading-title elementor-size-default\">Design plug &amp; play montado em skid<\/h3>\t\t<\/div>\n\t\t\t\t<\/div>\n\t\t\t\t<div class=\"elementor-element elementor-element-b23b91a elementor-widget elementor-widget-text-editor\" data-id=\"b23b91a\" data-element_type=\"widget\" data-widget_type=\"text-editor.default\">\n\t\t\t\t<div class=\"elementor-widget-container\">\n\t\t\t\t\t\t\t<p>As unidades LTE s\u00e3o totalmente montadas e testadas na f\u00e1brica. N\u00e3o s\u00e3o necess\u00e1rias obras civis ou montagem no local, o que reduz o tempo e o custo de comissionamento.<\/p>\t\t\t\t\t\t<\/div>\n\t\t\t\t<\/div>\n\t\t\t\t\t<\/div>\n\t\t<\/div>\n\t\t\t\t<div class=\"elementor-column elementor-col-16 elementor-inner-column elementor-element elementor-element-45039d5 item_box\" data-id=\"45039d5\" data-element_type=\"column\">\n\t\t\t<div class=\"elementor-widget-wrap elementor-element-populated\">\n\t\t\t\t\t\t<div class=\"elementor-element elementor-element-12c23c2 elementor-widget elementor-widget-heading\" data-id=\"12c23c2\" data-element_type=\"widget\" data-widget_type=\"heading.default\">\n\t\t\t\t<div class=\"elementor-widget-container\">\n\t\t\t<h3 class=\"elementor-heading-title elementor-size-default\">Alta automa\u00e7\u00e3o<\/h3>\t\t<\/div>\n\t\t\t\t<\/div>\n\t\t\t\t<div class=\"elementor-element elementor-element-ccf2153 elementor-widget elementor-widget-text-editor\" data-id=\"ccf2153\" data-element_type=\"widget\" data-widget_type=\"text-editor.default\">\n\t\t\t\t<div class=\"elementor-widget-container\">\n\t\t\t\t\t\t\t<p>In\u00edcio com um clique, sem necessidade de operadores dedicados. Isso reduz os custos de m\u00e3o de obra e o risco de erro humano durante a opera\u00e7\u00e3o.<\/p>\t\t\t\t\t\t<\/div>\n\t\t\t\t<\/div>\n\t\t\t\t\t<\/div>\n\t\t<\/div>\n\t\t\t\t<div class=\"elementor-column elementor-col-16 elementor-inner-column elementor-element elementor-element-56a9d3f item_box\" data-id=\"56a9d3f\" data-element_type=\"column\">\n\t\t\t<div class=\"elementor-widget-wrap elementor-element-populated\">\n\t\t\t\t\t\t<div class=\"elementor-element elementor-element-fdfe9c7 elementor-widget elementor-widget-heading\" data-id=\"fdfe9c7\" data-element_type=\"widget\" data-widget_type=\"heading.default\">\n\t\t\t\t<div class=\"elementor-widget-container\">\n\t\t\t<h3 class=\"elementor-heading-title elementor-size-default\">Excelente para \u00e1guas residuais pegajosas ou propensas a incrusta\u00e7\u00f5es<\/h3>\t\t<\/div>\n\t\t\t\t<\/div>\n\t\t\t\t<div class=\"elementor-element elementor-element-4386e5d elementor-widget elementor-widget-text-editor\" data-id=\"4386e5d\" data-element_type=\"widget\" data-widget_type=\"text-editor.default\">\n\t\t\t\t<div class=\"elementor-widget-container\">\n\t\t\t\t\t\t\t<p>Opera em baixas temperaturas, o que retarda a forma\u00e7\u00e3o de incrusta\u00e7\u00f5es e reduz a cristaliza\u00e7\u00e3o de sal em trocadores de calor.<\/p><p>Os recursos de autolimpeza e o design do trocador de calor antiincrustante aumentam os intervalos de manuten\u00e7\u00e3o.<\/p><p>Particularmente eficaz para \u00e1guas-m\u00e3e de chorume de aterros sanit\u00e1rios, salmouras industriais com alto teor de sal e res\u00edduos farmac\u00eauticos.<\/p>\t\t\t\t\t\t<\/div>\n\t\t\t\t<\/div>\n\t\t\t\t\t<\/div>\n\t\t<\/div>\n\t\t\t\t<div class=\"elementor-column elementor-col-16 elementor-inner-column elementor-element elementor-element-f1a3f4b item_box\" data-id=\"f1a3f4b\" data-element_type=\"column\">\n\t\t\t<div class=\"elementor-widget-wrap elementor-element-populated\">\n\t\t\t\t\t\t<div class=\"elementor-element elementor-element-72b706d elementor-widget elementor-widget-heading\" data-id=\"72b706d\" data-element_type=\"widget\" data-widget_type=\"heading.default\">\n\t\t\t\t<div class=\"elementor-widget-container\">\n\t\t\t<h3 class=\"elementor-heading-title elementor-size-default\">Qualidade consistente da \u00e1gua<\/h3>\t\t<\/div>\n\t\t\t\t<\/div>\n\t\t\t\t<div class=\"elementor-element elementor-element-89d8541 elementor-widget elementor-widget-text-editor\" data-id=\"89d8541\" data-element_type=\"widget\" data-widget_type=\"text-editor.default\">\n\t\t\t\t<div class=\"elementor-widget-container\">\n\t\t\t\t\t\t\t<p>O destilado dos sistemas LTE \u00e9 limpo e est\u00e1vel, geralmente atendendo aos padr\u00f5es de reutiliza\u00e7\u00e3o ou descarte sem polimento adicional.<\/p>\t\t\t\t\t\t<\/div>\n\t\t\t\t<\/div>\n\t\t\t\t\t<\/div>\n\t\t<\/div>\n\t\t\t\t\t<\/div>\n\t\t<\/section>\n\t\t\t\t<div class=\"elementor-element elementor-element-42a27ca elementor-widget elementor-widget-heading\" data-id=\"42a27ca\" data-element_type=\"widget\" data-widget_type=\"heading.default\">\n\t\t\t\t<div class=\"elementor-widget-container\">\n\t\t\t<h2 class=\"elementor-heading-title elementor-size-default\">Desafios do MVR e MEE<\/h2>\t\t<\/div>\n\t\t\t\t<\/div>\n\t\t\t\t<div class=\"elementor-element elementor-element-18963ce elementor-widget elementor-widget-heading\" data-id=\"18963ce\" data-element_type=\"widget\" data-widget_type=\"heading.default\">\n\t\t\t\t<div class=\"elementor-widget-container\">\n\t\t\t<h3 class=\"elementor-heading-title elementor-size-default\"><p>\u00b7 A opera\u00e7\u00e3o em alta temperatura causa incrusta\u00e7\u00f5es frequentes.<\/p>\n<p>\u00b7 Requer operadores qualificados para balanceamento de vapor e compressor.<\/p>\n<p>\u00b7 Altos custos de limpeza e manuten\u00e7\u00e3o, especialmente para salmoura e \u00e1guas residuais ricas em mat\u00e9ria org\u00e2nica.<\/p>\n<\/h3>\t\t<\/div>\n\t\t\t\t<\/div>\n\t\t\t\t<div class=\"elementor-element elementor-element-d12e4e0 elementor-widget elementor-widget-heading\" data-id=\"d12e4e0\" data-element_type=\"widget\" data-widget_type=\"heading.default\">\n\t\t\t\t<div class=\"elementor-widget-container\">\n\t\t\t<h2 class=\"elementor-heading-title elementor-size-default\">Resumo comparativo de LTE, MVR e MEE<\/h2>\t\t<\/div>\n\t\t\t\t<\/div>\n\t\t\t\t<div class=\"elementor-element elementor-element-62aa54c elementor-widget elementor-widget-text-editor\" data-id=\"62aa54c\" data-element_type=\"widget\" data-widget_type=\"text-editor.default\">\n\t\t\t\t<div class=\"elementor-widget-container\">\n\t\t\t\t\t\t\t<table style=\"width: 100%; height: 455px;\"><thead><tr style=\"height: 78px;\"><th style=\"width: 27.8054%; height: 78px;\" align=\"left\"><p>Item<\/p><\/th><th style=\"width: 25.0996%; height: 78px;\" align=\"left\"><p>LTE (Skid)<\/p><p>MVR<\/p><\/th><th style=\"width: 24.5046%; height: 78px;\" align=\"left\"><p>MVR<\/p><span style=\"vertical-align: inherit;\"><span style=\"vertical-align: inherit;\"><br \/><\/span><\/span><\/th><th style=\"width: 22.5147%; height: 78px;\" align=\"left\"><p>MEE (Dois\/Tr\u00eas Efeitos)<\/p><\/th><\/tr><\/thead><tbody><tr style=\"height: 183px;\"><td style=\"width: 27.8054%; height: 183px;\" align=\"left\"><p>Custo Operacional (OPEX)<\/p><span style=\"vertical-align: inherit;\"><span style=\"vertical-align: inherit;\"><br \/><\/span><\/span><\/td><td style=\"width: 25.0996%; height: 183px;\" align=\"left\"><p>50\u201360 RMB\/tonelada<\/p><\/td><td style=\"width: 24.5046%; height: 183px;\" align=\"left\"><p>90\u2013100 RMB\/tonelada<\/p><\/td><td style=\"width: 22.5147%; height: 183px;\" align=\"left\"><p>110\u2013140 RMB\/tonelada<\/p><\/td><\/tr><tr style=\"height: 168px;\"><td style=\"width: 27.8054%; height: 168px;\" align=\"left\"><p>Instala\u00e7\u00e3o<\/p><\/td><td style=\"width: 25.0996%; height: 168px;\" align=\"left\"><span style=\"vertical-align: inherit;\"><span style=\"vertical-align: inherit;\">Montado em skid, plug-and-play<\/span><\/span><\/td><td style=\"width: 24.5046%; height: 168px;\" align=\"left\"><p>Grande pegada, trabalho no local<\/p><span style=\"vertical-align: inherit;\"><span style=\"vertical-align: inherit;\"><br \/><\/span><\/span><\/td><td style=\"width: 22.5147%; height: 168px;\" align=\"left\"><p>Grande pegada, instala\u00e7\u00e3o extensa<\/p><span style=\"vertical-align: inherit;\"><span style=\"vertical-align: inherit;\"><br \/><\/span><\/span><\/td><\/tr><tr style=\"height: 26px;\"><td style=\"width: 27.8054%; height: 26px;\"><p>Automa\u00e7\u00e3o<\/p><p>Totalmente autom\u00e1tico, sem operador<\/p><\/td><td style=\"width: 25.0996%; height: 26px;\"><p>Totalmente autom\u00e1tico, sem operador<\/p><\/td><td style=\"width: 24.5046%; height: 26px;\"><p>Opera\u00e7\u00e3o manual necess\u00e1ria<\/p><span style=\"vertical-align: inherit;\"><span style=\"vertical-align: inherit;\"><br \/><\/span><\/span><\/td><td style=\"width: 22.5147%; height: 26px;\"><p>Opera\u00e7\u00e3o manual necess\u00e1ria<\/p><span style=\"vertical-align: inherit;\"><span style=\"vertical-align: inherit;\"><br \/><\/span><\/span><\/td><\/tr><tr><td style=\"width: 27.8054%;\"><p>Manuten\u00e7\u00e3o<\/p><span style=\"vertical-align: inherit;\"><span style=\"vertical-align: inherit;\"><br \/><\/span><\/span><\/td><td style=\"width: 25.0996%;\"><p>F\u00e1cil limpeza, baixo risco<\/p><span style=\"vertical-align: inherit;\"><span style=\"vertical-align: inherit;\"><br \/><\/span><\/span><\/td><td style=\"width: 24.5046%;\"><p>Propenso a entupimentos\/sujeiras<\/p><span style=\"vertical-align: inherit;\"><span style=\"vertical-align: inherit;\"><span style=\"vertical-align: inherit;\"><span style=\"vertical-align: inherit;\"><br \/><\/span><\/span><\/span><\/span><\/td><td style=\"width: 22.5147%;\"><p>Alta escala, alto custo de limpeza<\/p><span style=\"vertical-align: inherit;\"><span style=\"vertical-align: inherit;\"><span style=\"vertical-align: inherit;\"><span style=\"vertical-align: inherit;\"><br \/><\/span><\/span><\/span><\/span><\/td><\/tr><tr><td style=\"width: 27.8054%;\"><p>Efici\u00eancia Energ\u00e9tica<\/p><span style=\"vertical-align: inherit;\"><span style=\"vertical-align: inherit;\"><br \/><\/span><\/span><\/td><td style=\"width: 25.0996%;\"><p>Baixo consumo de energia, sem necessidade de vapor<\/p><span style=\"vertical-align: inherit;\"><span style=\"vertical-align: inherit;\"><br \/><\/span><\/span><\/td><td style=\"width: 24.5046%;\"><p>Boa reutiliza\u00e7\u00e3o do calor latente<\/p><span style=\"vertical-align: inherit;\"><span style=\"vertical-align: inherit;\"><span style=\"vertical-align: inherit;\"><span style=\"vertical-align: inherit;\"><br \/><\/span><\/span><\/span><\/span><\/td><td style=\"width: 22.5147%;\"><p>Alto consumo de vapor<\/p><span style=\"vertical-align: inherit;\"><span style=\"vertical-align: inherit;\"><span style=\"vertical-align: inherit;\"><span style=\"vertical-align: inherit;\"><br \/><\/span><\/span><\/span><\/span><\/td><\/tr><tr><td style=\"width: 27.8054%;\"><p>Raz\u00e3o de concentra\u00e7\u00e3o<\/p><span style=\"vertical-align: inherit;\"><span style=\"vertical-align: inherit;\"><br \/><\/span><\/span><\/td><td style=\"width: 25.0996%;\"><p>Alto (8\u201310x t\u00edpico)<\/p><span style=\"vertical-align: inherit;\"><span style=\"vertical-align: inherit;\"><br \/><\/span><\/span><\/td><td style=\"width: 24.5046%;\"><p>Moderado<\/p><span style=\"vertical-align: inherit;\"><span style=\"vertical-align: inherit;\"><span style=\"vertical-align: inherit;\"><span style=\"vertical-align: inherit;\"><br \/><\/span><\/span><\/span><\/span><\/td><td style=\"width: 22.5147%;\"><p>Moderado<\/p><span style=\"vertical-align: inherit;\"><span style=\"vertical-align: inherit;\"><span style=\"vertical-align: inherit;\"><span style=\"vertical-align: inherit;\"><br \/><\/span><\/span><\/span><\/span><\/td><\/tr><tr><td style=\"width: 27.8054%;\"><p>Adequa\u00e7\u00e3o<\/p><span style=\"vertical-align: inherit;\"><span style=\"vertical-align: inherit;\"><br \/><\/span><\/span><\/td><td style=\"width: 25.0996%;\"><p>\u00c1guas residuais complexas, pegajosas e propensas \u00e0 forma\u00e7\u00e3o de incrusta\u00e7\u00f5es<\/p><span style=\"vertical-align: inherit;\"><span style=\"vertical-align: inherit;\"><br \/><\/span><\/span><\/td><td style=\"width: 24.5046%;\"><p>\u00c1gua est\u00e1vel e de baixa incrusta\u00e7\u00e3o<\/p><span style=\"vertical-align: inherit;\"><span style=\"vertical-align: inherit;\"><span style=\"vertical-align: inherit;\"><span style=\"vertical-align: inherit;\"><br \/><\/span><\/span><\/span><\/span><\/td><td style=\"width: 22.5147%;\"><p>Res\u00edduos de grande volume e baixa complexidade<\/p><span style=\"vertical-align: inherit;\"><span style=\"vertical-align: inherit;\"><span style=\"vertical-align: inherit;\"><span style=\"vertical-align: inherit;\"><br \/><\/span><\/span><\/span><\/span><\/td><\/tr><\/tbody><\/table>\t\t\t\t\t\t<\/div>\n\t\t\t\t<\/div>\n\t\t\t\t\t<\/div>\n\t\t<\/div>\n\t\t\t\t\t<\/div>\n\t\t<\/section>\n\t\t\t\t<\/div>","protected":false},"excerpt":{"rendered":"<p>Comparando LTE, MVR e MEE Uma compara\u00e7\u00e3o entre Evaporador de Baixa Temperatura (LTE), Recompress\u00e3o Mec\u00e2nica de Vapor (MVR) e Evaporador de M\u00faltiplos Efeitos (MEE) \u00c0 medida que a descarga zero de l\u00edquidos (ZLD) e a concentra\u00e7\u00e3o de efluentes se tornam cada vez mais cr\u00edticas em setores como tratamento de res\u00edduos perigosos, processamento qu\u00edmico e gest\u00e3o de lixiviados de aterros sanit\u00e1rios, selecionar a tecnologia de evapora\u00e7\u00e3o correta \u00e9 essencial. Este folheto compara tr\u00eas [\u2026]<\/p>","protected":false},"author":4,"featured_media":0,"parent":0,"menu_order":0,"comment_status":"closed","ping_status":"closed","template":"","meta":{"_acf_changed":false,"footnotes":""},"class_list":["post-2857","page","type-page","status-publish","hentry"],"acf":[],"_links":{"self":[{"href":"https:\/\/www.winsonda.com\/pt\/wp-json\/wp\/v2\/pages\/2857"}],"collection":[{"href":"https:\/\/www.winsonda.com\/pt\/wp-json\/wp\/v2\/pages"}],"about":[{"href":"https:\/\/www.winsonda.com\/pt\/wp-json\/wp\/v2\/types\/page"}],"author":[{"embeddable":true,"href":"https:\/\/www.winsonda.com\/pt\/wp-json\/wp\/v2\/users\/4"}],"replies":[{"embeddable":true,"href":"https:\/\/www.winsonda.com\/pt\/wp-json\/wp\/v2\/comments?post=2857"}],"version-history":[{"count":5,"href":"https:\/\/www.winsonda.com\/pt\/wp-json\/wp\/v2\/pages\/2857\/revisions"}],"predecessor-version":[{"id":2911,"href":"https:\/\/www.winsonda.com\/pt\/wp-json\/wp\/v2\/pages\/2857\/revisions\/2911"}],"wp:attachment":[{"href":"https:\/\/www.winsonda.com\/pt\/wp-json\/wp\/v2\/media?parent=2857"}],"curies":[{"name":"wp","href":"https:\/\/api.w.org\/{rel}","templated":true}]}}