{"id":2724,"date":"2025-03-13T01:32:21","date_gmt":"2025-03-13T01:32:21","guid":{"rendered":"https:\/\/www.winsonda.com\/?page_id=2724"},"modified":"2025-03-19T02:43:13","modified_gmt":"2025-03-19T02:43:13","slug":"industrial-wastewater-contaminants","status":"publish","type":"page","link":"https:\/\/www.winsonda.com\/pt\/industrial-wastewater-contaminants\/","title":{"rendered":"Contaminantes de \u00e1guas residuais industriais"},"content":{"rendered":"<div data-elementor-type=\"wp-page\" data-elementor-id=\"2724\" class=\"elementor elementor-2724\" data-elementor-post-type=\"page\">\n\t\t\t\t\t\t<section class=\"elementor-section elementor-top-section elementor-element elementor-element-71b7dae elementor-section-full_width elementor-section-height-default elementor-section-height-default\" data-id=\"71b7dae\" data-element_type=\"section\">\n\t\t\t\t\t\t<div class=\"elementor-container elementor-column-gap-no\">\n\t\t\t\t\t<div class=\"elementor-column elementor-col-100 elementor-top-column elementor-element elementor-element-d3aebd9\" data-id=\"d3aebd9\" data-element_type=\"column\">\n\t\t\t<div class=\"elementor-widget-wrap elementor-element-populated\">\n\t\t\t\t\t\t<div class=\"elementor-element elementor-element-cb080cd elementor-widget elementor-widget-image\" data-id=\"cb080cd\" data-element_type=\"widget\" data-widget_type=\"image.default\">\n\t\t\t\t<div class=\"elementor-widget-container\">\n\t\t\t<style>\/*! elementor - v3.22.0 - 24-06-2024 *\/\n.elementor-widget-image{text-align:center}.elementor-widget-image a{display:inline-block}.elementor-widget-image a img[src$=\".svg\"]{width:48px}.elementor-widget-image img{vertical-align:middle;display:inline-block}<\/style>\t\t\t\t\t\t\t\t\t\t<img fetchpriority=\"high\" decoding=\"async\" width=\"1921\" height=\"750\" src=\"https:\/\/www.winsonda.com\/wp-content\/uploads\/2025\/03\/4ae4c77f-d68d-4f40-9323-8e2efce411a2-1742352179.webp\" class=\"attachment-full size-full wp-image-2782\" alt=\"Contaminantes de \u00e1guas residuais industriais\" srcset=\"https:\/\/www.winsonda.com\/wp-content\/uploads\/2025\/03\/4ae4c77f-d68d-4f40-9323-8e2efce411a2-1742352179.webp 1921w, https:\/\/www.winsonda.com\/wp-content\/uploads\/2025\/03\/4ae4c77f-d68d-4f40-9323-8e2efce411a2-1742352179-300x117.webp 300w, https:\/\/www.winsonda.com\/wp-content\/uploads\/2025\/03\/4ae4c77f-d68d-4f40-9323-8e2efce411a2-1742352179-1024x400.webp 1024w, https:\/\/www.winsonda.com\/wp-content\/uploads\/2025\/03\/4ae4c77f-d68d-4f40-9323-8e2efce411a2-1742352179-768x300.webp 768w, https:\/\/www.winsonda.com\/wp-content\/uploads\/2025\/03\/4ae4c77f-d68d-4f40-9323-8e2efce411a2-1742352179-1536x600.webp 1536w, https:\/\/www.winsonda.com\/wp-content\/uploads\/2025\/03\/4ae4c77f-d68d-4f40-9323-8e2efce411a2-1742352179-18x7.webp 18w\" sizes=\"(max-width: 1921px) 100vw, 1921px\" title=\"|\">\t\t\t\t\t\t\t\t\t\t\t\t\t<\/div>\n\t\t\t\t<\/div>\n\t\t\t\t<section class=\"elementor-section elementor-inner-section elementor-element elementor-element-2d0e79a elementor-section-boxed elementor-section-height-default elementor-section-height-default\" data-id=\"2d0e79a\" data-element_type=\"section\">\n\t\t\t\t\t\t<div class=\"elementor-container elementor-column-gap-no\">\n\t\t\t\t\t<div class=\"elementor-column elementor-col-100 elementor-inner-column elementor-element elementor-element-ef77e34\" data-id=\"ef77e34\" data-element_type=\"column\">\n\t\t\t<div class=\"elementor-widget-wrap elementor-element-populated\">\n\t\t\t\t\t\t<div class=\"elementor-element elementor-element-af8650d elementor-widget elementor-widget-heading\" data-id=\"af8650d\" data-element_type=\"widget\" data-widget_type=\"heading.default\">\n\t\t\t\t<div class=\"elementor-widget-container\">\n\t\t\t<style>\/*! elementor - v3.22.0 - 24-06-2024 *\/\n.elementor-heading-title{padding:0;margin:0;line-height:1}.elementor-widget-heading .elementor-heading-title[class*=elementor-size-]>a{color:inherit;font-size:inherit;line-height:inherit}.elementor-widget-heading .elementor-heading-title.elementor-size-small{font-size:15px}.elementor-widget-heading .elementor-heading-title.elementor-size-medium{font-size:19px}.elementor-widget-heading .elementor-heading-title.elementor-size-large{font-size:29px}.elementor-widget-heading .elementor-heading-title.elementor-size-xl{font-size:39px}.elementor-widget-heading .elementor-heading-title.elementor-size-xxl{font-size:59px}<\/style><h1 class=\"elementor-heading-title elementor-size-default\">Contaminantes de \u00e1guas residuais industriais<\/h1>\t\t<\/div>\n\t\t\t\t<\/div>\n\t\t\t\t\t<\/div>\n\t\t<\/div>\n\t\t\t\t\t<\/div>\n\t\t<\/section>\n\t\t\t\t\t<\/div>\n\t\t<\/div>\n\t\t\t\t\t<\/div>\n\t\t<\/section>\n\t\t\t\t<section class=\"elementor-section elementor-top-section elementor-element elementor-element-e3abad1 elementor-section-full_width elementor-section-height-default elementor-section-height-default\" data-id=\"e3abad1\" data-element_type=\"section\">\n\t\t\t\t\t\t<div class=\"elementor-container elementor-column-gap-no\">\n\t\t\t\t\t<div class=\"elementor-column elementor-col-100 elementor-top-column elementor-element elementor-element-d0ad232\" data-id=\"d0ad232\" data-element_type=\"column\">\n\t\t\t<div class=\"elementor-widget-wrap elementor-element-populated\">\n\t\t\t\t\t\t<div class=\"elementor-element elementor-element-1c6b285 elementor-widget elementor-widget-template\" data-id=\"1c6b285\" data-element_type=\"widget\" data-widget_type=\"template.default\">\n\t\t\t\t<div class=\"elementor-widget-container\">\n\t\t\t\t\t<div class=\"elementor-template\">\n\t\t\t\t\t<div data-elementor-type=\"section\" data-elementor-id=\"103\" class=\"elementor elementor-103\" data-elementor-post-type=\"elementor_library\">\n\t\t\t\t\t<section class=\"elementor-section elementor-top-section elementor-element elementor-element-18c80af elementor-section-boxed elementor-section-height-default elementor-section-height-default\" data-id=\"18c80af\" data-element_type=\"section\">\n\t\t\t\t\t\t<div class=\"elementor-container elementor-column-gap-no\">\n\t\t\t\t\t<div class=\"elementor-column elementor-col-100 elementor-top-column elementor-element elementor-element-abbb1a3\" data-id=\"abbb1a3\" data-element_type=\"column\">\n\t\t\t<div class=\"elementor-widget-wrap elementor-element-populated\">\n\t\t\t\t\t\t<div class=\"elementor-element elementor-element-c9cd2a7 elementor-widget elementor-widget-breadcrumbs\" data-id=\"c9cd2a7\" data-element_type=\"widget\" data-widget_type=\"breadcrumbs.default\">\n\t\t\t\t<div class=\"elementor-widget-container\">\n\t\t\t<nav aria-label=\"Migalhas de p\u00e3o\" class=\"rank-math-breadcrumb\"><p><span class=\"last\">Lar<\/span><\/p><\/nav>\t\t<\/div>\n\t\t\t\t<\/div>\n\t\t\t\t\t<\/div>\n\t\t<\/div>\n\t\t\t\t\t<\/div>\n\t\t<\/section>\n\t\t\t\t<\/div>\n\t\t\t\t<\/div>\n\t\t\t\t<\/div>\n\t\t\t\t<\/div>\n\t\t\t\t\t<\/div>\n\t\t<\/div>\n\t\t\t\t\t<\/div>\n\t\t<\/section>\n\t\t\t\t<section class=\"elementor-section elementor-top-section elementor-element elementor-element-e82a3a2 elementor-section-boxed elementor-section-height-default elementor-section-height-default\" data-id=\"e82a3a2\" data-element_type=\"section\">\n\t\t\t\t\t\t<div class=\"elementor-container elementor-column-gap-no\">\n\t\t\t\t\t<div class=\"elementor-column elementor-col-100 elementor-top-column elementor-element elementor-element-86e0671\" data-id=\"86e0671\" data-element_type=\"column\">\n\t\t\t<div class=\"elementor-widget-wrap elementor-element-populated\">\n\t\t\t\t\t\t<div class=\"elementor-element elementor-element-7cbb888 elementor-widget elementor-widget-heading\" data-id=\"7cbb888\" data-element_type=\"widget\" data-widget_type=\"heading.default\">\n\t\t\t\t<div class=\"elementor-widget-container\">\n\t\t\t<h2 class=\"elementor-heading-title elementor-size-default\">Contaminantes comuns em \u00e1guas residuais industriais<\/h2>\t\t<\/div>\n\t\t\t\t<\/div>\n\t\t\t\t<div class=\"elementor-element elementor-element-c9c4017 elementor-widget elementor-widget-text-editor\" data-id=\"c9c4017\" data-element_type=\"widget\" data-widget_type=\"text-editor.default\">\n\t\t\t\t<div class=\"elementor-widget-container\">\n\t\t\t<style>\/*! elementor - v3.22.0 - 24-06-2024 *\/\n.elementor-widget-text-editor.elementor-drop-cap-view-stacked .elementor-drop-cap{background-color:#69727d;color:#fff}.elementor-widget-text-editor.elementor-drop-cap-view-framed .elementor-drop-cap{color:#69727d;border:3px solid;background-color:transparent}.elementor-widget-text-editor:not(.elementor-drop-cap-view-default) .elementor-drop-cap{margin-top:8px}.elementor-widget-text-editor:not(.elementor-drop-cap-view-default) .elementor-drop-cap-letter{width:1em;height:1em}.elementor-widget-text-editor .elementor-drop-cap{float:left;text-align:center;line-height:1;font-size:50px}.elementor-widget-text-editor .elementor-drop-cap-letter{display:inline-block}<\/style>\t\t\t\t<p class=\"p\"><span style=\"mso-spacerun: 'yes'; font-family: Arial; mso-fareast-font-family: \u5b8b\u4f53; font-size: 12.0000pt; mso-font-kerning: 0.0000pt;\">Efluentes industriais representam uma grande preocupa\u00e7\u00e3o ambiental, contendo uma variedade de contaminantes que podem representar riscos significativos aos ecossistemas e \u00e0 sa\u00fade humana. A identifica\u00e7\u00e3o e o tratamento adequados desses poluentes s\u00e3o cruciais para que as ind\u00fastrias cumpram as regulamenta\u00e7\u00f5es e minimizem seu impacto ambiental.<\/span><\/p>\t\t\t\t\t\t<\/div>\n\t\t\t\t<\/div>\n\t\t\t\t<div class=\"elementor-element elementor-element-b9e48e0 elementor-widget elementor-widget-heading\" data-id=\"b9e48e0\" data-element_type=\"widget\" data-widget_type=\"heading.default\">\n\t\t\t\t<div class=\"elementor-widget-container\">\n\t\t\t<h2 class=\"elementor-heading-title elementor-size-default\">DE ONDE VEM A \u00c1GUA<\/h2>\t\t<\/div>\n\t\t\t\t<\/div>\n\t\t\t\t<section class=\"elementor-section elementor-inner-section elementor-element elementor-element-1ff2d4c elementor-section-full_width elementor-section-height-default elementor-section-height-default\" data-id=\"1ff2d4c\" data-element_type=\"section\">\n\t\t\t\t\t\t<div class=\"elementor-container elementor-column-gap-no\">\n\t\t\t\t\t<div class=\"elementor-column elementor-col-25 elementor-inner-column elementor-element elementor-element-cdce08d item_box\" data-id=\"cdce08d\" data-element_type=\"column\">\n\t\t\t<div class=\"elementor-widget-wrap elementor-element-populated\">\n\t\t\t\t\t\t<div class=\"elementor-element elementor-element-abaad8f elementor-widget elementor-widget-heading\" data-id=\"abaad8f\" data-element_type=\"widget\" data-widget_type=\"heading.default\">\n\t\t\t\t<div class=\"elementor-widget-container\">\n\t\t\t<h3 class=\"elementor-heading-title elementor-size-default\"><p><b><span style=\"mso-spacerun:'yes';font-family:Arial;mso-fareast-font-family:\u5b8b\u4f53;mso-ansi-font-weight:bold;\">Poluentes org\u00e2nicos<\/span><\/b><span style=\"color: var( --e-global-color-secondary ); font-size: 1.25rem;\"><\/span><\/p><\/h3>\t\t<\/div>\n\t\t\t\t<\/div>\n\t\t\t\t<div class=\"elementor-element elementor-element-0fa0dbd elementor-widget elementor-widget-text-editor\" data-id=\"0fa0dbd\" data-element_type=\"widget\" data-widget_type=\"text-editor.default\">\n\t\t\t\t<div class=\"elementor-widget-container\">\n\t\t\t\t\t\t\t<p>Demanda Qu\u00edmica de Oxig\u00eanio (DQO) e Demanda Bioqu\u00edmica de Oxig\u00eanio (DBO): indicam a quantidade de oxig\u00eanio necess\u00e1ria para decompor a mat\u00e9ria org\u00e2nica. N\u00edveis elevados podem esgotar o oxig\u00eanio em corpos d&#039;\u00e1gua, prejudicando a vida aqu\u00e1tica.<\/p><p><span style=\"color: var( --e-global-color-text ); font-size: var( --e-global-typography-text-font-size ); font-weight: var( --e-global-typography-text-font-weight );\">\u00a0Hidrocarbonetos de petr\u00f3leo: encontrados em refinarias de petr\u00f3leo, ind\u00fastrias automotivas e qu\u00edmicas, causando polui\u00e7\u00e3o da \u00e1gua e toxicidade.<\/span><\/p><p>\u00a0<\/p><p>Fen\u00f3is e pesticidas: comuns na fabrica\u00e7\u00e3o de produtos qu\u00edmicos e na agricultura, altamente t\u00f3xicos e persistentes no meio ambiente.<\/p>\t\t\t\t\t\t<\/div>\n\t\t\t\t<\/div>\n\t\t\t\t\t<\/div>\n\t\t<\/div>\n\t\t\t\t<div class=\"elementor-column elementor-col-25 elementor-inner-column elementor-element elementor-element-f643eb1 item_box\" data-id=\"f643eb1\" data-element_type=\"column\">\n\t\t\t<div class=\"elementor-widget-wrap elementor-element-populated\">\n\t\t\t\t\t\t<div class=\"elementor-element elementor-element-56e5eda elementor-widget elementor-widget-heading\" data-id=\"56e5eda\" data-element_type=\"widget\" data-widget_type=\"heading.default\">\n\t\t\t\t<div class=\"elementor-widget-container\">\n\t\t\t<h3 class=\"elementor-heading-title elementor-size-default\"><p><b><span style=\"mso-spacerun:'yes';font-family:Arial;mso-fareast-font-family:\u5b8b\u4f53;mso-ansi-font-weight:bold;\">Poluentes Inorg\u00e2nicos<\/span><\/b><span style=\"color: var( --e-global-color-secondary ); font-size: 1.25rem;\"><\/span><\/p><\/h3>\t\t<\/div>\n\t\t\t\t<\/div>\n\t\t\t\t<div class=\"elementor-element elementor-element-d1ce1ce elementor-widget elementor-widget-text-editor\" data-id=\"d1ce1ce\" data-element_type=\"widget\" data-widget_type=\"text-editor.default\">\n\t\t\t\t<div class=\"elementor-widget-container\">\n\t\t\t\t\t\t\t<p>Metais pesados (Pb, Hg, Cd, Cr, As, Zn, Cu, Ni): liberados pelas ind\u00fastrias de minera\u00e7\u00e3o, galvanoplastia e manufatura, esses metais n\u00e3o s\u00e3o biodegrad\u00e1veis e se acumulam em organismos vivos, causando toxicidade a longo prazo.<\/p><p>Nutrientes (nitrog\u00eanio e f\u00f3sforo): n\u00edveis excessivos, geralmente provenientes de f\u00e1bricas de fertilizantes e ind\u00fastrias de processamento de alimentos, levam \u00e0 eutrofiza\u00e7\u00e3o, causando prolifera\u00e7\u00e3o de algas nocivas.<\/p><p>Sais e s\u00f3lidos totais dissolvidos (STD): altas concentra\u00e7\u00f5es de plantas t\u00eaxteis, de curtumes e qu\u00edmicas podem perturbar os ecossistemas de \u00e1gua doce e afetar a qualidade do solo.<\/p>\t\t\t\t\t\t<\/div>\n\t\t\t\t<\/div>\n\t\t\t\t\t<\/div>\n\t\t<\/div>\n\t\t\t\t<div class=\"elementor-column elementor-col-25 elementor-inner-column elementor-element elementor-element-f458a76 item_box\" data-id=\"f458a76\" data-element_type=\"column\">\n\t\t\t<div class=\"elementor-widget-wrap elementor-element-populated\">\n\t\t\t\t\t\t<div class=\"elementor-element elementor-element-934405e elementor-widget elementor-widget-heading\" data-id=\"934405e\" data-element_type=\"widget\" data-widget_type=\"heading.default\">\n\t\t\t\t<div class=\"elementor-widget-container\">\n\t\t\t<h3 class=\"elementor-heading-title elementor-size-default\"><h4><p><strong>S\u00f3lidos Suspensos e Sedimentos<\/strong><\/p><\/h4><\/h3>\t\t<\/div>\n\t\t\t\t<\/div>\n\t\t\t\t<div class=\"elementor-element elementor-element-b23b91a elementor-widget elementor-widget-text-editor\" data-id=\"b23b91a\" data-element_type=\"widget\" data-widget_type=\"text-editor.default\">\n\t\t\t\t<div class=\"elementor-widget-container\">\n\t\t\t\t\t\t\t<p>Inclui poeira, solo e part\u00edculas de atividades industriais como minera\u00e7\u00e3o, constru\u00e7\u00e3o e processamento de alimentos. Eles causam turbidez na \u00e1gua, reduzindo a penetra\u00e7\u00e3o da luz solar e os n\u00edveis de oxig\u00eanio.<\/p>\t\t\t\t\t\t<\/div>\n\t\t\t\t<\/div>\n\t\t\t\t\t<\/div>\n\t\t<\/div>\n\t\t\t\t<div class=\"elementor-column elementor-col-25 elementor-inner-column elementor-element elementor-element-45039d5 item_box\" data-id=\"45039d5\" data-element_type=\"column\">\n\t\t\t<div class=\"elementor-widget-wrap elementor-element-populated\">\n\t\t\t\t\t\t<div class=\"elementor-element elementor-element-12c23c2 elementor-widget elementor-widget-heading\" data-id=\"12c23c2\" data-element_type=\"widget\" data-widget_type=\"heading.default\">\n\t\t\t\t<div class=\"elementor-widget-container\">\n\t\t\t<h3 class=\"elementor-heading-title elementor-size-default\">Microrganismos Patog\u00eanicos\n<\/h3>\t\t<\/div>\n\t\t\t\t<\/div>\n\t\t\t\t<div class=\"elementor-element elementor-element-ccf2153 elementor-widget elementor-widget-text-editor\" data-id=\"ccf2153\" data-element_type=\"widget\" data-widget_type=\"text-editor.default\">\n\t\t\t\t<div class=\"elementor-widget-container\">\n\t\t\t\t\t\t\t<p>Encontrados em \u00e1guas residuais das ind\u00fastrias farmac\u00eautica e aliment\u00edcia, essas bact\u00e9rias, v\u00edrus e parasitas podem espalhar doen\u00e7as se n\u00e3o forem tratados adequadamente.<\/p>\t\t\t\t\t\t<\/div>\n\t\t\t\t<\/div>\n\t\t\t\t\t<\/div>\n\t\t<\/div>\n\t\t\t\t\t<\/div>\n\t\t<\/section>\n\t\t\t\t<div class=\"elementor-element elementor-element-42a27ca elementor-widget elementor-widget-heading\" data-id=\"42a27ca\" data-element_type=\"widget\" data-widget_type=\"heading.default\">\n\t\t\t\t<div class=\"elementor-widget-container\">\n\t\t\t<h2 class=\"elementor-heading-title elementor-size-default\"><p>Desafios no tratamento de \u00e1guas residuais industriais<span style=\"color: var( --e-global-color-primary ); font-size: var( --e-global-typography-63e0769-font-size ); font-weight: var( --e-global-typography-63e0769-font-weight ); letter-spacing: var( --e-global-typography-63e0769-letter-spacing );\"><\/span><\/p><\/h2>\t\t<\/div>\n\t\t\t\t<\/div>\n\t\t\t\t<div class=\"elementor-element elementor-element-18963ce elementor-widget elementor-widget-heading\" data-id=\"18963ce\" data-element_type=\"widget\" data-widget_type=\"heading.default\">\n\t\t\t\t<div class=\"elementor-widget-container\">\n\t\t\t<h3 class=\"elementor-heading-title elementor-size-default\"><p>\u00b7 Composi\u00e7\u00e3o complexa: as \u00e1guas residuais industriais variam muito em tipo e concentra\u00e7\u00e3o de contaminantes, exigindo abordagens de tratamento personalizadas.<\/p>\n<p>\u00b7 Altos custos de tratamento: tecnologias avan\u00e7adas de tratamento, como filtragem por membrana e oxida\u00e7\u00e3o qu\u00edmica, s\u00e3o caras.<\/p>\n<p>\u00b7 Conformidade regulat\u00f3ria: as ind\u00fastrias devem atender a limites rigorosos de descarte ambiental para evitar multas e penalidades.<\/p>\n<p>\u00b7 Consumo de energia: Alguns m\u00e9todos de tratamento, como evapora\u00e7\u00e3o e \n<\/p><span style=\"color: var( --e-global-color-63fce42 ); font-size: var( --e-global-typography-63e0769-font-size ); font-weight: var( --e-global-typography-63e0769-font-weight ); letter-spacing: var( --e-global-typography-63e0769-letter-spacing );\">incinera\u00e7\u00e3o, exigem um consumo significativo de energia.<\/span><\/h3>\t\t<\/div>\n\t\t\t\t<\/div>\n\t\t\t\t<div class=\"elementor-element elementor-element-d12e4e0 elementor-widget elementor-widget-heading\" data-id=\"d12e4e0\" data-element_type=\"widget\" data-widget_type=\"heading.default\">\n\t\t\t\t<div class=\"elementor-widget-container\">\n\t\t\t<h2 class=\"elementor-heading-title elementor-size-default\"><p>Solu\u00e7\u00f5es para tratamento de \u00e1guas residuais industriais<span style=\"color: var( --e-global-color-primary ); font-size: var( --e-global-typography-63e0769-font-size ); font-weight: var( --e-global-typography-63e0769-font-weight ); letter-spacing: var( --e-global-typography-63e0769-letter-spacing );\"><\/span><\/p><\/h2>\t\t<\/div>\n\t\t\t\t<\/div>\n\t\t\t\t<div class=\"elementor-element elementor-element-62aa54c elementor-widget elementor-widget-text-editor\" data-id=\"62aa54c\" data-element_type=\"widget\" data-widget_type=\"text-editor.default\">\n\t\t\t\t<div class=\"elementor-widget-container\">\n\t\t\t\t\t\t\t<table style=\"width: 100%; height: 481px;\"><thead><tr style=\"height: 78px;\"><th style=\"width: 27.8054%; height: 78px;\" align=\"left\">M\u00e9todos de Tratamento F\u00edsico<\/th><th style=\"width: 25.0996%; height: 78px;\" align=\"left\"><span style=\"vertical-align: inherit;\">M\u00e9todos de tratamento qu\u00edmico<br \/><\/span><\/th><th style=\"width: 24.5046%; height: 78px;\" align=\"left\"><span style=\"vertical-align: inherit;\"><span style=\"vertical-align: inherit;\">M\u00e9todos de tratamento biol\u00f3gico<br \/><\/span><\/span><\/th><th style=\"width: 24.0498%; height: 78px;\" align=\"left\"><p><strong>Tecnologias Avan\u00e7adas de Tratamento<\/strong><\/p><\/th><\/tr><\/thead><tbody><tr style=\"height: 183px;\"><td style=\"width: 27.8054%; height: 183px;\" align=\"left\"><span style=\"vertical-align: inherit;\"><span style=\"vertical-align: inherit;\">\u00a0Sedimenta\u00e7\u00e3o e filtragem: remove s\u00f3lidos suspensos e part\u00edculas grandes.<br \/><\/span><\/span><\/td><td style=\"width: 25.0996%; height: 183px;\" align=\"left\"><span style=\"vertical-align: inherit;\"><span style=\"vertical-align: inherit;\">\u00a0Coagula\u00e7\u00e3o e flocula\u00e7\u00e3o: ajuda a sedimentar part\u00edculas suspensas e mat\u00e9ria org\u00e2nica.<br \/><\/span><\/span><\/td><td style=\"width: 24.5046%; height: 183px;\" align=\"left\">\u00a0Processo de lodo ativado: utiliza bact\u00e9rias para degradar mat\u00e9ria org\u00e2nica.<\/td><td style=\"width: 24.0498%; height: 183px;\" align=\"left\">Evapora\u00e7\u00e3o de baixa temperatura: altamente eficiente para tratar fluxos de res\u00edduos perigosos e de alta salinidade.<\/td><\/tr><tr style=\"height: 168px;\"><td style=\"width: 27.8054%; height: 168px;\" align=\"left\">\u00a0Filtra\u00e7\u00e3o por membrana (RO, UF, NF): usada para remo\u00e7\u00e3o de part\u00edculas finas e de alta salinidade.<\/td><td style=\"width: 25.0996%; height: 168px;\" align=\"left\"><span style=\"vertical-align: inherit;\"><span style=\"vertical-align: inherit;\">Oxida\u00e7\u00e3o (oz\u00f4nio, Fenton, eletroqu\u00edmica): decomp\u00f5e poluentes org\u00e2nicos t\u00f3xicos.<br \/><\/span><\/span><\/td><td style=\"width: 24.5046%; height: 168px;\" align=\"left\"><span style=\"vertical-align: inherit;\"><span style=\"vertical-align: inherit;\">\u00a0Digest\u00e3o anaer\u00f3bica: converte res\u00edduos org\u00e2nicos em biog\u00e1s para recupera\u00e7\u00e3o de energia.<br \/><\/span><\/span><\/td><td style=\"width: 24.0498%; height: 168px;\" align=\"left\"><span style=\"vertical-align: inherit;\"><span style=\"vertical-align: inherit;\">Sistemas de Descarga Zero de L\u00edquidos (ZLD): Maximiza a recupera\u00e7\u00e3o de \u00e1gua e minimiza o desperd\u00edcio.<br \/><\/span><\/span><\/td><\/tr><tr style=\"height: 26px;\"><td style=\"width: 27.8054%; height: 26px;\"><span style=\"vertical-align: inherit;\"><span style=\"vertical-align: inherit;\">\u00a0<\/span><\/span><\/td><td style=\"width: 25.0996%; height: 26px;\"><span style=\"vertical-align: inherit;\"><span style=\"vertical-align: inherit;\">\u00a0<\/span><\/span>Neutraliza\u00e7\u00e3o: Ajusta os n\u00edveis de pH para descarga segura.<\/td><td style=\"width: 24.5046%; height: 26px;\"><span style=\"vertical-align: inherit;\"><span style=\"vertical-align: inherit;\">\u00a0P\u00e2ntanos constru\u00eddos: um sistema de filtragem natural que utiliza plantas e micr\u00f3bios.<br \/><\/span><\/span><\/td><td style=\"width: 24.0498%; height: 26px;\"><span style=\"vertical-align: inherit;\"><span style=\"vertical-align: inherit;\">\u00a0Processos de Oxida\u00e7\u00e3o Avan\u00e7ados (POAs): Eficazes para quebrar poluentes persistentes.<br \/><\/span><\/span><\/td><\/tr><\/tbody><\/table>\t\t\t\t\t\t<\/div>\n\t\t\t\t<\/div>\n\t\t\t\t\t<\/div>\n\t\t<\/div>\n\t\t\t\t\t<\/div>\n\t\t<\/section>\n\t\t\t\t<\/div>","protected":false},"excerpt":{"rendered":"<p>Contaminantes de Efluentes Industriais Contaminantes Comuns em Efluentes Industriais Efluentes industriais s\u00e3o uma grande preocupa\u00e7\u00e3o ambiental, contendo uma variedade de contaminantes que podem representar riscos significativos aos ecossistemas e \u00e0 sa\u00fade humana. A identifica\u00e7\u00e3o e o tratamento adequados desses poluentes s\u00e3o cruciais para que as ind\u00fastrias cumpram as regulamenta\u00e7\u00f5es e minimizem seu impacto ambiental. ONDE A \u00c1GUA PODE [\u2026]<\/p>","protected":false},"author":4,"featured_media":0,"parent":0,"menu_order":0,"comment_status":"closed","ping_status":"closed","template":"","meta":{"_acf_changed":false,"footnotes":""},"class_list":["post-2724","page","type-page","status-publish","hentry"],"acf":[],"_links":{"self":[{"href":"https:\/\/www.winsonda.com\/pt\/wp-json\/wp\/v2\/pages\/2724"}],"collection":[{"href":"https:\/\/www.winsonda.com\/pt\/wp-json\/wp\/v2\/pages"}],"about":[{"href":"https:\/\/www.winsonda.com\/pt\/wp-json\/wp\/v2\/types\/page"}],"author":[{"embeddable":true,"href":"https:\/\/www.winsonda.com\/pt\/wp-json\/wp\/v2\/users\/4"}],"replies":[{"embeddable":true,"href":"https:\/\/www.winsonda.com\/pt\/wp-json\/wp\/v2\/comments?post=2724"}],"version-history":[{"count":5,"href":"https:\/\/www.winsonda.com\/pt\/wp-json\/wp\/v2\/pages\/2724\/revisions"}],"predecessor-version":[{"id":2785,"href":"https:\/\/www.winsonda.com\/pt\/wp-json\/wp\/v2\/pages\/2724\/revisions\/2785"}],"wp:attachment":[{"href":"https:\/\/www.winsonda.com\/pt\/wp-json\/wp\/v2\/media?parent=2724"}],"curies":[{"name":"wp","href":"https:\/\/api.w.org\/{rel}","templated":true}]}}