{"id":867,"date":"2024-07-09T07:12:49","date_gmt":"2024-07-09T07:12:49","guid":{"rendered":"https:\/\/www.winsonda.com\/?page_id=867"},"modified":"2024-08-27T08:17:13","modified_gmt":"2024-08-27T08:17:13","slug":"varnish","status":"publish","type":"page","link":"https:\/\/www.winsonda.com\/es\/varnish\/","title":{"rendered":"Contaminaci\u00f3n del barniz"},"content":{"rendered":"<div data-elementor-type=\"wp-page\" data-elementor-id=\"867\" class=\"elementor elementor-867\" data-elementor-post-type=\"page\">\n\t\t\t\t\t\t<section class=\"elementor-section elementor-top-section elementor-element elementor-element-6e1f078 elementor-section-full_width elementor-section-height-default elementor-section-height-default\" data-id=\"6e1f078\" data-element_type=\"section\">\n\t\t\t\t\t\t<div class=\"elementor-container elementor-column-gap-no\">\n\t\t\t\t\t<div class=\"elementor-column elementor-col-100 elementor-top-column elementor-element elementor-element-b37804c\" data-id=\"b37804c\" data-element_type=\"column\">\n\t\t\t<div class=\"elementor-widget-wrap elementor-element-populated\">\n\t\t\t\t\t\t<div class=\"elementor-element elementor-element-9a8f9a8 elementor-widget elementor-widget-image\" data-id=\"9a8f9a8\" data-element_type=\"widget\" data-widget_type=\"image.default\">\n\t\t\t\t<div class=\"elementor-widget-container\">\n\t\t\t<style>\/*! elementor - v3.22.0 - 24-06-2024 *\/\n.elementor-widget-image{text-align:center}.elementor-widget-image a{display:inline-block}.elementor-widget-image a img[src$=\".svg\"]{width:48px}.elementor-widget-image img{vertical-align:middle;display:inline-block}<\/style>\t\t\t\t\t\t\t\t\t\t<img fetchpriority=\"high\" decoding=\"async\" width=\"1920\" height=\"750\" src=\"https:\/\/www.winsonda.com\/wp-content\/uploads\/2024\/07\/Varnish-banner-1720510196.webp\" class=\"attachment-full size-full wp-image-883\" alt=\"Contaminaci\u00f3n del barniz\" srcset=\"https:\/\/www.winsonda.com\/wp-content\/uploads\/2024\/07\/Varnish-banner-1720510196.webp 1920w, https:\/\/www.winsonda.com\/wp-content\/uploads\/2024\/07\/Varnish-banner-1720510196-300x117.webp 300w, https:\/\/www.winsonda.com\/wp-content\/uploads\/2024\/07\/Varnish-banner-1720510196-1024x400.webp 1024w, https:\/\/www.winsonda.com\/wp-content\/uploads\/2024\/07\/Varnish-banner-1720510196-768x300.webp 768w, https:\/\/www.winsonda.com\/wp-content\/uploads\/2024\/07\/Varnish-banner-1720510196-1536x600.webp 1536w\" sizes=\"(max-width: 1920px) 100vw, 1920px\" title=\"|\">\t\t\t\t\t\t\t\t\t\t\t\t\t<\/div>\n\t\t\t\t<\/div>\n\t\t\t\t<section class=\"elementor-section elementor-inner-section elementor-element elementor-element-36d02e3 elementor-section-boxed elementor-section-height-default elementor-section-height-default\" data-id=\"36d02e3\" data-element_type=\"section\">\n\t\t\t\t\t\t<div class=\"elementor-container elementor-column-gap-no\">\n\t\t\t\t\t<div class=\"elementor-column elementor-col-100 elementor-inner-column elementor-element elementor-element-82c0905\" data-id=\"82c0905\" data-element_type=\"column\">\n\t\t\t<div class=\"elementor-widget-wrap elementor-element-populated\">\n\t\t\t\t\t\t<div class=\"elementor-element elementor-element-d21db2c elementor-widget elementor-widget-heading\" data-id=\"d21db2c\" data-element_type=\"widget\" data-widget_type=\"heading.default\">\n\t\t\t\t<div class=\"elementor-widget-container\">\n\t\t\t<style>\/*! elementor - v3.22.0 - 24-06-2024 *\/\n.elementor-heading-title{padding:0;margin:0;line-height:1}.elementor-widget-heading .elementor-heading-title[class*=elementor-size-]>a{color:inherit;font-size:inherit;line-height:inherit}.elementor-widget-heading .elementor-heading-title.elementor-size-small{font-size:15px}.elementor-widget-heading .elementor-heading-title.elementor-size-medium{font-size:19px}.elementor-widget-heading .elementor-heading-title.elementor-size-large{font-size:29px}.elementor-widget-heading .elementor-heading-title.elementor-size-xl{font-size:39px}.elementor-widget-heading .elementor-heading-title.elementor-size-xxl{font-size:59px}<\/style><h1 class=\"elementor-heading-title elementor-size-default\">Contaminaci\u00f3n del barniz<\/h1>\t\t<\/div>\n\t\t\t\t<\/div>\n\t\t\t\t\t<\/div>\n\t\t<\/div>\n\t\t\t\t\t<\/div>\n\t\t<\/section>\n\t\t\t\t\t<\/div>\n\t\t<\/div>\n\t\t\t\t\t<\/div>\n\t\t<\/section>\n\t\t\t\t<section class=\"elementor-section elementor-top-section elementor-element elementor-element-5819d3a elementor-section-full_width elementor-section-height-default elementor-section-height-default\" data-id=\"5819d3a\" data-element_type=\"section\">\n\t\t\t\t\t\t<div class=\"elementor-container elementor-column-gap-no\">\n\t\t\t\t\t<div class=\"elementor-column elementor-col-100 elementor-top-column elementor-element elementor-element-4100fa8\" data-id=\"4100fa8\" data-element_type=\"column\">\n\t\t\t<div class=\"elementor-widget-wrap elementor-element-populated\">\n\t\t\t\t\t\t<div class=\"elementor-element elementor-element-96ae991 elementor-widget elementor-widget-template\" data-id=\"96ae991\" data-element_type=\"widget\" data-widget_type=\"template.default\">\n\t\t\t\t<div class=\"elementor-widget-container\">\n\t\t\t\t\t<div class=\"elementor-template\">\n\t\t\t\t\t<div data-elementor-type=\"section\" data-elementor-id=\"103\" class=\"elementor elementor-103\" data-elementor-post-type=\"elementor_library\">\n\t\t\t\t\t<section class=\"elementor-section elementor-top-section elementor-element elementor-element-18c80af elementor-section-boxed elementor-section-height-default elementor-section-height-default\" data-id=\"18c80af\" data-element_type=\"section\">\n\t\t\t\t\t\t<div class=\"elementor-container elementor-column-gap-no\">\n\t\t\t\t\t<div class=\"elementor-column elementor-col-100 elementor-top-column elementor-element elementor-element-abbb1a3\" data-id=\"abbb1a3\" data-element_type=\"column\">\n\t\t\t<div class=\"elementor-widget-wrap elementor-element-populated\">\n\t\t\t\t\t\t<div class=\"elementor-element elementor-element-c9cd2a7 elementor-widget elementor-widget-breadcrumbs\" data-id=\"c9cd2a7\" data-element_type=\"widget\" data-widget_type=\"breadcrumbs.default\">\n\t\t\t\t<div class=\"elementor-widget-container\">\n\t\t\t<nav aria-label=\"pan rallado\" class=\"rank-math-breadcrumb\"><p><span class=\"last\">Hogar<\/span><\/p><\/nav>\t\t<\/div>\n\t\t\t\t<\/div>\n\t\t\t\t\t<\/div>\n\t\t<\/div>\n\t\t\t\t\t<\/div>\n\t\t<\/section>\n\t\t\t\t<\/div>\n\t\t\t\t<\/div>\n\t\t\t\t<\/div>\n\t\t\t\t<\/div>\n\t\t\t\t\t<\/div>\n\t\t<\/div>\n\t\t\t\t\t<\/div>\n\t\t<\/section>\n\t\t\t\t<section class=\"elementor-section elementor-top-section elementor-element elementor-element-fdf8744 elementor-section-boxed elementor-section-height-default elementor-section-height-default\" data-id=\"fdf8744\" data-element_type=\"section\">\n\t\t\t\t\t\t<div class=\"elementor-container elementor-column-gap-no\">\n\t\t\t\t\t<div class=\"elementor-column elementor-col-100 elementor-top-column elementor-element elementor-element-687c4bb\" data-id=\"687c4bb\" data-element_type=\"column\">\n\t\t\t<div class=\"elementor-widget-wrap elementor-element-populated\">\n\t\t\t\t\t\t<section class=\"elementor-section elementor-inner-section elementor-element elementor-element-bf71a17 elementor-section-full_width elementor-section-content-middle elementor-reverse-mobile elementor-section-height-default elementor-section-height-default\" data-id=\"bf71a17\" data-element_type=\"section\">\n\t\t\t\t\t\t<div class=\"elementor-container elementor-column-gap-no\">\n\t\t\t\t\t<div class=\"elementor-column elementor-col-50 elementor-inner-column elementor-element elementor-element-613417c\" data-id=\"613417c\" data-element_type=\"column\">\n\t\t\t<div class=\"elementor-widget-wrap elementor-element-populated\">\n\t\t\t\t\t\t<div class=\"elementor-element elementor-element-213e19d elementor-widget elementor-widget-image\" data-id=\"213e19d\" data-element_type=\"widget\" data-widget_type=\"image.default\">\n\t\t\t\t<div class=\"elementor-widget-container\">\n\t\t\t\t\t\t\t\t\t\t\t\t\t\t<a href=\"https:\/\/www.winsonda.com\/wp-content\/uploads\/2024\/07\/Varnish-1-1720509289.webp\" data-elementor-open-lightbox=\"yes\" data-elementor-lightbox-title=\"Varnish-1\" data-e-action-hash=\"#elementor-action%3Aaction%3Dlightbox%26settings%3DeyJpZCI6ODcwLCJ1cmwiOiJodHRwczpcL1wvd3d3LndpbnNvbmRhLmNvbVwvd3AtY29udGVudFwvdXBsb2Fkc1wvMjAyNFwvMDdcL1Zhcm5pc2gtMS0xNzIwNTA5Mjg5LndlYnAifQ%3D%3D\">\n\t\t\t\t\t\t\t<img decoding=\"async\" width=\"1600\" height=\"555\" src=\"https:\/\/www.winsonda.com\/wp-content\/uploads\/2024\/07\/Varnish-1-1720509289.webp\" class=\"attachment-full size-full wp-image-870\" alt=\"Contaminaci\u00f3n del barniz\" srcset=\"https:\/\/www.winsonda.com\/wp-content\/uploads\/2024\/07\/Varnish-1-1720509289.webp 1600w, https:\/\/www.winsonda.com\/wp-content\/uploads\/2024\/07\/Varnish-1-1720509289-300x104.webp 300w, https:\/\/www.winsonda.com\/wp-content\/uploads\/2024\/07\/Varnish-1-1720509289-1024x355.webp 1024w, https:\/\/www.winsonda.com\/wp-content\/uploads\/2024\/07\/Varnish-1-1720509289-768x266.webp 768w, https:\/\/www.winsonda.com\/wp-content\/uploads\/2024\/07\/Varnish-1-1720509289-1536x533.webp 1536w\" sizes=\"(max-width: 1600px) 100vw, 1600px\" title=\"|\">\t\t\t\t\t\t\t\t<\/a>\n\t\t\t\t\t\t\t\t\t\t\t\t\t<\/div>\n\t\t\t\t<\/div>\n\t\t\t\t\t<\/div>\n\t\t<\/div>\n\t\t\t\t<div class=\"elementor-column elementor-col-50 elementor-inner-column elementor-element elementor-element-2f3638c\" data-id=\"2f3638c\" data-element_type=\"column\">\n\t\t\t<div class=\"elementor-widget-wrap elementor-element-populated\">\n\t\t\t\t\t\t<div class=\"elementor-element elementor-element-c30a5ae elementor-widget elementor-widget-heading\" data-id=\"c30a5ae\" data-element_type=\"widget\" data-widget_type=\"heading.default\">\n\t\t\t\t<div class=\"elementor-widget-container\">\n\t\t\t<h2 class=\"elementor-heading-title elementor-size-default\">DEFINICI\u00d3N<\/h2>\t\t<\/div>\n\t\t\t\t<\/div>\n\t\t\t\t<div class=\"elementor-element elementor-element-af74747 elementor-widget elementor-widget-text-editor\" data-id=\"af74747\" data-element_type=\"widget\" data-widget_type=\"text-editor.default\">\n\t\t\t\t<div class=\"elementor-widget-container\">\n\t\t\t<style>\/*! elementor - v3.22.0 - 24-06-2024 *\/\n.elementor-widget-text-editor.elementor-drop-cap-view-stacked .elementor-drop-cap{background-color:#69727d;color:#fff}.elementor-widget-text-editor.elementor-drop-cap-view-framed .elementor-drop-cap{color:#69727d;border:3px solid;background-color:transparent}.elementor-widget-text-editor:not(.elementor-drop-cap-view-default) .elementor-drop-cap{margin-top:8px}.elementor-widget-text-editor:not(.elementor-drop-cap-view-default) .elementor-drop-cap-letter{width:1em;height:1em}.elementor-widget-text-editor .elementor-drop-cap{float:left;text-align:center;line-height:1;font-size:50px}.elementor-widget-text-editor .elementor-drop-cap-letter{display:inline-block}<\/style>\t\t\t\t<p>Un dep\u00f3sito delgado, duro, brillante e insoluble en aceite, compuesto principalmente de residuos org\u00e1nicos y que se define m\u00e1s f\u00e1cilmente por la intensidad del color. No se elimina f\u00e1cilmente con un pa\u00f1o de limpieza limpio, seco, suave y sin pelusa y es resistente a los disolventes saturados. Su color puede variar, pero suele aparecer en tonos grises, marrones o \u00e1mbar. Fuente: ASTM D7843-18<\/p>\t\t\t\t\t\t<\/div>\n\t\t\t\t<\/div>\n\t\t\t\t\t<\/div>\n\t\t<\/div>\n\t\t\t\t\t<\/div>\n\t\t<\/section>\n\t\t\t\t<div class=\"elementor-element elementor-element-15c0b4d elementor-widget elementor-widget-heading\" data-id=\"15c0b4d\" data-element_type=\"widget\" data-widget_type=\"heading.default\">\n\t\t\t\t<div class=\"elementor-widget-container\">\n\t\t\t<h2 class=\"elementor-heading-title elementor-size-default\">\u00bfC\u00d3MO SE FORMA EL BARNIZ?<\/h2>\t\t<\/div>\n\t\t\t\t<\/div>\n\t\t\t\t<div class=\"elementor-element elementor-element-c8fbc22 elementor-widget elementor-widget-text-editor\" data-id=\"c8fbc22\" data-element_type=\"widget\" data-widget_type=\"text-editor.default\">\n\t\t\t\t<div class=\"elementor-widget-container\">\n\t\t\t\t\t\t\t<p>Normalmente, los lubricantes se degradan en servicio debido al estr\u00e9s qu\u00edmico, t\u00e9rmico y mec\u00e1nico que acelera la reacci\u00f3n de oxidaci\u00f3n del aceite y la formaci\u00f3n de barniz comienza con la oxidaci\u00f3n.<\/p>\t\t\t\t\t\t<\/div>\n\t\t\t\t<\/div>\n\t\t\t\t<div class=\"elementor-element elementor-element-8549ecc elementor-widget elementor-widget-image\" data-id=\"8549ecc\" data-element_type=\"widget\" data-widget_type=\"image.default\">\n\t\t\t\t<div class=\"elementor-widget-container\">\n\t\t\t\t\t\t\t\t\t\t\t\t\t\t<a href=\"https:\/\/www.winsonda.com\/wp-content\/uploads\/2024\/07\/varnish-cycle-1720509289.webp\" data-elementor-open-lightbox=\"yes\" data-elementor-lightbox-title=\"varnish-cycle\" data-e-action-hash=\"#elementor-action%3Aaction%3Dlightbox%26settings%3DeyJpZCI6ODcxLCJ1cmwiOiJodHRwczpcL1wvd3d3LndpbnNvbmRhLmNvbVwvd3AtY29udGVudFwvdXBsb2Fkc1wvMjAyNFwvMDdcL3Zhcm5pc2gtY3ljbGUtMTcyMDUwOTI4OS53ZWJwIn0%3D\">\n\t\t\t\t\t\t\t<img decoding=\"async\" width=\"2560\" height=\"559\" src=\"https:\/\/www.winsonda.com\/wp-content\/uploads\/2024\/07\/varnish-cycle-1720509289.webp\" class=\"attachment-full size-full wp-image-871\" alt=\"Contaminaci\u00f3n del barniz\" srcset=\"https:\/\/www.winsonda.com\/wp-content\/uploads\/2024\/07\/varnish-cycle-1720509289.webp 2560w, https:\/\/www.winsonda.com\/wp-content\/uploads\/2024\/07\/varnish-cycle-1720509289-300x66.webp 300w, https:\/\/www.winsonda.com\/wp-content\/uploads\/2024\/07\/varnish-cycle-1720509289-1024x224.webp 1024w, https:\/\/www.winsonda.com\/wp-content\/uploads\/2024\/07\/varnish-cycle-1720509289-768x168.webp 768w, https:\/\/www.winsonda.com\/wp-content\/uploads\/2024\/07\/varnish-cycle-1720509289-1536x335.webp 1536w, https:\/\/www.winsonda.com\/wp-content\/uploads\/2024\/07\/varnish-cycle-1720509289-2048x447.webp 2048w\" sizes=\"(max-width: 2560px) 100vw, 2560px\" title=\"|\">\t\t\t\t\t\t\t\t<\/a>\n\t\t\t\t\t\t\t\t\t\t\t\t\t<\/div>\n\t\t\t\t<\/div>\n\t\t\t\t<div class=\"elementor-element elementor-element-33dafa0 elementor-widget elementor-widget-text-editor\" data-id=\"33dafa0\" data-element_type=\"widget\" data-widget_type=\"text-editor.default\">\n\t\t\t\t<div class=\"elementor-widget-container\">\n\t\t\t\t\t\t\t<h3>Fase 1: Oxidaci\u00f3n<\/h3><div><p>-Qu\u00edmicas: A medida que el aceite envejece se producen numerosas reacciones qu\u00edmicas. La oxidaci\u00f3n del aceite produce numerosos productos de descomposici\u00f3n, entre los que se incluyen part\u00edculas insolubles y \u00e1cidos. El calor y la presencia de part\u00edculas met\u00e1licas (hierro, cobre) aceleran el proceso. Adem\u00e1s, los aceites muy aireados son mucho m\u00e1s susceptibles a la oxidaci\u00f3n.<\/p><p>-T\u00e9rmico: Cuando las burbujas de aire quedan atrapadas en el aceite, puede producirse una falla grave del mismo debido a las condiciones conocidas como PID (Dieselizaci\u00f3n inducida por presi\u00f3n) o PTG (Degradaci\u00f3n t\u00e9rmica inducida por presi\u00f3n). Las temperaturas localizadas superan los 538 \u2103 cuando las burbujas de aire colapsan bajo alta presi\u00f3n, lo que tambi\u00e9n provoca degradaci\u00f3n t\u00e9rmica.<\/p><p>-Mec\u00e1nico: El \u201ccizallamiento\u201d ocurre cuando las mol\u00e9culas de aceite se separan a medida que fluyen entre superficies mec\u00e1nicas en movimiento.<\/p><\/div><h3>Fase 2: Polimerizaci\u00f3n<\/h3><div><p>La polimerizaci\u00f3n ocurre cuando los productos de oxidaci\u00f3n y las reacciones aditivas se combinan y crean mol\u00e9culas de cadena larga con mayor peso molecular. Estas mol\u00e9culas est\u00e1n polarizadas. La velocidad de polimerizaci\u00f3n molecular depende de la temperatura y de la concentraci\u00f3n de subproductos de oxidaci\u00f3n.<\/p><\/div><h3>Fase 3: Solubilidad<\/h3><div><p>Indica la capacidad de disolver las mol\u00e9culas dentro de la soluci\u00f3n que se ve afectada directamente por la temperatura. Como se crean continuamente subproductos de oxidaci\u00f3n, el fluido est\u00e1 cerca del punto de saturaci\u00f3n.<\/p><\/div>\t\t\t\t\t\t<\/div>\n\t\t\t\t<\/div>\n\t\t\t\t<div class=\"elementor-element elementor-element-bb784f1 elementor-widget elementor-widget-image\" data-id=\"bb784f1\" data-element_type=\"widget\" data-widget_type=\"image.default\">\n\t\t\t\t<div class=\"elementor-widget-container\">\n\t\t\t\t\t\t\t\t\t\t\t\t\t\t<a href=\"https:\/\/www.winsonda.com\/wp-content\/uploads\/2024\/07\/Temperatures-1720509289.webp\" data-elementor-open-lightbox=\"yes\" data-elementor-lightbox-title=\"Temperatures\" data-e-action-hash=\"#elementor-action%3Aaction%3Dlightbox%26settings%3DeyJpZCI6ODcyLCJ1cmwiOiJodHRwczpcL1wvd3d3LndpbnNvbmRhLmNvbVwvd3AtY29udGVudFwvdXBsb2Fkc1wvMjAyNFwvMDdcL1RlbXBlcmF0dXJlcy0xNzIwNTA5Mjg5LndlYnAifQ%3D%3D\">\n\t\t\t\t\t\t\t<img loading=\"lazy\" decoding=\"async\" width=\"2560\" height=\"1210\" src=\"https:\/\/www.winsonda.com\/wp-content\/uploads\/2024\/07\/Temperatures-1720509289.webp\" class=\"attachment-full size-full wp-image-872\" alt=\"Contaminaci\u00f3n del barniz\" srcset=\"https:\/\/www.winsonda.com\/wp-content\/uploads\/2024\/07\/Temperatures-1720509289.webp 2560w, https:\/\/www.winsonda.com\/wp-content\/uploads\/2024\/07\/Temperatures-1720509289-300x142.webp 300w, https:\/\/www.winsonda.com\/wp-content\/uploads\/2024\/07\/Temperatures-1720509289-1024x484.webp 1024w, https:\/\/www.winsonda.com\/wp-content\/uploads\/2024\/07\/Temperatures-1720509289-768x363.webp 768w, https:\/\/www.winsonda.com\/wp-content\/uploads\/2024\/07\/Temperatures-1720509289-1536x726.webp 1536w, https:\/\/www.winsonda.com\/wp-content\/uploads\/2024\/07\/Temperatures-1720509289-2048x968.webp 2048w\" sizes=\"(max-width: 2560px) 100vw, 2560px\" title=\"|\">\t\t\t\t\t\t\t\t<\/a>\n\t\t\t\t\t\t\t\t\t\t\t\t\t<\/div>\n\t\t\t\t<\/div>\n\t\t\t\t<div class=\"elementor-element elementor-element-fa43472 elementor-widget elementor-widget-text-editor\" data-id=\"fa43472\" data-element_type=\"widget\" data-widget_type=\"text-editor.default\">\n\t\t\t\t<div class=\"elementor-widget-container\">\n\t\t\t\t\t\t\t<div><p>El proceso responsable de la deposici\u00f3n de barniz particulado es reversible. En la mayor\u00eda de los casos, una vez que se forma el barniz, este puede reabsorberse en el fluido y descomponerse si aumenta la solubilidad del lubricante.<\/p><\/div><h3>Fase 4: Precipitaci\u00f3n<\/h3><div><p>El fluido no puede disolver nuevas mol\u00e9culas polimerizadas cuando se alcanza el punto de saturaci\u00f3n o el fluido pasa a trav\u00e9s de las zonas fr\u00edas (la solubilidad disminuye cuando la temperatura baja). Como los productos oxidativos adicionales no pueden mantenerse en soluci\u00f3n, se precipitan y forman part\u00edculas blandas (lodo\/barniz).<\/p><\/div><h3>Fase 5: Aglomeraci\u00f3n<\/h3><div><p>Las part\u00edculas blandas insolubles se aglomeran f\u00e1cilmente entre s\u00ed y forman part\u00edculas polarizadas m\u00e1s grandes con mayor peso molecular.<\/p><\/div><h3>Fase 6: Barniz formado<\/h3><div><p>Los metales son m\u00e1s polares que estas part\u00edculas polarizadas, por lo que se acumulan f\u00e1cilmente en la superficie del metal (zonas fr\u00edas, holgura fina, flujo bajo) donde se forma una capa pegajosa (barniz) y atrae m\u00e1s part\u00edculas que se adhieren a ella. As\u00ed es como se forma el barniz.<\/p><\/div>\t\t\t\t\t\t<\/div>\n\t\t\t\t<\/div>\n\t\t\t\t<div class=\"elementor-element elementor-element-fd73c9c elementor-widget elementor-widget-heading\" data-id=\"fd73c9c\" data-element_type=\"widget\" data-widget_type=\"heading.default\">\n\t\t\t\t<div class=\"elementor-widget-container\">\n\t\t\t<h2 class=\"elementor-heading-title elementor-size-default\">Peligro de barniz<\/h2>\t\t<\/div>\n\t\t\t\t<\/div>\n\t\t\t\t<div class=\"elementor-element elementor-element-696bf1a elementor-widget elementor-widget-text-editor\" data-id=\"696bf1a\" data-element_type=\"widget\" data-widget_type=\"text-editor.default\">\n\t\t\t\t<div class=\"elementor-widget-container\">\n\t\t\t\t\t\t\t<p>\u25c6 V\u00e1lvulas atascadas y agarrotadas<\/p><p>\u25c6 Cojinetes sobrecalentados<\/p><p>\u25c6 Disminuci\u00f3n de la eficacia de los intercambiadores de calor.<\/p><p>\u25c6 Mayor desgaste en componentes cr\u00edticos y v\u00e1lvulas.<\/p><p>\u25c6 Reducci\u00f3n de la vida \u00fatil de la maquinaria, lubricante, filtros y sellos.<\/p>\t\t\t\t\t\t<\/div>\n\t\t\t\t<\/div>\n\t\t\t\t<section class=\"elementor-section elementor-inner-section elementor-element elementor-element-e8e36f5 elementor-section-full_width elementor-reverse-mobile elementor-section-content-middle elementor-section-height-default elementor-section-height-default\" data-id=\"e8e36f5\" data-element_type=\"section\">\n\t\t\t\t\t\t<div class=\"elementor-container elementor-column-gap-no\">\n\t\t\t\t\t<div class=\"elementor-column elementor-col-50 elementor-inner-column elementor-element elementor-element-6fb7754\" data-id=\"6fb7754\" data-element_type=\"column\">\n\t\t\t<div class=\"elementor-widget-wrap elementor-element-populated\">\n\t\t\t\t\t\t<div class=\"elementor-element elementor-element-b6faba6 elementor-widget elementor-widget-image\" data-id=\"b6faba6\" data-element_type=\"widget\" data-widget_type=\"image.default\">\n\t\t\t\t<div class=\"elementor-widget-container\">\n\t\t\t\t\t\t\t\t\t\t\t\t\t\t<a href=\"https:\/\/www.winsonda.com\/wp-content\/uploads\/2024\/07\/MPC-test-1720509288.webp\" data-elementor-open-lightbox=\"yes\" data-elementor-lightbox-title=\"MPC-test\" data-e-action-hash=\"#elementor-action%3Aaction%3Dlightbox%26settings%3DeyJpZCI6ODY5LCJ1cmwiOiJodHRwczpcL1wvd3d3LndpbnNvbmRhLmNvbVwvd3AtY29udGVudFwvdXBsb2Fkc1wvMjAyNFwvMDdcL01QQy10ZXN0LTE3MjA1MDkyODgud2VicCJ9\">\n\t\t\t\t\t\t\t<img loading=\"lazy\" decoding=\"async\" width=\"2560\" height=\"1299\" src=\"https:\/\/www.winsonda.com\/wp-content\/uploads\/2024\/07\/MPC-test-1720509288.webp\" class=\"attachment-full size-full wp-image-869\" alt=\"Contaminaci\u00f3n del barniz\" srcset=\"https:\/\/www.winsonda.com\/wp-content\/uploads\/2024\/07\/MPC-test-1720509288.webp 2560w, https:\/\/www.winsonda.com\/wp-content\/uploads\/2024\/07\/MPC-test-1720509288-300x152.webp 300w, https:\/\/www.winsonda.com\/wp-content\/uploads\/2024\/07\/MPC-test-1720509288-1024x520.webp 1024w, https:\/\/www.winsonda.com\/wp-content\/uploads\/2024\/07\/MPC-test-1720509288-768x390.webp 768w, https:\/\/www.winsonda.com\/wp-content\/uploads\/2024\/07\/MPC-test-1720509288-1536x779.webp 1536w, https:\/\/www.winsonda.com\/wp-content\/uploads\/2024\/07\/MPC-test-1720509288-2048x1039.webp 2048w\" sizes=\"(max-width: 2560px) 100vw, 2560px\" title=\"|\">\t\t\t\t\t\t\t\t<\/a>\n\t\t\t\t\t\t\t\t\t\t\t\t\t<\/div>\n\t\t\t\t<\/div>\n\t\t\t\t\t<\/div>\n\t\t<\/div>\n\t\t\t\t<div class=\"elementor-column elementor-col-50 elementor-inner-column elementor-element elementor-element-5dad590\" data-id=\"5dad590\" data-element_type=\"column\">\n\t\t\t<div class=\"elementor-widget-wrap elementor-element-populated\">\n\t\t\t\t\t\t<div class=\"elementor-element elementor-element-8469b65 elementor-widget elementor-widget-heading\" data-id=\"8469b65\" data-element_type=\"widget\" data-widget_type=\"heading.default\">\n\t\t\t\t<div class=\"elementor-widget-container\">\n\t\t\t<h2 class=\"elementor-heading-title elementor-size-default\">M\u00c9TODO PARA DETECTAR BARNIZ<\/h2>\t\t<\/div>\n\t\t\t\t<\/div>\n\t\t\t\t<div class=\"elementor-element elementor-element-660ad11 elementor-widget elementor-widget-text-editor\" data-id=\"660ad11\" data-element_type=\"widget\" data-widget_type=\"text-editor.default\">\n\t\t\t\t<div class=\"elementor-widget-container\">\n\t\t\t\t\t\t\t<p>Debido a las costosas consecuencias de la presencia de barniz, es necesario controlar el estado del potencial de barniz en el sistema de lubricaci\u00f3n. La t\u00e9cnica m\u00e1s utilizada es\u00a0<strong>Colorimetr\u00eda de parches de membrana<\/strong>\u00a0(MPC ASTM7843). Este m\u00e9todo de prueba extrae contaminantes insolubles de una muestra de aceite de turbina en servicio sobre un parche (con una membrana de 0,45 \u00b5m) y el color del parche de membrana se analiza mediante un espectrofot\u00f3metro. Los resultados se informan como valor \u0394E.<\/p>\t\t\t\t\t\t<\/div>\n\t\t\t\t<\/div>\n\t\t\t\t\t<\/div>\n\t\t<\/div>\n\t\t\t\t\t<\/div>\n\t\t<\/section>\n\t\t\t\t<div class=\"elementor-element elementor-element-94666a3 elementor-widget elementor-widget-heading\" data-id=\"94666a3\" data-element_type=\"widget\" data-widget_type=\"heading.default\">\n\t\t\t\t<div class=\"elementor-widget-container\">\n\t\t\t<h2 class=\"elementor-heading-title elementor-size-default\">SOLUCIONES PARA ELIMINAR BARNIZ<\/h2>\t\t<\/div>\n\t\t\t\t<\/div>\n\t\t\t\t<div class=\"elementor-element elementor-element-e48f16c elementor-widget elementor-widget-text-editor\" data-id=\"e48f16c\" data-element_type=\"widget\" data-widget_type=\"text-editor.default\">\n\t\t\t\t<div class=\"elementor-widget-container\">\n\t\t\t\t\t\t\t<table><thead><tr><th align=\"left\">Modelo<\/th><th align=\"left\">Barniz soluble<\/th><th align=\"left\">Barniz insoluble<\/th><th align=\"left\">Agua<\/th><\/tr><\/thead><tbody><tr><td align=\"left\">WVDJ<\/td><td align=\"left\">\u221a<\/td><td align=\"left\">\u221a<\/td><td align=\"left\">\u221a<\/td><\/tr><tr><td align=\"left\">WVD-II<\/td><td align=\"left\">\u221a<\/td><td align=\"left\">\u221a<\/td><td align=\"left\">\u00a0<\/td><\/tr><tr><td align=\"left\">D\u00eda Mundial del Juicio<\/td><td align=\"left\">\u00a0<\/td><td align=\"left\">\u221a<\/td><td align=\"left\">\u00a0<\/td><\/tr><tr><td align=\"left\">WJL<\/td><td align=\"left\">\u00a0<\/td><td align=\"left\">\u221a<\/td><td align=\"left\">\u00a0<\/td><\/tr><\/tbody><\/table>\t\t\t\t\t\t<\/div>\n\t\t\t\t<\/div>\n\t\t\t\t\t<\/div>\n\t\t<\/div>\n\t\t\t\t\t<\/div>\n\t\t<\/section>\n\t\t\t\t<\/div>","protected":false},"excerpt":{"rendered":"<p>Contaminaci\u00f3n por barniz DEFINICI\u00d3N Dep\u00f3sito fino, duro, brillante e insoluble en aceite, compuesto principalmente de residuos org\u00e1nicos y que se define m\u00e1s f\u00e1cilmente por la intensidad del color. No se elimina f\u00e1cilmente con un pa\u00f1o de limpieza limpio, seco, suave y sin pelusa, y es resistente a los disolventes saturados. Su color puede variar, pero suele aparecer en gris, marr\u00f3n o \u00e1mbar [\u2026]<\/p>","protected":false},"author":1,"featured_media":0,"parent":0,"menu_order":0,"comment_status":"closed","ping_status":"closed","template":"","meta":{"_acf_changed":false,"footnotes":""},"class_list":["post-867","page","type-page","status-publish","hentry"],"acf":[],"_links":{"self":[{"href":"https:\/\/www.winsonda.com\/es\/wp-json\/wp\/v2\/pages\/867"}],"collection":[{"href":"https:\/\/www.winsonda.com\/es\/wp-json\/wp\/v2\/pages"}],"about":[{"href":"https:\/\/www.winsonda.com\/es\/wp-json\/wp\/v2\/types\/page"}],"author":[{"embeddable":true,"href":"https:\/\/www.winsonda.com\/es\/wp-json\/wp\/v2\/users\/1"}],"replies":[{"embeddable":true,"href":"https:\/\/www.winsonda.com\/es\/wp-json\/wp\/v2\/comments?post=867"}],"version-history":[{"count":5,"href":"https:\/\/www.winsonda.com\/es\/wp-json\/wp\/v2\/pages\/867\/revisions"}],"predecessor-version":[{"id":2330,"href":"https:\/\/www.winsonda.com\/es\/wp-json\/wp\/v2\/pages\/867\/revisions\/2330"}],"wp:attachment":[{"href":"https:\/\/www.winsonda.com\/es\/wp-json\/wp\/v2\/media?parent=867"}],"curies":[{"name":"wp","href":"https:\/\/api.w.org\/{rel}","templated":true}]}}