{"id":797,"date":"2024-07-09T05:34:16","date_gmt":"2024-07-09T05:34:16","guid":{"rendered":"https:\/\/www.winsonda.com\/?page_id=797"},"modified":"2024-08-27T08:17:10","modified_gmt":"2024-08-27T08:17:10","slug":"particles","status":"publish","type":"page","link":"https:\/\/www.winsonda.com\/es\/particles\/","title":{"rendered":"Contaminaci\u00f3n por part\u00edculas"},"content":{"rendered":"<div data-elementor-type=\"wp-page\" data-elementor-id=\"797\" class=\"elementor elementor-797\" data-elementor-post-type=\"page\">\n\t\t\t\t\t\t<section class=\"elementor-section elementor-top-section elementor-element elementor-element-7da1779 elementor-section-full_width elementor-section-height-default elementor-section-height-default\" data-id=\"7da1779\" data-element_type=\"section\">\n\t\t\t\t\t\t<div class=\"elementor-container elementor-column-gap-no\">\n\t\t\t\t\t<div class=\"elementor-column elementor-col-100 elementor-top-column elementor-element elementor-element-bb7bfe4\" data-id=\"bb7bfe4\" data-element_type=\"column\">\n\t\t\t<div class=\"elementor-widget-wrap elementor-element-populated\">\n\t\t\t\t\t\t<div class=\"elementor-element elementor-element-a91a62d elementor-widget elementor-widget-image\" data-id=\"a91a62d\" data-element_type=\"widget\" data-widget_type=\"image.default\">\n\t\t\t\t<div class=\"elementor-widget-container\">\n\t\t\t<style>\/*! elementor - v3.22.0 - 24-06-2024 *\/\n.elementor-widget-image{text-align:center}.elementor-widget-image a{display:inline-block}.elementor-widget-image a img[src$=\".svg\"]{width:48px}.elementor-widget-image img{vertical-align:middle;display:inline-block}<\/style>\t\t\t\t\t\t\t\t\t\t<img fetchpriority=\"high\" decoding=\"async\" width=\"1920\" height=\"750\" src=\"https:\/\/www.winsonda.com\/wp-content\/uploads\/2024\/07\/Particle-Contamination-banner-1720511383.webp\" class=\"attachment-full size-full wp-image-899\" alt=\"Contaminaci\u00f3n por part\u00edculas\" srcset=\"https:\/\/www.winsonda.com\/wp-content\/uploads\/2024\/07\/Particle-Contamination-banner-1720511383.webp 1920w, https:\/\/www.winsonda.com\/wp-content\/uploads\/2024\/07\/Particle-Contamination-banner-1720511383-300x117.webp 300w, https:\/\/www.winsonda.com\/wp-content\/uploads\/2024\/07\/Particle-Contamination-banner-1720511383-1024x400.webp 1024w, https:\/\/www.winsonda.com\/wp-content\/uploads\/2024\/07\/Particle-Contamination-banner-1720511383-768x300.webp 768w, https:\/\/www.winsonda.com\/wp-content\/uploads\/2024\/07\/Particle-Contamination-banner-1720511383-1536x600.webp 1536w\" sizes=\"(max-width: 1920px) 100vw, 1920px\" title=\"|\">\t\t\t\t\t\t\t\t\t\t\t\t\t<\/div>\n\t\t\t\t<\/div>\n\t\t\t\t<section class=\"elementor-section elementor-inner-section elementor-element elementor-element-57ccda3 elementor-section-boxed elementor-section-height-default elementor-section-height-default\" data-id=\"57ccda3\" data-element_type=\"section\">\n\t\t\t\t\t\t<div class=\"elementor-container elementor-column-gap-no\">\n\t\t\t\t\t<div class=\"elementor-column elementor-col-100 elementor-inner-column elementor-element elementor-element-eee1892\" data-id=\"eee1892\" data-element_type=\"column\">\n\t\t\t<div class=\"elementor-widget-wrap elementor-element-populated\">\n\t\t\t\t\t\t<div class=\"elementor-element elementor-element-29acb6f elementor-widget elementor-widget-heading\" data-id=\"29acb6f\" data-element_type=\"widget\" data-widget_type=\"heading.default\">\n\t\t\t\t<div class=\"elementor-widget-container\">\n\t\t\t<style>\/*! elementor - v3.22.0 - 24-06-2024 *\/\n.elementor-heading-title{padding:0;margin:0;line-height:1}.elementor-widget-heading .elementor-heading-title[class*=elementor-size-]>a{color:inherit;font-size:inherit;line-height:inherit}.elementor-widget-heading .elementor-heading-title.elementor-size-small{font-size:15px}.elementor-widget-heading .elementor-heading-title.elementor-size-medium{font-size:19px}.elementor-widget-heading .elementor-heading-title.elementor-size-large{font-size:29px}.elementor-widget-heading .elementor-heading-title.elementor-size-xl{font-size:39px}.elementor-widget-heading .elementor-heading-title.elementor-size-xxl{font-size:59px}<\/style><h1 class=\"elementor-heading-title elementor-size-default\">Contaminaci\u00f3n por part\u00edculas<\/h1>\t\t<\/div>\n\t\t\t\t<\/div>\n\t\t\t\t\t<\/div>\n\t\t<\/div>\n\t\t\t\t\t<\/div>\n\t\t<\/section>\n\t\t\t\t\t<\/div>\n\t\t<\/div>\n\t\t\t\t\t<\/div>\n\t\t<\/section>\n\t\t\t\t<section class=\"elementor-section elementor-top-section elementor-element elementor-element-ae956a0 elementor-section-full_width elementor-section-height-default elementor-section-height-default\" data-id=\"ae956a0\" data-element_type=\"section\">\n\t\t\t\t\t\t<div class=\"elementor-container elementor-column-gap-no\">\n\t\t\t\t\t<div class=\"elementor-column elementor-col-100 elementor-top-column elementor-element elementor-element-c26ca0d\" data-id=\"c26ca0d\" data-element_type=\"column\">\n\t\t\t<div class=\"elementor-widget-wrap elementor-element-populated\">\n\t\t\t\t\t\t<div class=\"elementor-element elementor-element-8f3acfc elementor-widget elementor-widget-template\" data-id=\"8f3acfc\" data-element_type=\"widget\" data-widget_type=\"template.default\">\n\t\t\t\t<div class=\"elementor-widget-container\">\n\t\t\t\t\t<div class=\"elementor-template\">\n\t\t\t\t\t<div data-elementor-type=\"section\" data-elementor-id=\"103\" class=\"elementor elementor-103\" data-elementor-post-type=\"elementor_library\">\n\t\t\t\t\t<section class=\"elementor-section elementor-top-section elementor-element elementor-element-18c80af elementor-section-boxed elementor-section-height-default elementor-section-height-default\" data-id=\"18c80af\" data-element_type=\"section\">\n\t\t\t\t\t\t<div class=\"elementor-container elementor-column-gap-no\">\n\t\t\t\t\t<div class=\"elementor-column elementor-col-100 elementor-top-column elementor-element elementor-element-abbb1a3\" data-id=\"abbb1a3\" data-element_type=\"column\">\n\t\t\t<div class=\"elementor-widget-wrap elementor-element-populated\">\n\t\t\t\t\t\t<div class=\"elementor-element elementor-element-c9cd2a7 elementor-widget elementor-widget-breadcrumbs\" data-id=\"c9cd2a7\" data-element_type=\"widget\" data-widget_type=\"breadcrumbs.default\">\n\t\t\t\t<div class=\"elementor-widget-container\">\n\t\t\t<nav aria-label=\"pan rallado\" class=\"rank-math-breadcrumb\"><p><span class=\"last\">Hogar<\/span><\/p><\/nav>\t\t<\/div>\n\t\t\t\t<\/div>\n\t\t\t\t\t<\/div>\n\t\t<\/div>\n\t\t\t\t\t<\/div>\n\t\t<\/section>\n\t\t\t\t<\/div>\n\t\t\t\t<\/div>\n\t\t\t\t<\/div>\n\t\t\t\t<\/div>\n\t\t\t\t\t<\/div>\n\t\t<\/div>\n\t\t\t\t\t<\/div>\n\t\t<\/section>\n\t\t\t\t<section class=\"elementor-section elementor-top-section elementor-element elementor-element-db0ca51 elementor-section-boxed elementor-section-height-default elementor-section-height-default\" data-id=\"db0ca51\" data-element_type=\"section\">\n\t\t\t\t\t\t<div class=\"elementor-container elementor-column-gap-no\">\n\t\t\t\t\t<div class=\"elementor-column elementor-col-100 elementor-top-column elementor-element elementor-element-8c9ad5e\" data-id=\"8c9ad5e\" data-element_type=\"column\">\n\t\t\t<div class=\"elementor-widget-wrap elementor-element-populated\">\n\t\t\t\t\t\t<div class=\"elementor-element elementor-element-3b76d3a elementor-widget elementor-widget-text-editor\" data-id=\"3b76d3a\" data-element_type=\"widget\" data-widget_type=\"text-editor.default\">\n\t\t\t\t<div class=\"elementor-widget-container\">\n\t\t\t<style>\/*! elementor - v3.22.0 - 24-06-2024 *\/\n.elementor-widget-text-editor.elementor-drop-cap-view-stacked .elementor-drop-cap{background-color:#69727d;color:#fff}.elementor-widget-text-editor.elementor-drop-cap-view-framed .elementor-drop-cap{color:#69727d;border:3px solid;background-color:transparent}.elementor-widget-text-editor:not(.elementor-drop-cap-view-default) .elementor-drop-cap{margin-top:8px}.elementor-widget-text-editor:not(.elementor-drop-cap-view-default) .elementor-drop-cap-letter{width:1em;height:1em}.elementor-widget-text-editor .elementor-drop-cap{float:left;text-align:center;line-height:1;font-size:50px}.elementor-widget-text-editor .elementor-drop-cap-letter{display:inline-block}<\/style>\t\t\t\t<p><em><strong>\u201cLos rodamientos pueden tener una vida \u00fatil infinita cuando se eliminan part\u00edculas m\u00e1s grandes que la pel\u00edcula de lubricante\u201d -SKF<\/strong><\/em><\/p>\t\t\t\t\t\t<\/div>\n\t\t\t\t<\/div>\n\t\t\t\t<div class=\"elementor-element elementor-element-119e2f9 elementor-widget elementor-widget-text-editor\" data-id=\"119e2f9\" data-element_type=\"widget\" data-widget_type=\"text-editor.default\">\n\t\t\t\t<div class=\"elementor-widget-container\">\n\t\t\t\t\t\t\t<p>El aceite lubricante entra en contacto con todos los componentes de la maquinaria, por lo que su estado afecta significativamente el rendimiento del sistema mec\u00e1nico. Es importante controlar la cantidad de part\u00edculas s\u00f3lidas en el aceite, que son las que provocan la mayor\u00eda de las fallas en el sistema de aceite. El tama\u00f1o de part\u00edcula m\u00e1s da\u00f1ado es similar al espacio din\u00e1mico de los componentes m\u00f3viles (m\u00e1s grande que el espesor de la pel\u00edcula de aceite).<\/p>\t\t\t\t\t\t<\/div>\n\t\t\t\t<\/div>\n\t\t\t\t<div class=\"elementor-element elementor-element-1d1cffc elementor-widget elementor-widget-image\" data-id=\"1d1cffc\" data-element_type=\"widget\" data-widget_type=\"image.default\">\n\t\t\t\t<div class=\"elementor-widget-container\">\n\t\t\t\t\t\t\t\t\t\t\t\t\t\t<a href=\"https:\/\/www.winsonda.com\/wp-content\/uploads\/2024\/07\/film-thickness-1720503428.webp\" data-elementor-open-lightbox=\"yes\" data-elementor-lightbox-title=\"film-thickness\" data-e-action-hash=\"#elementor-action%3Aaction%3Dlightbox%26settings%3DeyJpZCI6ODAyLCJ1cmwiOiJodHRwczpcL1wvd3d3LndpbnNvbmRhLmNvbVwvd3AtY29udGVudFwvdXBsb2Fkc1wvMjAyNFwvMDdcL2ZpbG0tdGhpY2tuZXNzLTE3MjA1MDM0Mjgud2VicCJ9\">\n\t\t\t\t\t\t\t<img decoding=\"async\" width=\"2560\" height=\"2210\" src=\"https:\/\/www.winsonda.com\/wp-content\/uploads\/2024\/07\/film-thickness-1720503428.webp\" class=\"attachment-full size-full wp-image-802\" alt=\"Contaminaci\u00f3n por part\u00edculas\" srcset=\"https:\/\/www.winsonda.com\/wp-content\/uploads\/2024\/07\/film-thickness-1720503428.webp 2560w, https:\/\/www.winsonda.com\/wp-content\/uploads\/2024\/07\/film-thickness-1720503428-300x259.webp 300w, https:\/\/www.winsonda.com\/wp-content\/uploads\/2024\/07\/film-thickness-1720503428-1024x884.webp 1024w, https:\/\/www.winsonda.com\/wp-content\/uploads\/2024\/07\/film-thickness-1720503428-768x663.webp 768w, https:\/\/www.winsonda.com\/wp-content\/uploads\/2024\/07\/film-thickness-1720503428-1536x1326.webp 1536w, https:\/\/www.winsonda.com\/wp-content\/uploads\/2024\/07\/film-thickness-1720503428-2048x1768.webp 2048w\" sizes=\"(max-width: 2560px) 100vw, 2560px\" title=\"|\">\t\t\t\t\t\t\t\t<\/a>\n\t\t\t\t\t\t\t\t\t\t\t\t\t<\/div>\n\t\t\t\t<\/div>\n\t\t\t\t<section class=\"elementor-section elementor-inner-section elementor-element elementor-element-f70f7ec elementor-section-full_width elementor-section-height-default elementor-section-height-default\" data-id=\"f70f7ec\" data-element_type=\"section\">\n\t\t\t\t\t\t<div class=\"elementor-container elementor-column-gap-no\">\n\t\t\t\t\t<div class=\"elementor-column elementor-col-50 elementor-inner-column elementor-element elementor-element-aa3e71f\" data-id=\"aa3e71f\" data-element_type=\"column\">\n\t\t\t<div class=\"elementor-widget-wrap elementor-element-populated\">\n\t\t\t\t\t\t<div class=\"elementor-element elementor-element-e55b4cf elementor-widget elementor-widget-text-editor\" data-id=\"e55b4cf\" data-element_type=\"widget\" data-widget_type=\"text-editor.default\">\n\t\t\t\t<div class=\"elementor-widget-container\">\n\t\t\t\t\t\t\t<p>Cuando peque\u00f1as part\u00edculas ingresan al sistema de aceite, quedan f\u00e1cilmente atrapadas en el espacio fino, lo que genera un desgaste abrasivo catastr\u00f3fico y se crean m\u00e1s part\u00edculas en un c\u00edrculo vicioso.<\/p>\t\t\t\t\t\t<\/div>\n\t\t\t\t<\/div>\n\t\t\t\t\t<\/div>\n\t\t<\/div>\n\t\t\t\t<div class=\"elementor-column elementor-col-50 elementor-inner-column elementor-element elementor-element-18c6bd3\" data-id=\"18c6bd3\" data-element_type=\"column\">\n\t\t\t<div class=\"elementor-widget-wrap elementor-element-populated\">\n\t\t\t\t\t\t<div class=\"elementor-element elementor-element-63fdb6f elementor-widget elementor-widget-image\" data-id=\"63fdb6f\" data-element_type=\"widget\" data-widget_type=\"image.default\">\n\t\t\t\t<div class=\"elementor-widget-container\">\n\t\t\t\t\t\t\t\t\t\t\t\t\t\t<a href=\"https:\/\/www.winsonda.com\/wp-content\/uploads\/2024\/07\/abrasive-wear-1720503427.webp\" data-elementor-open-lightbox=\"yes\" data-elementor-lightbox-title=\"abrasive-wear\" data-e-action-hash=\"#elementor-action%3Aaction%3Dlightbox%26settings%3DeyJpZCI6ODAxLCJ1cmwiOiJodHRwczpcL1wvd3d3LndpbnNvbmRhLmNvbVwvd3AtY29udGVudFwvdXBsb2Fkc1wvMjAyNFwvMDdcL2FicmFzaXZlLXdlYXItMTcyMDUwMzQyNy53ZWJwIn0%3D\">\n\t\t\t\t\t\t\t<img decoding=\"async\" width=\"2560\" height=\"902\" src=\"https:\/\/www.winsonda.com\/wp-content\/uploads\/2024\/07\/abrasive-wear-1720503427.webp\" class=\"attachment-full size-full wp-image-801\" alt=\"Contaminaci\u00f3n por part\u00edculas\" srcset=\"https:\/\/www.winsonda.com\/wp-content\/uploads\/2024\/07\/abrasive-wear-1720503427.webp 2560w, https:\/\/www.winsonda.com\/wp-content\/uploads\/2024\/07\/abrasive-wear-1720503427-300x106.webp 300w, https:\/\/www.winsonda.com\/wp-content\/uploads\/2024\/07\/abrasive-wear-1720503427-1024x361.webp 1024w, https:\/\/www.winsonda.com\/wp-content\/uploads\/2024\/07\/abrasive-wear-1720503427-768x271.webp 768w, https:\/\/www.winsonda.com\/wp-content\/uploads\/2024\/07\/abrasive-wear-1720503427-1536x541.webp 1536w, https:\/\/www.winsonda.com\/wp-content\/uploads\/2024\/07\/abrasive-wear-1720503427-2048x722.webp 2048w\" sizes=\"(max-width: 2560px) 100vw, 2560px\" title=\"|\">\t\t\t\t\t\t\t\t<\/a>\n\t\t\t\t\t\t\t\t\t\t\t\t\t<\/div>\n\t\t\t\t<\/div>\n\t\t\t\t\t<\/div>\n\t\t<\/div>\n\t\t\t\t\t<\/div>\n\t\t<\/section>\n\t\t\t\t<section class=\"elementor-section elementor-inner-section elementor-element elementor-element-4c84c4a elementor-section-full_width elementor-reverse-mobile elementor-section-height-default elementor-section-height-default\" data-id=\"4c84c4a\" data-element_type=\"section\">\n\t\t\t\t\t\t<div class=\"elementor-container elementor-column-gap-no\">\n\t\t\t\t\t<div class=\"elementor-column elementor-col-50 elementor-inner-column elementor-element elementor-element-70edf3c\" data-id=\"70edf3c\" data-element_type=\"column\">\n\t\t\t<div class=\"elementor-widget-wrap elementor-element-populated\">\n\t\t\t\t\t\t<div class=\"elementor-element elementor-element-b28f877 elementor-widget elementor-widget-image\" data-id=\"b28f877\" data-element_type=\"widget\" data-widget_type=\"image.default\">\n\t\t\t\t<div class=\"elementor-widget-container\">\n\t\t\t\t\t\t\t\t\t\t\t\t\t\t<a href=\"https:\/\/www.winsonda.com\/wp-content\/uploads\/2024\/07\/ISO4406_2017-1720503426.webp\" data-elementor-open-lightbox=\"yes\" data-elementor-lightbox-title=\"ISO4406_2017\" data-e-action-hash=\"#elementor-action%3Aaction%3Dlightbox%26settings%3DeyJpZCI6ODAwLCJ1cmwiOiJodHRwczpcL1wvd3d3LndpbnNvbmRhLmNvbVwvd3AtY29udGVudFwvdXBsb2Fkc1wvMjAyNFwvMDdcL0lTTzQ0MDZfMjAxNy0xNzIwNTAzNDI2LndlYnAifQ%3D%3D\">\n\t\t\t\t\t\t\t<img loading=\"lazy\" decoding=\"async\" width=\"1650\" height=\"2560\" src=\"https:\/\/www.winsonda.com\/wp-content\/uploads\/2024\/07\/ISO4406_2017-1720503426.webp\" class=\"attachment-full size-full wp-image-800\" alt=\"Contaminaci\u00f3n por part\u00edculas\" srcset=\"https:\/\/www.winsonda.com\/wp-content\/uploads\/2024\/07\/ISO4406_2017-1720503426.webp 1650w, https:\/\/www.winsonda.com\/wp-content\/uploads\/2024\/07\/ISO4406_2017-1720503426-193x300.webp 193w, https:\/\/www.winsonda.com\/wp-content\/uploads\/2024\/07\/ISO4406_2017-1720503426-660x1024.webp 660w, https:\/\/www.winsonda.com\/wp-content\/uploads\/2024\/07\/ISO4406_2017-1720503426-768x1192.webp 768w, https:\/\/www.winsonda.com\/wp-content\/uploads\/2024\/07\/ISO4406_2017-1720503426-990x1536.webp 990w, https:\/\/www.winsonda.com\/wp-content\/uploads\/2024\/07\/ISO4406_2017-1720503426-1320x2048.webp 1320w\" sizes=\"(max-width: 1650px) 100vw, 1650px\" title=\"|\">\t\t\t\t\t\t\t\t<\/a>\n\t\t\t\t\t\t\t\t\t\t\t\t\t<\/div>\n\t\t\t\t<\/div>\n\t\t\t\t\t<\/div>\n\t\t<\/div>\n\t\t\t\t<div class=\"elementor-column elementor-col-50 elementor-inner-column elementor-element elementor-element-ef005bd\" data-id=\"ef005bd\" data-element_type=\"column\">\n\t\t\t<div class=\"elementor-widget-wrap elementor-element-populated\">\n\t\t\t\t\t\t<div class=\"elementor-element elementor-element-79d4ddb elementor-widget elementor-widget-text-editor\" data-id=\"79d4ddb\" data-element_type=\"widget\" data-widget_type=\"text-editor.default\">\n\t\t\t\t<div class=\"elementor-widget-container\">\n\t\t\t\t\t\t\t<h3>ISO 4406:2017<\/h3><p>El c\u00f3digo de limpieza ISO se utiliza para cuantificar el nivel de contaminantes de part\u00edculas por mililitro de aceite, como tama\u00f1o 4 \u03bcm [c], 6 \u03bcm [c], 14 \u03bcm [c]. El c\u00f3digo ISO se expresa en 3 n\u00fameros, por ejemplo 18\/16\/13. Cada n\u00famero representa un c\u00f3digo de nivel de contaminaci\u00f3n para los tama\u00f1os de part\u00edculas relativos. Es importante tener en cuenta que un aumento en un c\u00f3digo generalmente es la duplicaci\u00f3n del nivel de contaminaci\u00f3n.<\/p><h3>SOLUCIONES PARA LA ELIMINACI\u00d3N DE PART\u00cdCULAS<\/h3><table><thead><tr><th align=\"left\">Modelo<\/th><th align=\"left\">Part\u00edcula<\/th><th align=\"left\">Part\u00edcula superfina<\/th><th align=\"left\">Sensibilidad al agua<\/th><\/tr><\/thead><tbody><tr><td align=\"left\">WJYJ<\/td><td align=\"left\">\u221a<\/td><td align=\"left\">\u00a0<\/td><td align=\"left\">\u00a0<\/td><\/tr><tr><td align=\"left\">WJL<\/td><td align=\"left\">\u221a<\/td><td align=\"left\">\u221a<\/td><td align=\"left\">\u00a0<\/td><\/tr><tr><td align=\"left\">D\u00eda Mundial del Juicio<\/td><td align=\"left\">\u221a<\/td><td align=\"left\">\u221a<\/td><td align=\"left\">\u221a<\/td><\/tr><\/tbody><\/table>\t\t\t\t\t\t<\/div>\n\t\t\t\t<\/div>\n\t\t\t\t\t<\/div>\n\t\t<\/div>\n\t\t\t\t\t<\/div>\n\t\t<\/section>\n\t\t\t\t\t<\/div>\n\t\t<\/div>\n\t\t\t\t\t<\/div>\n\t\t<\/section>\n\t\t\t\t<\/div>","protected":false},"excerpt":{"rendered":"<p>Contaminaci\u00f3n por part\u00edculas \u201cLos rodamientos pueden tener una vida \u00fatil infinita cuando se eliminan las part\u00edculas m\u00e1s grandes que la pel\u00edcula de lubricante\u201d -SKF El aceite lubricante entra en contacto con todos los componentes de la maquinaria, por lo que el estado del aceite afecta significativamente el rendimiento del sistema mec\u00e1nico. Es importante controlar la cantidad de part\u00edculas s\u00f3lidas en el aceite que causan la mayor\u00eda [\u2026]<\/p>","protected":false},"author":1,"featured_media":0,"parent":0,"menu_order":0,"comment_status":"closed","ping_status":"closed","template":"","meta":{"_acf_changed":false,"footnotes":""},"class_list":["post-797","page","type-page","status-publish","hentry"],"acf":[],"_links":{"self":[{"href":"https:\/\/www.winsonda.com\/es\/wp-json\/wp\/v2\/pages\/797"}],"collection":[{"href":"https:\/\/www.winsonda.com\/es\/wp-json\/wp\/v2\/pages"}],"about":[{"href":"https:\/\/www.winsonda.com\/es\/wp-json\/wp\/v2\/types\/page"}],"author":[{"embeddable":true,"href":"https:\/\/www.winsonda.com\/es\/wp-json\/wp\/v2\/users\/1"}],"replies":[{"embeddable":true,"href":"https:\/\/www.winsonda.com\/es\/wp-json\/wp\/v2\/comments?post=797"}],"version-history":[{"count":5,"href":"https:\/\/www.winsonda.com\/es\/wp-json\/wp\/v2\/pages\/797\/revisions"}],"predecessor-version":[{"id":2328,"href":"https:\/\/www.winsonda.com\/es\/wp-json\/wp\/v2\/pages\/797\/revisions\/2328"}],"wp:attachment":[{"href":"https:\/\/www.winsonda.com\/es\/wp-json\/wp\/v2\/media?parent=797"}],"curies":[{"name":"wp","href":"https:\/\/api.w.org\/{rel}","templated":true}]}}