{"id":2724,"date":"2025-03-13T01:32:21","date_gmt":"2025-03-13T01:32:21","guid":{"rendered":"https:\/\/www.winsonda.com\/?page_id=2724"},"modified":"2025-03-19T02:43:13","modified_gmt":"2025-03-19T02:43:13","slug":"industrial-wastewater-contaminants","status":"publish","type":"page","link":"https:\/\/www.winsonda.com\/es\/industrial-wastewater-contaminants\/","title":{"rendered":"Contaminantes de aguas residuales industriales"},"content":{"rendered":"<div data-elementor-type=\"wp-page\" data-elementor-id=\"2724\" class=\"elementor elementor-2724\" data-elementor-post-type=\"page\">\n\t\t\t\t\t\t<section class=\"elementor-section elementor-top-section elementor-element elementor-element-71b7dae elementor-section-full_width elementor-section-height-default elementor-section-height-default\" data-id=\"71b7dae\" data-element_type=\"section\">\n\t\t\t\t\t\t<div class=\"elementor-container elementor-column-gap-no\">\n\t\t\t\t\t<div class=\"elementor-column elementor-col-100 elementor-top-column elementor-element elementor-element-d3aebd9\" data-id=\"d3aebd9\" data-element_type=\"column\">\n\t\t\t<div class=\"elementor-widget-wrap elementor-element-populated\">\n\t\t\t\t\t\t<div class=\"elementor-element elementor-element-cb080cd elementor-widget elementor-widget-image\" data-id=\"cb080cd\" data-element_type=\"widget\" data-widget_type=\"image.default\">\n\t\t\t\t<div class=\"elementor-widget-container\">\n\t\t\t<style>\/*! elementor - v3.22.0 - 24-06-2024 *\/\n.elementor-widget-image{text-align:center}.elementor-widget-image a{display:inline-block}.elementor-widget-image a img[src$=\".svg\"]{width:48px}.elementor-widget-image img{vertical-align:middle;display:inline-block}<\/style>\t\t\t\t\t\t\t\t\t\t<img fetchpriority=\"high\" decoding=\"async\" width=\"1921\" height=\"750\" src=\"https:\/\/www.winsonda.com\/wp-content\/uploads\/2025\/03\/4ae4c77f-d68d-4f40-9323-8e2efce411a2-1742352179.webp\" class=\"attachment-full size-full wp-image-2782\" alt=\"Contaminantes de aguas residuales industriales\" srcset=\"https:\/\/www.winsonda.com\/wp-content\/uploads\/2025\/03\/4ae4c77f-d68d-4f40-9323-8e2efce411a2-1742352179.webp 1921w, https:\/\/www.winsonda.com\/wp-content\/uploads\/2025\/03\/4ae4c77f-d68d-4f40-9323-8e2efce411a2-1742352179-300x117.webp 300w, https:\/\/www.winsonda.com\/wp-content\/uploads\/2025\/03\/4ae4c77f-d68d-4f40-9323-8e2efce411a2-1742352179-1024x400.webp 1024w, https:\/\/www.winsonda.com\/wp-content\/uploads\/2025\/03\/4ae4c77f-d68d-4f40-9323-8e2efce411a2-1742352179-768x300.webp 768w, https:\/\/www.winsonda.com\/wp-content\/uploads\/2025\/03\/4ae4c77f-d68d-4f40-9323-8e2efce411a2-1742352179-1536x600.webp 1536w, https:\/\/www.winsonda.com\/wp-content\/uploads\/2025\/03\/4ae4c77f-d68d-4f40-9323-8e2efce411a2-1742352179-18x7.webp 18w\" sizes=\"(max-width: 1921px) 100vw, 1921px\" title=\"|\">\t\t\t\t\t\t\t\t\t\t\t\t\t<\/div>\n\t\t\t\t<\/div>\n\t\t\t\t<section class=\"elementor-section elementor-inner-section elementor-element elementor-element-2d0e79a elementor-section-boxed elementor-section-height-default elementor-section-height-default\" data-id=\"2d0e79a\" data-element_type=\"section\">\n\t\t\t\t\t\t<div class=\"elementor-container elementor-column-gap-no\">\n\t\t\t\t\t<div class=\"elementor-column elementor-col-100 elementor-inner-column elementor-element elementor-element-ef77e34\" data-id=\"ef77e34\" data-element_type=\"column\">\n\t\t\t<div class=\"elementor-widget-wrap elementor-element-populated\">\n\t\t\t\t\t\t<div class=\"elementor-element elementor-element-af8650d elementor-widget elementor-widget-heading\" data-id=\"af8650d\" data-element_type=\"widget\" data-widget_type=\"heading.default\">\n\t\t\t\t<div class=\"elementor-widget-container\">\n\t\t\t<style>\/*! elementor - v3.22.0 - 24-06-2024 *\/\n.elementor-heading-title{padding:0;margin:0;line-height:1}.elementor-widget-heading .elementor-heading-title[class*=elementor-size-]>a{color:inherit;font-size:inherit;line-height:inherit}.elementor-widget-heading .elementor-heading-title.elementor-size-small{font-size:15px}.elementor-widget-heading .elementor-heading-title.elementor-size-medium{font-size:19px}.elementor-widget-heading .elementor-heading-title.elementor-size-large{font-size:29px}.elementor-widget-heading .elementor-heading-title.elementor-size-xl{font-size:39px}.elementor-widget-heading .elementor-heading-title.elementor-size-xxl{font-size:59px}<\/style><h1 class=\"elementor-heading-title elementor-size-default\">Contaminantes de aguas residuales industriales<\/h1>\t\t<\/div>\n\t\t\t\t<\/div>\n\t\t\t\t\t<\/div>\n\t\t<\/div>\n\t\t\t\t\t<\/div>\n\t\t<\/section>\n\t\t\t\t\t<\/div>\n\t\t<\/div>\n\t\t\t\t\t<\/div>\n\t\t<\/section>\n\t\t\t\t<section class=\"elementor-section elementor-top-section elementor-element elementor-element-e3abad1 elementor-section-full_width elementor-section-height-default elementor-section-height-default\" data-id=\"e3abad1\" data-element_type=\"section\">\n\t\t\t\t\t\t<div class=\"elementor-container elementor-column-gap-no\">\n\t\t\t\t\t<div class=\"elementor-column elementor-col-100 elementor-top-column elementor-element elementor-element-d0ad232\" data-id=\"d0ad232\" data-element_type=\"column\">\n\t\t\t<div class=\"elementor-widget-wrap elementor-element-populated\">\n\t\t\t\t\t\t<div class=\"elementor-element elementor-element-1c6b285 elementor-widget elementor-widget-template\" data-id=\"1c6b285\" data-element_type=\"widget\" data-widget_type=\"template.default\">\n\t\t\t\t<div class=\"elementor-widget-container\">\n\t\t\t\t\t<div class=\"elementor-template\">\n\t\t\t\t\t<div data-elementor-type=\"section\" data-elementor-id=\"103\" class=\"elementor elementor-103\" data-elementor-post-type=\"elementor_library\">\n\t\t\t\t\t<section class=\"elementor-section elementor-top-section elementor-element elementor-element-18c80af elementor-section-boxed elementor-section-height-default elementor-section-height-default\" data-id=\"18c80af\" data-element_type=\"section\">\n\t\t\t\t\t\t<div class=\"elementor-container elementor-column-gap-no\">\n\t\t\t\t\t<div class=\"elementor-column elementor-col-100 elementor-top-column elementor-element elementor-element-abbb1a3\" data-id=\"abbb1a3\" data-element_type=\"column\">\n\t\t\t<div class=\"elementor-widget-wrap elementor-element-populated\">\n\t\t\t\t\t\t<div class=\"elementor-element elementor-element-c9cd2a7 elementor-widget elementor-widget-breadcrumbs\" data-id=\"c9cd2a7\" data-element_type=\"widget\" data-widget_type=\"breadcrumbs.default\">\n\t\t\t\t<div class=\"elementor-widget-container\">\n\t\t\t<nav aria-label=\"pan rallado\" class=\"rank-math-breadcrumb\"><p><span class=\"last\">Hogar<\/span><\/p><\/nav>\t\t<\/div>\n\t\t\t\t<\/div>\n\t\t\t\t\t<\/div>\n\t\t<\/div>\n\t\t\t\t\t<\/div>\n\t\t<\/section>\n\t\t\t\t<\/div>\n\t\t\t\t<\/div>\n\t\t\t\t<\/div>\n\t\t\t\t<\/div>\n\t\t\t\t\t<\/div>\n\t\t<\/div>\n\t\t\t\t\t<\/div>\n\t\t<\/section>\n\t\t\t\t<section class=\"elementor-section elementor-top-section elementor-element elementor-element-e82a3a2 elementor-section-boxed elementor-section-height-default elementor-section-height-default\" data-id=\"e82a3a2\" data-element_type=\"section\">\n\t\t\t\t\t\t<div class=\"elementor-container elementor-column-gap-no\">\n\t\t\t\t\t<div class=\"elementor-column elementor-col-100 elementor-top-column elementor-element elementor-element-86e0671\" data-id=\"86e0671\" data-element_type=\"column\">\n\t\t\t<div class=\"elementor-widget-wrap elementor-element-populated\">\n\t\t\t\t\t\t<div class=\"elementor-element elementor-element-7cbb888 elementor-widget elementor-widget-heading\" data-id=\"7cbb888\" data-element_type=\"widget\" data-widget_type=\"heading.default\">\n\t\t\t\t<div class=\"elementor-widget-container\">\n\t\t\t<h2 class=\"elementor-heading-title elementor-size-default\">Contaminantes comunes en aguas residuales industriales<\/h2>\t\t<\/div>\n\t\t\t\t<\/div>\n\t\t\t\t<div class=\"elementor-element elementor-element-c9c4017 elementor-widget elementor-widget-text-editor\" data-id=\"c9c4017\" data-element_type=\"widget\" data-widget_type=\"text-editor.default\">\n\t\t\t\t<div class=\"elementor-widget-container\">\n\t\t\t<style>\/*! elementor - v3.22.0 - 24-06-2024 *\/\n.elementor-widget-text-editor.elementor-drop-cap-view-stacked .elementor-drop-cap{background-color:#69727d;color:#fff}.elementor-widget-text-editor.elementor-drop-cap-view-framed .elementor-drop-cap{color:#69727d;border:3px solid;background-color:transparent}.elementor-widget-text-editor:not(.elementor-drop-cap-view-default) .elementor-drop-cap{margin-top:8px}.elementor-widget-text-editor:not(.elementor-drop-cap-view-default) .elementor-drop-cap-letter{width:1em;height:1em}.elementor-widget-text-editor .elementor-drop-cap{float:left;text-align:center;line-height:1;font-size:50px}.elementor-widget-text-editor .elementor-drop-cap-letter{display:inline-block}<\/style>\t\t\t\t<p class=\"p\"><span style=\"mso-spacerun: 'yes'; font-family: Arial; mso-fareast-font-family: \u5b8b\u4f53; font-size: 12.0000pt; mso-font-kerning: 0.0000pt;\">Las aguas residuales industriales constituyen un grave problema ambiental, ya que contienen diversos contaminantes que pueden suponer riesgos significativos para los ecosistemas y la salud humana. La identificaci\u00f3n y el tratamiento adecuados de estos contaminantes son cruciales para que las industrias cumplan con la normativa y minimicen su impacto ambiental.<\/span><\/p>\t\t\t\t\t\t<\/div>\n\t\t\t\t<\/div>\n\t\t\t\t<div class=\"elementor-element elementor-element-b9e48e0 elementor-widget elementor-widget-heading\" data-id=\"b9e48e0\" data-element_type=\"widget\" data-widget_type=\"heading.default\">\n\t\t\t\t<div class=\"elementor-widget-container\">\n\t\t\t<h2 class=\"elementor-heading-title elementor-size-default\">\u00bfDE DONDE PUEDE VENIR EL AGUA?<\/h2>\t\t<\/div>\n\t\t\t\t<\/div>\n\t\t\t\t<section class=\"elementor-section elementor-inner-section elementor-element elementor-element-1ff2d4c elementor-section-full_width elementor-section-height-default elementor-section-height-default\" data-id=\"1ff2d4c\" data-element_type=\"section\">\n\t\t\t\t\t\t<div class=\"elementor-container elementor-column-gap-no\">\n\t\t\t\t\t<div class=\"elementor-column elementor-col-25 elementor-inner-column elementor-element elementor-element-cdce08d item_box\" data-id=\"cdce08d\" data-element_type=\"column\">\n\t\t\t<div class=\"elementor-widget-wrap elementor-element-populated\">\n\t\t\t\t\t\t<div class=\"elementor-element elementor-element-abaad8f elementor-widget elementor-widget-heading\" data-id=\"abaad8f\" data-element_type=\"widget\" data-widget_type=\"heading.default\">\n\t\t\t\t<div class=\"elementor-widget-container\">\n\t\t\t<h3 class=\"elementor-heading-title elementor-size-default\"><p><b><span style=\"mso-spacerun:'yes';font-family:Arial;mso-fareast-font-family:\u5b8b\u4f53;mso-ansi-font-weight:bold;\">Contaminantes org\u00e1nicos<\/span><\/b><span style=\"color: var( --e-global-color-secondary ); font-size: 1.25rem;\"><\/span><\/p><\/h3>\t\t<\/div>\n\t\t\t\t<\/div>\n\t\t\t\t<div class=\"elementor-element elementor-element-0fa0dbd elementor-widget elementor-widget-text-editor\" data-id=\"0fa0dbd\" data-element_type=\"widget\" data-widget_type=\"text-editor.default\">\n\t\t\t\t<div class=\"elementor-widget-container\">\n\t\t\t\t\t\t\t<p>Demanda Qu\u00edmica de Ox\u00edgeno (DQO) y Demanda Bioqu\u00edmica de Ox\u00edgeno (DBO): Indican la cantidad de ox\u00edgeno necesaria para descomponer la materia org\u00e1nica. Los niveles altos pueden agotar el ox\u00edgeno en los cuerpos de agua, perjudicando la vida acu\u00e1tica.<\/p><p><span style=\"color: var( --e-global-color-text ); font-size: var( --e-global-typography-text-font-size ); font-weight: var( --e-global-typography-text-font-weight );\">\u00a0Hidrocarburos de petr\u00f3leo: Se encuentran en refiner\u00edas de petr\u00f3leo, industrias automotrices y qu\u00edmicas, causando contaminaci\u00f3n del agua y toxicidad.<\/span><\/p><p>\u00a0<\/p><p>Fenoles y pesticidas: comunes en la fabricaci\u00f3n de productos qu\u00edmicos y en la agricultura, altamente t\u00f3xicos y persistentes en el medio ambiente.<\/p>\t\t\t\t\t\t<\/div>\n\t\t\t\t<\/div>\n\t\t\t\t\t<\/div>\n\t\t<\/div>\n\t\t\t\t<div class=\"elementor-column elementor-col-25 elementor-inner-column elementor-element elementor-element-f643eb1 item_box\" data-id=\"f643eb1\" data-element_type=\"column\">\n\t\t\t<div class=\"elementor-widget-wrap elementor-element-populated\">\n\t\t\t\t\t\t<div class=\"elementor-element elementor-element-56e5eda elementor-widget elementor-widget-heading\" data-id=\"56e5eda\" data-element_type=\"widget\" data-widget_type=\"heading.default\">\n\t\t\t\t<div class=\"elementor-widget-container\">\n\t\t\t<h3 class=\"elementor-heading-title elementor-size-default\"><p><b><span style=\"mso-spacerun:'yes';font-family:Arial;mso-fareast-font-family:\u5b8b\u4f53;mso-ansi-font-weight:bold;\">Contaminantes inorg\u00e1nicos<\/span><\/b><span style=\"color: var( --e-global-color-secondary ); font-size: 1.25rem;\"><\/span><\/p><\/h3>\t\t<\/div>\n\t\t\t\t<\/div>\n\t\t\t\t<div class=\"elementor-element elementor-element-d1ce1ce elementor-widget elementor-widget-text-editor\" data-id=\"d1ce1ce\" data-element_type=\"widget\" data-widget_type=\"text-editor.default\">\n\t\t\t\t<div class=\"elementor-widget-container\">\n\t\t\t\t\t\t\t<p>Metales pesados (Pb, Hg, Cd, Cr, As, Zn, Cu, Ni): liberados por las industrias de miner\u00eda, galvanoplastia y fabricaci\u00f3n, estos metales no son biodegradables y se acumulan en los organismos vivos, lo que provoca toxicidad a largo plazo.<\/p><p>Nutrientes (nitr\u00f3geno y f\u00f3sforo): Los niveles excesivos, com\u00fanmente provenientes de plantas de fertilizantes e industrias de procesamiento de alimentos, conducen a la eutrofizaci\u00f3n, causando floraciones de algas nocivas.<\/p><p>Sales y s\u00f3lidos disueltos totales (TDS): Las altas concentraciones provenientes de plantas textiles, curtidur\u00edas y qu\u00edmicas pueden alterar los ecosistemas de agua dulce y afectar la calidad del suelo.<\/p>\t\t\t\t\t\t<\/div>\n\t\t\t\t<\/div>\n\t\t\t\t\t<\/div>\n\t\t<\/div>\n\t\t\t\t<div class=\"elementor-column elementor-col-25 elementor-inner-column elementor-element elementor-element-f458a76 item_box\" data-id=\"f458a76\" data-element_type=\"column\">\n\t\t\t<div class=\"elementor-widget-wrap elementor-element-populated\">\n\t\t\t\t\t\t<div class=\"elementor-element elementor-element-934405e elementor-widget elementor-widget-heading\" data-id=\"934405e\" data-element_type=\"widget\" data-widget_type=\"heading.default\">\n\t\t\t\t<div class=\"elementor-widget-container\">\n\t\t\t<h3 class=\"elementor-heading-title elementor-size-default\"><h4><p><strong>S\u00f3lidos suspendidos y sedimentos<\/strong><\/p><\/h4><\/h3>\t\t<\/div>\n\t\t\t\t<\/div>\n\t\t\t\t<div class=\"elementor-element elementor-element-b23b91a elementor-widget elementor-widget-text-editor\" data-id=\"b23b91a\" data-element_type=\"widget\" data-widget_type=\"text-editor.default\">\n\t\t\t\t<div class=\"elementor-widget-container\">\n\t\t\t\t\t\t\t<p>Incluye polvo, tierra y part\u00edculas provenientes de actividades industriales como la miner\u00eda, la construcci\u00f3n y el procesamiento de alimentos. Provocan turbidez en el agua, reduciendo la penetraci\u00f3n de la luz solar y los niveles de ox\u00edgeno.<\/p>\t\t\t\t\t\t<\/div>\n\t\t\t\t<\/div>\n\t\t\t\t\t<\/div>\n\t\t<\/div>\n\t\t\t\t<div class=\"elementor-column elementor-col-25 elementor-inner-column elementor-element elementor-element-45039d5 item_box\" data-id=\"45039d5\" data-element_type=\"column\">\n\t\t\t<div class=\"elementor-widget-wrap elementor-element-populated\">\n\t\t\t\t\t\t<div class=\"elementor-element elementor-element-12c23c2 elementor-widget elementor-widget-heading\" data-id=\"12c23c2\" data-element_type=\"widget\" data-widget_type=\"heading.default\">\n\t\t\t\t<div class=\"elementor-widget-container\">\n\t\t\t<h3 class=\"elementor-heading-title elementor-size-default\">Microorganismos pat\u00f3genos\n<\/h3>\t\t<\/div>\n\t\t\t\t<\/div>\n\t\t\t\t<div class=\"elementor-element elementor-element-ccf2153 elementor-widget elementor-widget-text-editor\" data-id=\"ccf2153\" data-element_type=\"widget\" data-widget_type=\"text-editor.default\">\n\t\t\t\t<div class=\"elementor-widget-container\">\n\t\t\t\t\t\t\t<p>Estas bacterias, virus y par\u00e1sitos, presentes en las aguas residuales de las industrias farmac\u00e9utica y alimentaria, pueden propagar enfermedades si no se tratan adecuadamente.<\/p>\t\t\t\t\t\t<\/div>\n\t\t\t\t<\/div>\n\t\t\t\t\t<\/div>\n\t\t<\/div>\n\t\t\t\t\t<\/div>\n\t\t<\/section>\n\t\t\t\t<div class=\"elementor-element elementor-element-42a27ca elementor-widget elementor-widget-heading\" data-id=\"42a27ca\" data-element_type=\"widget\" data-widget_type=\"heading.default\">\n\t\t\t\t<div class=\"elementor-widget-container\">\n\t\t\t<h2 class=\"elementor-heading-title elementor-size-default\"><p>Desaf\u00edos en el tratamiento de aguas residuales industriales<span style=\"color: var( --e-global-color-primary ); font-size: var( --e-global-typography-63e0769-font-size ); font-weight: var( --e-global-typography-63e0769-font-weight ); letter-spacing: var( --e-global-typography-63e0769-letter-spacing );\"><\/span><\/p><\/h2>\t\t<\/div>\n\t\t\t\t<\/div>\n\t\t\t\t<div class=\"elementor-element elementor-element-18963ce elementor-widget elementor-widget-heading\" data-id=\"18963ce\" data-element_type=\"widget\" data-widget_type=\"heading.default\">\n\t\t\t\t<div class=\"elementor-widget-container\">\n\t\t\t<h3 class=\"elementor-heading-title elementor-size-default\"><p>\u00b7 Composici\u00f3n compleja: Las aguas residuales industriales var\u00edan mucho en tipo y concentraci\u00f3n de contaminantes, lo que requiere enfoques de tratamiento personalizados.<\/p>\n<p>\u00b7 Altos costos de tratamiento: Las tecnolog\u00edas de tratamiento avanzadas, como la filtraci\u00f3n por membrana y la oxidaci\u00f3n qu\u00edmica, son costosas.<\/p>\n<p>\u00b7 Cumplimiento normativo: las industrias deben cumplir l\u00edmites estrictos de descarga ambiental para evitar multas y sanciones.<\/p>\n<p>\u00b7 Consumo de energ\u00eda: Algunos m\u00e9todos de tratamiento, como la evaporaci\u00f3n y \n<\/p><span style=\"color: var( --e-global-color-63fce42 ); font-size: var( --e-global-typography-63e0769-font-size ); font-weight: var( --e-global-typography-63e0769-font-weight ); letter-spacing: var( --e-global-typography-63e0769-letter-spacing );\">La incineraci\u00f3n requiere un importante aporte de energ\u00eda.<\/span><\/h3>\t\t<\/div>\n\t\t\t\t<\/div>\n\t\t\t\t<div class=\"elementor-element elementor-element-d12e4e0 elementor-widget elementor-widget-heading\" data-id=\"d12e4e0\" data-element_type=\"widget\" data-widget_type=\"heading.default\">\n\t\t\t\t<div class=\"elementor-widget-container\">\n\t\t\t<h2 class=\"elementor-heading-title elementor-size-default\"><p>Soluciones para el tratamiento de aguas residuales industriales<span style=\"color: var( --e-global-color-primary ); font-size: var( --e-global-typography-63e0769-font-size ); font-weight: var( --e-global-typography-63e0769-font-weight ); letter-spacing: var( --e-global-typography-63e0769-letter-spacing );\"><\/span><\/p><\/h2>\t\t<\/div>\n\t\t\t\t<\/div>\n\t\t\t\t<div class=\"elementor-element elementor-element-62aa54c elementor-widget elementor-widget-text-editor\" data-id=\"62aa54c\" data-element_type=\"widget\" data-widget_type=\"text-editor.default\">\n\t\t\t\t<div class=\"elementor-widget-container\">\n\t\t\t\t\t\t\t<table style=\"width: 100%; height: 481px;\"><thead><tr style=\"height: 78px;\"><th style=\"width: 27.8054%; height: 78px;\" align=\"left\">M\u00e9todos de tratamiento f\u00edsico<\/th><th style=\"width: 25.0996%; height: 78px;\" align=\"left\"><span style=\"vertical-align: inherit;\">M\u00e9todos de tratamiento qu\u00edmico<br \/><\/span><\/th><th style=\"width: 24.5046%; height: 78px;\" align=\"left\"><span style=\"vertical-align: inherit;\"><span style=\"vertical-align: inherit;\">M\u00e9todos de tratamiento biol\u00f3gico<br \/><\/span><\/span><\/th><th style=\"width: 24.0498%; height: 78px;\" align=\"left\"><p><strong>Tecnolog\u00edas de tratamiento avanzadas<\/strong><\/p><\/th><\/tr><\/thead><tbody><tr style=\"height: 183px;\"><td style=\"width: 27.8054%; height: 183px;\" align=\"left\"><span style=\"vertical-align: inherit;\"><span style=\"vertical-align: inherit;\">\u00a0Sedimentaci\u00f3n y filtraci\u00f3n: elimina s\u00f3lidos suspendidos y part\u00edculas grandes.<br \/><\/span><\/span><\/td><td style=\"width: 25.0996%; height: 183px;\" align=\"left\"><span style=\"vertical-align: inherit;\"><span style=\"vertical-align: inherit;\">\u00a0Coagulaci\u00f3n y floculaci\u00f3n: Ayuda a sedimentar part\u00edculas suspendidas y materia org\u00e1nica.<br \/><\/span><\/span><\/td><td style=\"width: 24.5046%; height: 183px;\" align=\"left\">\u00a0Proceso de lodos activados: utiliza bacterias para degradar la materia org\u00e1nica.<\/td><td style=\"width: 24.0498%; height: 183px;\" align=\"left\">Evaporaci\u00f3n a baja temperatura: Altamente eficiente para tratar corrientes de desechos peligrosos y de alta salinidad.<\/td><\/tr><tr style=\"height: 168px;\"><td style=\"width: 27.8054%; height: 168px;\" align=\"left\">\u00a0Filtraci\u00f3n por membrana (RO, UF, NF): se utiliza para la eliminaci\u00f3n de part\u00edculas finas y de alta salinidad.<\/td><td style=\"width: 25.0996%; height: 168px;\" align=\"left\"><span style=\"vertical-align: inherit;\"><span style=\"vertical-align: inherit;\">Oxidaci\u00f3n (ozono, Fenton, electroqu\u00edmica): descompone contaminantes org\u00e1nicos t\u00f3xicos.<br \/><\/span><\/span><\/td><td style=\"width: 24.5046%; height: 168px;\" align=\"left\"><span style=\"vertical-align: inherit;\"><span style=\"vertical-align: inherit;\">\u00a0Digesti\u00f3n Anaer\u00f3bica: Convierte los residuos org\u00e1nicos en biog\u00e1s para la recuperaci\u00f3n de energ\u00eda.<br \/><\/span><\/span><\/td><td style=\"width: 24.0498%; height: 168px;\" align=\"left\"><span style=\"vertical-align: inherit;\"><span style=\"vertical-align: inherit;\">Sistemas de descarga cero de l\u00edquidos (ZLD): maximizan la recuperaci\u00f3n de agua y minimizan el desperdicio.<br \/><\/span><\/span><\/td><\/tr><tr style=\"height: 26px;\"><td style=\"width: 27.8054%; height: 26px;\"><span style=\"vertical-align: inherit;\"><span style=\"vertical-align: inherit;\">\u00a0<\/span><\/span><\/td><td style=\"width: 25.0996%; height: 26px;\"><span style=\"vertical-align: inherit;\"><span style=\"vertical-align: inherit;\">\u00a0<\/span><\/span>Neutralizaci\u00f3n: Ajusta los niveles de pH para una descarga segura.<\/td><td style=\"width: 24.5046%; height: 26px;\"><span style=\"vertical-align: inherit;\"><span style=\"vertical-align: inherit;\">\u00a0Humedales construidos: un sistema de filtraci\u00f3n natural que utiliza plantas y microbios.<br \/><\/span><\/span><\/td><td style=\"width: 24.0498%; height: 26px;\"><span style=\"vertical-align: inherit;\"><span style=\"vertical-align: inherit;\">\u00a0Procesos de oxidaci\u00f3n avanzada (POA): eficaces para descomponer contaminantes persistentes.<br \/><\/span><\/span><\/td><\/tr><\/tbody><\/table>\t\t\t\t\t\t<\/div>\n\t\t\t\t<\/div>\n\t\t\t\t\t<\/div>\n\t\t<\/div>\n\t\t\t\t\t<\/div>\n\t\t<\/section>\n\t\t\t\t<\/div>","protected":false},"excerpt":{"rendered":"<p>Contaminantes comunes en aguas residuales industriales. Las aguas residuales industriales constituyen un importante problema ambiental, ya que contienen diversos contaminantes que pueden representar riesgos significativos para los ecosistemas y la salud humana. La identificaci\u00f3n y el tratamiento adecuados de estos contaminantes son cruciales para que las industrias cumplan con las normativas y minimicen su impacto ambiental. \u00bfA D\u00d3NDE PUEDE IR EL AGUA? [\u2026]<\/p>","protected":false},"author":4,"featured_media":0,"parent":0,"menu_order":0,"comment_status":"closed","ping_status":"closed","template":"","meta":{"_acf_changed":false,"footnotes":""},"class_list":["post-2724","page","type-page","status-publish","hentry"],"acf":[],"_links":{"self":[{"href":"https:\/\/www.winsonda.com\/es\/wp-json\/wp\/v2\/pages\/2724"}],"collection":[{"href":"https:\/\/www.winsonda.com\/es\/wp-json\/wp\/v2\/pages"}],"about":[{"href":"https:\/\/www.winsonda.com\/es\/wp-json\/wp\/v2\/types\/page"}],"author":[{"embeddable":true,"href":"https:\/\/www.winsonda.com\/es\/wp-json\/wp\/v2\/users\/4"}],"replies":[{"embeddable":true,"href":"https:\/\/www.winsonda.com\/es\/wp-json\/wp\/v2\/comments?post=2724"}],"version-history":[{"count":5,"href":"https:\/\/www.winsonda.com\/es\/wp-json\/wp\/v2\/pages\/2724\/revisions"}],"predecessor-version":[{"id":2785,"href":"https:\/\/www.winsonda.com\/es\/wp-json\/wp\/v2\/pages\/2724\/revisions\/2785"}],"wp:attachment":[{"href":"https:\/\/www.winsonda.com\/es\/wp-json\/wp\/v2\/media?parent=2724"}],"curies":[{"name":"wp","href":"https:\/\/api.w.org\/{rel}","templated":true}]}}